{"id":6106,"date":"2025-12-01T17:42:53","date_gmt":"2025-12-01T17:42:53","guid":{"rendered":"https:\/\/ultimo.dk\/?post_type=product&#038;p=6106"},"modified":"2025-12-01T17:42:54","modified_gmt":"2025-12-01T17:42:54","slug":"mungo-utility-cloth","status":"publish","type":"product","link":"https:\/\/ultimo.dk\/en\/product\/mungo-utility-cloth\/","title":{"rendered":"Mungo Utility Cloth"},"content":{"rendered":"<p data-start=\"0\" data-end=\"122\">Tea towel woven in a traditional huck-a-back pattern, known for durability and absorbency.<br data-start=\"91\" data-end=\"94\" \/>Features a hanging hook on the corner<\/p>\n<p data-start=\"124\" data-end=\"154\">Made from linen &amp; cotton<\/p>\n<p data-start=\"156\" data-end=\"246\" data-is-last-node=\"\" data-is-only-node=\"\">Designed Woven &amp; Made in South Africa<\/p>","protected":false},"excerpt":{"rendered":"<p>K\u00f8kkenh\u00e5ndkl\u00e6de v\u00e6vet i traditionelt huck-a-back m\u00f8nster, kendt for holdbarhed og sugeevne.Har oph\u00e6ngskrog i hj\u00f8rnet. Fremstillet af h\u00f8r og bomuld Designet, v\u00e6vet og fremstillet i Sydafrika<\/p>","protected":false},"featured_media":6108,"template":"","meta":{"_uag_custom_page_level_css":"","site-sidebar-layout":"default","site-content-layout":"","ast-site-content-layout":"default","site-content-style":"default","site-sidebar-style":"default","ast-global-header-display":"","ast-banner-title-visibility":"","ast-main-header-display":"","ast-hfb-above-header-display":"","ast-hfb-below-header-display":"","ast-hfb-mobile-header-display":"","site-post-title":"","ast-breadcrumbs-content":"","ast-featured-img":"","footer-sml-layout":"","theme-transparent-header-meta":"default","adv-header-id-meta":"","stick-header-meta":"","header-above-stick-meta":"","header-main-stick-meta":"","header-below-stick-meta":"","astra-migrate-meta-layouts":"set","ast-page-background-enabled":"default","ast-page-background-meta":{"desktop":{"background-color":"","background-image":"","background-repeat":"repeat","background-position":"center center","background-size":"auto","background-attachment":"scroll","background-type":"","background-media":"","overlay-type":"","overlay-color":"","overlay-opacity":"","overlay-gradient":""},"tablet":{"background-color":"","background-image":"","background-repeat":"repeat","background-position":"center center","background-size":"auto","background-attachment":"scroll","background-type":"","background-media":"","overlay-type":"","overlay-color":"","overlay-opacity":"","overlay-gradient":""},"mobile":{"background-color":"","background-image":"","background-repeat":"repeat","background-position":"center center","background-size":"auto","background-attachment":"scroll","background-type":"","background-media":"","overlay-type":"","overlay-color":"","overlay-opacity":"","overlay-gradient":""}},"ast-content-background-meta":{"desktop":{"background-color":"var(--ast-global-color-5)","background-image":"","background-repeat":"repeat","background-position":"center center","background-size":"auto","background-attachment":"scroll","background-type":"","background-media":"","overlay-type":"","overlay-color":"","overlay-opacity":"","overlay-gradient":""},"tablet":{"background-color":"var(--ast-global-color-5)","background-image":"","background-repeat":"repeat","background-position":"center center","background-size":"auto","background-attachment":"scroll","background-type":"","background-media":"","overlay-type":"","overlay-color":"","overlay-opacity":"","overlay-gradient":""},"mobile":{"background-color":"var(--ast-global-color-5)","background-image":"","background-repeat":"repeat","background-position":"center center","background-size":"auto","background-attachment":"scroll","background-type":"","background-media":"","overlay-type":"","overlay-color":"","overlay-opacity":"","overlay-gradient":""}}},"product_brand":[],"product_cat":[170,168],"product_tag":[],"class_list":{"0":"post-6106","1":"product","2":"type-product","3":"status-publish","4":"has-post-thumbnail","6":"product_cat-mungo","7":"product_cat-featured-brands","8":"desktop-align-left","9":"tablet-align-left","10":"mobile-align-left","12":"first","13":"instock","14":"taxable","15":"shipping-taxable","16":"purchasable","17":"product-type-simple"},"uagb_featured_image_src":{"full":["https:\/\/ultimo.dk\/wp-content\/uploads\/2025\/12\/image-39.jpg",800,1000,false],"thumbnail":["https:\/\/ultimo.dk\/wp-content\/uploads\/2025\/12\/image-39-150x150.jpg",150,150,true],"medium":["https:\/\/ultimo.dk\/wp-content\/uploads\/2025\/12\/image-39-240x300.jpg",240,300,true],"medium_large":["https:\/\/ultimo.dk\/wp-content\/uploads\/2025\/12\/image-39-768x960.jpg",768,960,true],"large":["https:\/\/ultimo.dk\/wp-content\/uploads\/2025\/12\/image-39.jpg",800,1000,false],"1536x1536":["https:\/\/ultimo.dk\/wp-content\/uploads\/2025\/12\/image-39.jpg",800,1000,false],"2048x2048":["https:\/\/ultimo.dk\/wp-content\/uploads\/2025\/12\/image-39.jpg",800,1000,false],"trp-custom-language-flag":["https:\/\/ultimo.dk\/wp-content\/uploads\/2025\/12\/image-39-10x12.jpg",10,12,true],"woocommerce_thumbnail":["https:\/\/ultimo.dk\/wp-content\/uploads\/2025\/12\/image-39-300x300.jpg",300,300,true],"woocommerce_single":["https:\/\/ultimo.dk\/wp-content\/uploads\/2025\/12\/image-39-600x750.jpg",600,750,true],"woocommerce_gallery_thumbnail":["https:\/\/ultimo.dk\/wp-content\/uploads\/2025\/12\/image-39-100x100.jpg",100,100,true]},"uagb_author_info":{"display_name":"admin","author_link":"https:\/\/ultimo.dk\/en\/author\/"},"uagb_comment_info":0,"uagb_excerpt":"K\u00f8kkenh\u00e5ndkl\u00e6de v\u00e6vet i traditionelt huck-a-back m\u00f8nster, kendt for holdbarhed og sugeevne.Har oph\u00e6ngskrog i hj\u00f8rnet. Fremstillet af h\u00f8r og bomuld Designet, v\u00e6vet og fremstillet i Sydafrika","jetpack_sharing_enabled":true,"_links":{"self":[{"href":"https:\/\/ultimo.dk\/en\/wp-json\/wp\/v2\/product\/6106","targetHints":{"allow":["GET"]}}],"collection":[{"href":"https:\/\/ultimo.dk\/en\/wp-json\/wp\/v2\/product"}],"about":[{"href":"https:\/\/ultimo.dk\/en\/wp-json\/wp\/v2\/types\/product"}],"wp:featuredmedia":[{"embeddable":true,"href":"https:\/\/ultimo.dk\/en\/wp-json\/wp\/v2\/media\/6108"}],"wp:attachment":[{"href":"https:\/\/ultimo.dk\/en\/wp-json\/wp\/v2\/media?parent=6106"}],"wp:term":[{"taxonomy":"product_brand","embeddable":true,"href":"https:\/\/ultimo.dk\/en\/wp-json\/wp\/v2\/product_brand?post=6106"},{"taxonomy":"product_cat","embeddable":true,"href":"https:\/\/ultimo.dk\/en\/wp-json\/wp\/v2\/product_cat?post=6106"},{"taxonomy":"product_tag","embeddable":true,"href":"https:\/\/ultimo.dk\/en\/wp-json\/wp\/v2\/product_tag?post=6106"}],"curies":[{"name":"wp","href":"https:\/\/api.w.org\/{rel}","templated":true}]}}