{"id":6102,"date":"2025-12-01T17:40:55","date_gmt":"2025-12-01T17:40:55","guid":{"rendered":"https:\/\/ultimo.dk\/?post_type=product&#038;p=6102"},"modified":"2025-12-01T17:44:56","modified_gmt":"2025-12-01T17:44:56","slug":"mungo-artists-apron","status":"publish","type":"product","link":"https:\/\/ultimo.dk\/en\/product\/mungo-artists-apron\/","title":{"rendered":"Mungo Artist&#8217;s Apron"},"content":{"rendered":"<p data-start=\"0\" data-end=\"145\">Stylish workwear apron woven from fine linen threads at Mungo Mill.<br data-start=\"63\" data-end=\"66\" \/>Versatile and easy to slip on or off, suitable for the studio, workroom, or garden.<\/p>\n<p data-start=\"147\" data-end=\"172\">Made from 100% linen<\/p>\n<p data-start=\"174\" data-end=\"190\">Length: 100 cm<\/p>\n<p data-start=\"192\" data-end=\"236\">Designed Woven &amp; Made in South Africa<\/p>","protected":false},"excerpt":{"rendered":"<p>Stilfuldt arbejdsforkl\u00e6de v\u00e6vet af fine h\u00f8rtr\u00e5de p\u00e5 Mungo Mill.Alsidigt og nemt at tage p\u00e5 og af, velegnet til atelier, v\u00e6rksted eller have. Fremstillet af 100% h\u00f8r L\u00e6ngde: 100 cm Designet, v\u00e6vet og fremstillet i Sydafrika<\/p>","protected":false},"featured_media":6103,"template":"","meta":{"_uag_custom_page_level_css":"","site-sidebar-layout":"default","site-content-layout":"","ast-site-content-layout":"default","site-content-style":"default","site-sidebar-style":"default","ast-global-header-display":"","ast-banner-title-visibility":"","ast-main-header-display":"","ast-hfb-above-header-display":"","ast-hfb-below-header-display":"","ast-hfb-mobile-header-display":"","site-post-title":"","ast-breadcrumbs-content":"","ast-featured-img":"","footer-sml-layout":"","theme-transparent-header-meta":"default","adv-header-id-meta":"","stick-header-meta":"","header-above-stick-meta":"","header-main-stick-meta":"","header-below-stick-meta":"","astra-migrate-meta-layouts":"set","ast-page-background-enabled":"default","ast-page-background-meta":{"desktop":{"background-color":"","background-image":"","background-repeat":"repeat","background-position":"center center","background-size":"auto","background-attachment":"scroll","background-type":"","background-media":"","overlay-type":"","overlay-color":"","overlay-opacity":"","overlay-gradient":""},"tablet":{"background-color":"","background-image":"","background-repeat":"repeat","background-position":"center center","background-size":"auto","background-attachment":"scroll","background-type":"","background-media":"","overlay-type":"","overlay-color":"","overlay-opacity":"","overlay-gradient":""},"mobile":{"background-color":"","background-image":"","background-repeat":"repeat","background-position":"center center","background-size":"auto","background-attachment":"scroll","background-type":"","background-media":"","overlay-type":"","overlay-color":"","overlay-opacity":"","overlay-gradient":""}},"ast-content-background-meta":{"desktop":{"background-color":"var(--ast-global-color-5)","background-image":"","background-repeat":"repeat","background-position":"center center","background-size":"auto","background-attachment":"scroll","background-type":"","background-media":"","overlay-type":"","overlay-color":"","overlay-opacity":"","overlay-gradient":""},"tablet":{"background-color":"var(--ast-global-color-5)","background-image":"","background-repeat":"repeat","background-position":"center center","background-size":"auto","background-attachment":"scroll","background-type":"","background-media":"","overlay-type":"","overlay-color":"","overlay-opacity":"","overlay-gradient":""},"mobile":{"background-color":"var(--ast-global-color-5)","background-image":"","background-repeat":"repeat","background-position":"center center","background-size":"auto","background-attachment":"scroll","background-type":"","background-media":"","overlay-type":"","overlay-color":"","overlay-opacity":"","overlay-gradient":""}}},"product_brand":[],"product_cat":[170,168],"product_tag":[],"class_list":{"0":"post-6102","1":"product","2":"type-product","3":"status-publish","4":"has-post-thumbnail","6":"product_cat-mungo","7":"product_cat-featured-brands","8":"desktop-align-left","9":"tablet-align-left","10":"mobile-align-left","12":"first","13":"instock","14":"taxable","15":"shipping-taxable","16":"purchasable","17":"product-type-simple"},"uagb_featured_image_src":{"full":["https:\/\/ultimo.dk\/wp-content\/uploads\/2025\/12\/image-27.jpg",800,1000,false],"thumbnail":["https:\/\/ultimo.dk\/wp-content\/uploads\/2025\/12\/image-27-150x150.jpg",150,150,true],"medium":["https:\/\/ultimo.dk\/wp-content\/uploads\/2025\/12\/image-27-240x300.jpg",240,300,true],"medium_large":["https:\/\/ultimo.dk\/wp-content\/uploads\/2025\/12\/image-27-768x960.jpg",768,960,true],"large":["https:\/\/ultimo.dk\/wp-content\/uploads\/2025\/12\/image-27.jpg",800,1000,false],"1536x1536":["https:\/\/ultimo.dk\/wp-content\/uploads\/2025\/12\/image-27.jpg",800,1000,false],"2048x2048":["https:\/\/ultimo.dk\/wp-content\/uploads\/2025\/12\/image-27.jpg",800,1000,false],"trp-custom-language-flag":["https:\/\/ultimo.dk\/wp-content\/uploads\/2025\/12\/image-27-10x12.jpg",10,12,true],"woocommerce_thumbnail":["https:\/\/ultimo.dk\/wp-content\/uploads\/2025\/12\/image-27-300x300.jpg",300,300,true],"woocommerce_single":["https:\/\/ultimo.dk\/wp-content\/uploads\/2025\/12\/image-27-600x750.jpg",600,750,true],"woocommerce_gallery_thumbnail":["https:\/\/ultimo.dk\/wp-content\/uploads\/2025\/12\/image-27-100x100.jpg",100,100,true]},"uagb_author_info":{"display_name":"admin","author_link":"https:\/\/ultimo.dk\/en\/author\/"},"uagb_comment_info":0,"uagb_excerpt":"Stilfuldt arbejdsforkl\u00e6de v\u00e6vet af fine h\u00f8rtr\u00e5de p\u00e5 Mungo Mill.Alsidigt og nemt at tage p\u00e5 og af, velegnet til atelier, v\u00e6rksted eller have. Fremstillet af 100% h\u00f8r L\u00e6ngde: 100 cm Designet, v\u00e6vet og fremstillet i Sydafrika","jetpack_sharing_enabled":true,"_links":{"self":[{"href":"https:\/\/ultimo.dk\/en\/wp-json\/wp\/v2\/product\/6102","targetHints":{"allow":["GET"]}}],"collection":[{"href":"https:\/\/ultimo.dk\/en\/wp-json\/wp\/v2\/product"}],"about":[{"href":"https:\/\/ultimo.dk\/en\/wp-json\/wp\/v2\/types\/product"}],"wp:featuredmedia":[{"embeddable":true,"href":"https:\/\/ultimo.dk\/en\/wp-json\/wp\/v2\/media\/6103"}],"wp:attachment":[{"href":"https:\/\/ultimo.dk\/en\/wp-json\/wp\/v2\/media?parent=6102"}],"wp:term":[{"taxonomy":"product_brand","embeddable":true,"href":"https:\/\/ultimo.dk\/en\/wp-json\/wp\/v2\/product_brand?post=6102"},{"taxonomy":"product_cat","embeddable":true,"href":"https:\/\/ultimo.dk\/en\/wp-json\/wp\/v2\/product_cat?post=6102"},{"taxonomy":"product_tag","embeddable":true,"href":"https:\/\/ultimo.dk\/en\/wp-json\/wp\/v2\/product_tag?post=6102"}],"curies":[{"name":"wp","href":"https:\/\/api.w.org\/{rel}","templated":true}]}}