{"id":6099,"date":"2025-12-01T17:37:39","date_gmt":"2025-12-01T17:37:39","guid":{"rendered":"https:\/\/ultimo.dk\/?post_type=product&#038;p=6099"},"modified":"2025-12-01T19:39:50","modified_gmt":"2025-12-01T19:39:50","slug":"matka-canvas-maxi-skirt-ufarvet","status":"publish","type":"product","link":"https:\/\/ultimo.dk\/en\/product\/matka-canvas-maxi-skirt-ufarvet\/","title":{"rendered":"MATKA Canvas Maxi Skirt"},"content":{"rendered":"<p data-start=\"0\" data-end=\"164\">100% cotton with a hand-carved, hand-polished water buffalo bone button.<br data-start=\"67\" data-end=\"70\" \/>Elasticated waist. Button fly.\u00a0 Four large belt loops. Flat felled seams.<\/p>\n<p data-start=\"166\" data-end=\"216\">Measurements (cm):<br data-start=\"175\" data-end=\"178\" \/>Waist: 35<br data-start=\"187\" data-end=\"190\" data-is-only-node=\"\" \/>Hips: Free<br data-start=\"201\" data-end=\"204\" \/>Length: 86<\/p>\n<p data-start=\"218\" data-end=\"297\" data-is-last-node=\"\" data-is-only-node=\"\">Hand cut and stitched in Kathmandu, Nepal.<br data-start=\"256\" data-end=\"259\" \/>Machine wash cold with mild detergent.<\/p>","protected":false},"excerpt":{"rendered":"<p>100% bomuld med en h\u00e5ndsk\u00e5ret og h\u00e5ndpoleret knap af vandb\u00f8ffelben.Elastisk talje, knaplukning foran, fire store b\u00e6ltestropper og flade s\u00f8mme.To sidelommer. M\u00e5l (cm):Talje: 35Hofter: FriL\u00e6ngde: 86 H\u00e5ndsk\u00e5ret og syet i Kathmandu, Nepal.Maskinvask kold med mildt vaskemiddel.<\/p>","protected":false},"featured_media":6100,"template":"","meta":{"_uag_custom_page_level_css":"","site-sidebar-layout":"default","site-content-layout":"","ast-site-content-layout":"default","site-content-style":"default","site-sidebar-style":"default","ast-global-header-display":"","ast-banner-title-visibility":"","ast-main-header-display":"","ast-hfb-above-header-display":"","ast-hfb-below-header-display":"","ast-hfb-mobile-header-display":"","site-post-title":"","ast-breadcrumbs-content":"","ast-featured-img":"","footer-sml-layout":"","theme-transparent-header-meta":"default","adv-header-id-meta":"","stick-header-meta":"","header-above-stick-meta":"","header-main-stick-meta":"","header-below-stick-meta":"","astra-migrate-meta-layouts":"set","ast-page-background-enabled":"default","ast-page-background-meta":{"desktop":{"background-color":"","background-image":"","background-repeat":"repeat","background-position":"center center","background-size":"auto","background-attachment":"scroll","background-type":"","background-media":"","overlay-type":"","overlay-color":"","overlay-opacity":"","overlay-gradient":""},"tablet":{"background-color":"","background-image":"","background-repeat":"repeat","background-position":"center center","background-size":"auto","background-attachment":"scroll","background-type":"","background-media":"","overlay-type":"","overlay-color":"","overlay-opacity":"","overlay-gradient":""},"mobile":{"background-color":"","background-image":"","background-repeat":"repeat","background-position":"center center","background-size":"auto","background-attachment":"scroll","background-type":"","background-media":"","overlay-type":"","overlay-color":"","overlay-opacity":"","overlay-gradient":""}},"ast-content-background-meta":{"desktop":{"background-color":"var(--ast-global-color-5)","background-image":"","background-repeat":"repeat","background-position":"center center","background-size":"auto","background-attachment":"scroll","background-type":"","background-media":"","overlay-type":"","overlay-color":"","overlay-opacity":"","overlay-gradient":""},"tablet":{"background-color":"var(--ast-global-color-5)","background-image":"","background-repeat":"repeat","background-position":"center center","background-size":"auto","background-attachment":"scroll","background-type":"","background-media":"","overlay-type":"","overlay-color":"","overlay-opacity":"","overlay-gradient":""},"mobile":{"background-color":"var(--ast-global-color-5)","background-image":"","background-repeat":"repeat","background-position":"center center","background-size":"auto","background-attachment":"scroll","background-type":"","background-media":"","overlay-type":"","overlay-color":"","overlay-opacity":"","overlay-gradient":""}}},"product_brand":[],"product_cat":[169,168],"product_tag":[],"class_list":{"0":"post-6099","1":"product","2":"type-product","3":"status-publish","4":"has-post-thumbnail","6":"product_cat-matka","7":"product_cat-featured-brands","8":"desktop-align-left","9":"tablet-align-left","10":"mobile-align-left","12":"first","13":"instock","14":"taxable","15":"shipping-taxable","16":"purchasable","17":"product-type-simple"},"uagb_featured_image_src":{"full":["https:\/\/ultimo.dk\/wp-content\/uploads\/2025\/12\/image-25.jpg",887,1200,false],"thumbnail":["https:\/\/ultimo.dk\/wp-content\/uploads\/2025\/12\/image-25-150x150.jpg",150,150,true],"medium":["https:\/\/ultimo.dk\/wp-content\/uploads\/2025\/12\/image-25-222x300.jpg",222,300,true],"medium_large":["https:\/\/ultimo.dk\/wp-content\/uploads\/2025\/12\/image-25-768x1039.jpg",768,1039,true],"large":["https:\/\/ultimo.dk\/wp-content\/uploads\/2025\/12\/image-25-757x1024.jpg",757,1024,true],"1536x1536":["https:\/\/ultimo.dk\/wp-content\/uploads\/2025\/12\/image-25.jpg",887,1200,false],"2048x2048":["https:\/\/ultimo.dk\/wp-content\/uploads\/2025\/12\/image-25.jpg",887,1200,false],"trp-custom-language-flag":["https:\/\/ultimo.dk\/wp-content\/uploads\/2025\/12\/image-25-9x12.jpg",9,12,true],"woocommerce_thumbnail":["https:\/\/ultimo.dk\/wp-content\/uploads\/2025\/12\/image-25-300x300.jpg",300,300,true],"woocommerce_single":["https:\/\/ultimo.dk\/wp-content\/uploads\/2025\/12\/image-25-600x812.jpg",600,812,true],"woocommerce_gallery_thumbnail":["https:\/\/ultimo.dk\/wp-content\/uploads\/2025\/12\/image-25-100x100.jpg",100,100,true]},"uagb_author_info":{"display_name":"admin","author_link":"https:\/\/ultimo.dk\/en\/author\/"},"uagb_comment_info":0,"uagb_excerpt":"100% bomuld med en h\u00e5ndsk\u00e5ret og h\u00e5ndpoleret knap af vandb\u00f8ffelben.Elastisk talje, knaplukning foran, fire store b\u00e6ltestropper og flade s\u00f8mme.To sidelommer. M\u00e5l (cm):Talje: 35Hofter: FriL\u00e6ngde: 86 H\u00e5ndsk\u00e5ret og syet i Kathmandu, Nepal.Maskinvask kold med mildt vaskemiddel.","jetpack_sharing_enabled":true,"_links":{"self":[{"href":"https:\/\/ultimo.dk\/en\/wp-json\/wp\/v2\/product\/6099","targetHints":{"allow":["GET"]}}],"collection":[{"href":"https:\/\/ultimo.dk\/en\/wp-json\/wp\/v2\/product"}],"about":[{"href":"https:\/\/ultimo.dk\/en\/wp-json\/wp\/v2\/types\/product"}],"wp:featuredmedia":[{"embeddable":true,"href":"https:\/\/ultimo.dk\/en\/wp-json\/wp\/v2\/media\/6100"}],"wp:attachment":[{"href":"https:\/\/ultimo.dk\/en\/wp-json\/wp\/v2\/media?parent=6099"}],"wp:term":[{"taxonomy":"product_brand","embeddable":true,"href":"https:\/\/ultimo.dk\/en\/wp-json\/wp\/v2\/product_brand?post=6099"},{"taxonomy":"product_cat","embeddable":true,"href":"https:\/\/ultimo.dk\/en\/wp-json\/wp\/v2\/product_cat?post=6099"},{"taxonomy":"product_tag","embeddable":true,"href":"https:\/\/ultimo.dk\/en\/wp-json\/wp\/v2\/product_tag?post=6099"}],"curies":[{"name":"wp","href":"https:\/\/api.w.org\/{rel}","templated":true}]}}