{"id":6094,"date":"2025-12-01T17:32:44","date_gmt":"2025-12-01T17:32:44","guid":{"rendered":"https:\/\/ultimo.dk\/?post_type=product&#038;p=6094"},"modified":"2025-12-01T19:37:28","modified_gmt":"2025-12-01T19:37:28","slug":"canvas-fishermans-smock-ufarvet","status":"publish","type":"product","link":"https:\/\/ultimo.dk\/en\/product\/canvas-fishermans-smock-ufarvet\/","title":{"rendered":"MATKA Canvas Fisherman&#8217;s Smock"},"content":{"rendered":"<p data-start=\"33\" data-end=\"172\">100% cotton with a hand-carved, hand-polished water buffalo bone button.<br data-start=\"100\" data-end=\"103\" \/>Features eight pockets: three front, three back, and two inside chest patch pockets.<\/p>\n<p data-start=\"174\" data-end=\"351\">One size, comfortable boxy fit.<br data-start=\"209\" data-end=\"212\" \/>Inside button fastening follows the original Sailor\u2019s Smock design to prevent accidents while sailing.\u2028<br data-start=\"315\" data-end=\"318\" \/>Reversible design to be worn inside out.<\/p>\n<p data-start=\"353\" data-end=\"413\">Measurements (cm):<br data-start=\"368\" data-end=\"371\" \/>Width: 66<br data-start=\"381\" data-end=\"384\" \/>Sleeve: 69<br data-start=\"398\" data-end=\"401\" \/>Length: 60<\/p>\n<p data-start=\"415\" data-end=\"565\" data-is-last-node=\"\" data-is-only-node=\"\">Hand cut and stitched in Kathmandu, Nepal.<br data-start=\"483\" data-end=\"486\" \/>Machine wash cold with mild detergent.<\/p>","protected":false},"excerpt":{"rendered":"<p>100% bomuld med en h\u00e5ndsk\u00e5ret og h\u00e5ndpoleret knap af vandb\u00f8ffelben.Har otte lommer: tre foran, tre bagp\u00e5 og to indvendige brystlommer. One size, komfortabel boxy pasform.Indvendig knaplukning f\u00f8lger det oprindelige s\u00f8mandssm\u00e6k-design for at forhindre ulykker under sejlads.Kan vendes og b\u00e6res p\u00e5 vrangen. M\u00e5l (cm):Bredde: 66\u00c6rmel\u00e6ngde: 69L\u00e6ngde: 60 H\u00e5ndsk\u00e5ret og syet i Kathmandu, Nepal.Maskinvask kold med mildt [&hellip;]<\/p>\n","protected":false},"featured_media":6097,"template":"","meta":{"_uag_custom_page_level_css":"","site-sidebar-layout":"default","site-content-layout":"","ast-site-content-layout":"default","site-content-style":"default","site-sidebar-style":"default","ast-global-header-display":"","ast-banner-title-visibility":"","ast-main-header-display":"","ast-hfb-above-header-display":"","ast-hfb-below-header-display":"","ast-hfb-mobile-header-display":"","site-post-title":"","ast-breadcrumbs-content":"","ast-featured-img":"","footer-sml-layout":"","theme-transparent-header-meta":"default","adv-header-id-meta":"","stick-header-meta":"","header-above-stick-meta":"","header-main-stick-meta":"","header-below-stick-meta":"","astra-migrate-meta-layouts":"set","ast-page-background-enabled":"default","ast-page-background-meta":{"desktop":{"background-color":"","background-image":"","background-repeat":"repeat","background-position":"center center","background-size":"auto","background-attachment":"scroll","background-type":"","background-media":"","overlay-type":"","overlay-color":"","overlay-opacity":"","overlay-gradient":""},"tablet":{"background-color":"","background-image":"","background-repeat":"repeat","background-position":"center center","background-size":"auto","background-attachment":"scroll","background-type":"","background-media":"","overlay-type":"","overlay-color":"","overlay-opacity":"","overlay-gradient":""},"mobile":{"background-color":"","background-image":"","background-repeat":"repeat","background-position":"center center","background-size":"auto","background-attachment":"scroll","background-type":"","background-media":"","overlay-type":"","overlay-color":"","overlay-opacity":"","overlay-gradient":""}},"ast-content-background-meta":{"desktop":{"background-color":"var(--ast-global-color-5)","background-image":"","background-repeat":"repeat","background-position":"center center","background-size":"auto","background-attachment":"scroll","background-type":"","background-media":"","overlay-type":"","overlay-color":"","overlay-opacity":"","overlay-gradient":""},"tablet":{"background-color":"var(--ast-global-color-5)","background-image":"","background-repeat":"repeat","background-position":"center center","background-size":"auto","background-attachment":"scroll","background-type":"","background-media":"","overlay-type":"","overlay-color":"","overlay-opacity":"","overlay-gradient":""},"mobile":{"background-color":"var(--ast-global-color-5)","background-image":"","background-repeat":"repeat","background-position":"center center","background-size":"auto","background-attachment":"scroll","background-type":"","background-media":"","overlay-type":"","overlay-color":"","overlay-opacity":"","overlay-gradient":""}}},"product_brand":[],"product_cat":[169,168],"product_tag":[],"class_list":{"0":"post-6094","1":"product","2":"type-product","3":"status-publish","4":"has-post-thumbnail","6":"product_cat-matka","7":"product_cat-featured-brands","8":"desktop-align-left","9":"tablet-align-left","10":"mobile-align-left","12":"first","13":"instock","14":"taxable","15":"shipping-taxable","16":"purchasable","17":"product-type-simple"},"uagb_featured_image_src":{"full":["https:\/\/ultimo.dk\/wp-content\/uploads\/2025\/12\/image-23.jpg",1200,1637,false],"thumbnail":["https:\/\/ultimo.dk\/wp-content\/uploads\/2025\/12\/image-23-150x150.jpg",150,150,true],"medium":["https:\/\/ultimo.dk\/wp-content\/uploads\/2025\/12\/image-23-220x300.jpg",220,300,true],"medium_large":["https:\/\/ultimo.dk\/wp-content\/uploads\/2025\/12\/image-23-768x1048.jpg",768,1048,true],"large":["https:\/\/ultimo.dk\/wp-content\/uploads\/2025\/12\/image-23-751x1024.jpg",751,1024,true],"1536x1536":["https:\/\/ultimo.dk\/wp-content\/uploads\/2025\/12\/image-23-1126x1536.jpg",1126,1536,true],"2048x2048":["https:\/\/ultimo.dk\/wp-content\/uploads\/2025\/12\/image-23.jpg",1200,1637,false],"trp-custom-language-flag":["https:\/\/ultimo.dk\/wp-content\/uploads\/2025\/12\/image-23-9x12.jpg",9,12,true],"woocommerce_thumbnail":["https:\/\/ultimo.dk\/wp-content\/uploads\/2025\/12\/image-23-300x300.jpg",300,300,true],"woocommerce_single":["https:\/\/ultimo.dk\/wp-content\/uploads\/2025\/12\/image-23-600x819.jpg",600,819,true],"woocommerce_gallery_thumbnail":["https:\/\/ultimo.dk\/wp-content\/uploads\/2025\/12\/image-23-100x100.jpg",100,100,true]},"uagb_author_info":{"display_name":"admin","author_link":"https:\/\/ultimo.dk\/en\/author\/"},"uagb_comment_info":0,"uagb_excerpt":"100% bomuld med en h\u00e5ndsk\u00e5ret og h\u00e5ndpoleret knap af vandb\u00f8ffelben.Har otte lommer: tre foran, tre bagp\u00e5 og to indvendige brystlommer. One size, komfortabel boxy pasform.Indvendig knaplukning f\u00f8lger det oprindelige s\u00f8mandssm\u00e6k-design for at forhindre ulykker under sejlads.Kan vendes og b\u00e6res p\u00e5 vrangen. M\u00e5l (cm):Bredde: 66\u00c6rmel\u00e6ngde: 69L\u00e6ngde: 60 H\u00e5ndsk\u00e5ret og syet i Kathmandu, Nepal.Maskinvask kold med mildt&hellip;","jetpack_sharing_enabled":true,"_links":{"self":[{"href":"https:\/\/ultimo.dk\/en\/wp-json\/wp\/v2\/product\/6094","targetHints":{"allow":["GET"]}}],"collection":[{"href":"https:\/\/ultimo.dk\/en\/wp-json\/wp\/v2\/product"}],"about":[{"href":"https:\/\/ultimo.dk\/en\/wp-json\/wp\/v2\/types\/product"}],"wp:featuredmedia":[{"embeddable":true,"href":"https:\/\/ultimo.dk\/en\/wp-json\/wp\/v2\/media\/6097"}],"wp:attachment":[{"href":"https:\/\/ultimo.dk\/en\/wp-json\/wp\/v2\/media?parent=6094"}],"wp:term":[{"taxonomy":"product_brand","embeddable":true,"href":"https:\/\/ultimo.dk\/en\/wp-json\/wp\/v2\/product_brand?post=6094"},{"taxonomy":"product_cat","embeddable":true,"href":"https:\/\/ultimo.dk\/en\/wp-json\/wp\/v2\/product_cat?post=6094"},{"taxonomy":"product_tag","embeddable":true,"href":"https:\/\/ultimo.dk\/en\/wp-json\/wp\/v2\/product_tag?post=6094"}],"curies":[{"name":"wp","href":"https:\/\/api.w.org\/{rel}","templated":true}]}}