{"id":6031,"date":"2025-08-28T15:27:45","date_gmt":"2025-08-28T15:27:45","guid":{"rendered":"https:\/\/ultimo.dk\/?post_type=product&#038;p=6031"},"modified":"2025-12-15T19:46:24","modified_gmt":"2025-12-15T19:46:24","slug":"rikke-falkow-o-ring-baelte","status":"publish","type":"product","link":"https:\/\/ultimo.dk\/en\/product\/rikke-falkow-o-ring-baelte\/","title":{"rendered":"RIKKE FALKOW O-Ring Belt"},"content":{"rendered":"<p>RIKKE FALKOW O-ring belts are handcrafted from the highest-quality vegetable-tanned leather. The buckle is made of solid brass with a matte nickel finish. The belts are available in black, natural, and dark brown full-grain leather, in both a narrow and a wide version. The leather becomes softer with use and develops a beautiful patina over time.<\/p>\n<p>The simple and minimalist design is timeless and stylish.<\/p>","protected":false},"excerpt":{"rendered":"<p>RIKKE FALKOW O-Ring b\u00e6lter er h\u00e5ndlavede i vegetabilsk garvet l\u00e6der af h\u00f8jeste kvalitet. Sp\u00e6nde i matforniklet massiv messing. B\u00e6lterne f\u00e5s i sort, naturfarvet og m\u00f8rkebrunt kernel\u00e6der i en smal og en bred version. L\u00e6deret bliver bl\u00f8dere ved brug og patineres smukt. Det enkle og minimalistiske design er tidl\u00f8st og stilfuldt.<\/p>","protected":false},"featured_media":5748,"template":"","meta":{"_uag_custom_page_level_css":"","site-sidebar-layout":"default","site-content-layout":"default","ast-site-content-layout":"default","site-content-style":"default","site-sidebar-style":"default","ast-global-header-display":"","ast-banner-title-visibility":"","ast-main-header-display":"","ast-hfb-above-header-display":"","ast-hfb-below-header-display":"","ast-hfb-mobile-header-display":"","site-post-title":"","ast-breadcrumbs-content":"","ast-featured-img":"","footer-sml-layout":"","theme-transparent-header-meta":"default","adv-header-id-meta":"","stick-header-meta":"","header-above-stick-meta":"","header-main-stick-meta":"","header-below-stick-meta":"","astra-migrate-meta-layouts":"set","ast-page-background-enabled":"default","ast-page-background-meta":{"desktop":{"background-color":"","background-image":"","background-repeat":"repeat","background-position":"center center","background-size":"auto","background-attachment":"scroll","background-type":"","background-media":"","overlay-type":"","overlay-color":"","overlay-opacity":"","overlay-gradient":""},"tablet":{"background-color":"","background-image":"","background-repeat":"repeat","background-position":"center center","background-size":"auto","background-attachment":"scroll","background-type":"","background-media":"","overlay-type":"","overlay-color":"","overlay-opacity":"","overlay-gradient":""},"mobile":{"background-color":"","background-image":"","background-repeat":"repeat","background-position":"center center","background-size":"auto","background-attachment":"scroll","background-type":"","background-media":"","overlay-type":"","overlay-color":"","overlay-opacity":"","overlay-gradient":""}},"ast-content-background-meta":{"desktop":{"background-color":"var(--ast-global-color-5)","background-image":"","background-repeat":"repeat","background-position":"center center","background-size":"auto","background-attachment":"scroll","background-type":"","background-media":"","overlay-type":"","overlay-color":"","overlay-opacity":"","overlay-gradient":""},"tablet":{"background-color":"var(--ast-global-color-5)","background-image":"","background-repeat":"repeat","background-position":"center center","background-size":"auto","background-attachment":"scroll","background-type":"","background-media":"","overlay-type":"","overlay-color":"","overlay-opacity":"","overlay-gradient":""},"mobile":{"background-color":"var(--ast-global-color-5)","background-image":"","background-repeat":"repeat","background-position":"center center","background-size":"auto","background-attachment":"scroll","background-type":"","background-media":"","overlay-type":"","overlay-color":"","overlay-opacity":"","overlay-gradient":""}}},"product_brand":[],"product_cat":[42,50],"product_tag":[],"class_list":{"0":"post-6031","1":"product","2":"type-product","3":"status-publish","4":"has-post-thumbnail","6":"product_cat-rikke-falkow-belts","7":"product_cat-shop-rikke-falkow","8":"desktop-align-left","9":"tablet-align-left","10":"mobile-align-left","12":"first","13":"instock","14":"taxable","15":"shipping-taxable","16":"purchasable","17":"product-type-variable"},"uagb_featured_image_src":{"full":["https:\/\/ultimo.dk\/wp-content\/uploads\/2025\/08\/Frame-29.png",1500,1175,false],"thumbnail":["https:\/\/ultimo.dk\/wp-content\/uploads\/2025\/08\/Frame-29-150x150.png",150,150,true],"medium":["https:\/\/ultimo.dk\/wp-content\/uploads\/2025\/08\/Frame-29-300x235.png",300,235,true],"medium_large":["https:\/\/ultimo.dk\/wp-content\/uploads\/2025\/08\/Frame-29-768x602.png",768,602,true],"large":["https:\/\/ultimo.dk\/wp-content\/uploads\/2025\/08\/Frame-29-1024x802.png",1024,802,true],"1536x1536":["https:\/\/ultimo.dk\/wp-content\/uploads\/2025\/08\/Frame-29.png",1500,1175,false],"2048x2048":["https:\/\/ultimo.dk\/wp-content\/uploads\/2025\/08\/Frame-29.png",1500,1175,false],"trp-custom-language-flag":["https:\/\/ultimo.dk\/wp-content\/uploads\/2025\/08\/Frame-29-15x12.png",15,12,true],"woocommerce_thumbnail":["https:\/\/ultimo.dk\/wp-content\/uploads\/2025\/08\/Frame-29-300x300.png",300,300,true],"woocommerce_single":["https:\/\/ultimo.dk\/wp-content\/uploads\/2025\/08\/Frame-29-600x470.png",600,470,true],"woocommerce_gallery_thumbnail":["https:\/\/ultimo.dk\/wp-content\/uploads\/2025\/08\/Frame-29-100x100.png",100,100,true]},"uagb_author_info":{"display_name":"admin","author_link":"https:\/\/ultimo.dk\/en\/author\/"},"uagb_comment_info":0,"uagb_excerpt":"RIKKE FALKOW O-Ring b\u00e6lter er h\u00e5ndlavede i vegetabilsk garvet l\u00e6der af h\u00f8jeste kvalitet. Sp\u00e6nde i matforniklet massiv messing. B\u00e6lterne f\u00e5s i sort, naturfarvet og m\u00f8rkebrunt kernel\u00e6der i en smal og en bred version. L\u00e6deret bliver bl\u00f8dere ved brug og patineres smukt. Det enkle og minimalistiske design er tidl\u00f8st og stilfuldt.","jetpack_sharing_enabled":true,"_links":{"self":[{"href":"https:\/\/ultimo.dk\/en\/wp-json\/wp\/v2\/product\/6031","targetHints":{"allow":["GET"]}}],"collection":[{"href":"https:\/\/ultimo.dk\/en\/wp-json\/wp\/v2\/product"}],"about":[{"href":"https:\/\/ultimo.dk\/en\/wp-json\/wp\/v2\/types\/product"}],"wp:featuredmedia":[{"embeddable":true,"href":"https:\/\/ultimo.dk\/en\/wp-json\/wp\/v2\/media\/5748"}],"wp:attachment":[{"href":"https:\/\/ultimo.dk\/en\/wp-json\/wp\/v2\/media?parent=6031"}],"wp:term":[{"taxonomy":"product_brand","embeddable":true,"href":"https:\/\/ultimo.dk\/en\/wp-json\/wp\/v2\/product_brand?post=6031"},{"taxonomy":"product_cat","embeddable":true,"href":"https:\/\/ultimo.dk\/en\/wp-json\/wp\/v2\/product_cat?post=6031"},{"taxonomy":"product_tag","embeddable":true,"href":"https:\/\/ultimo.dk\/en\/wp-json\/wp\/v2\/product_tag?post=6031"}],"curies":[{"name":"wp","href":"https:\/\/api.w.org\/{rel}","templated":true}]}}