{"id":5969,"date":"2025-08-28T14:12:52","date_gmt":"2025-08-28T14:12:52","guid":{"rendered":"https:\/\/ultimo.dk\/?post_type=product&#038;p=5969"},"modified":"2025-11-16T13:33:05","modified_gmt":"2025-11-16T13:33:05","slug":"rikke-falkow-aaben-taa-traesko-natur","status":"publish","type":"product","link":"https:\/\/ultimo.dk\/en\/product\/rikke-falkow-aaben-taa-traesko-natur\/","title":{"rendered":"RIKKE FALKOW Clogs Open-toe Nature"},"content":{"rendered":"<p>Klassiske tr\u00e6sko med \u00e5ben t\u00e5 i lys kernel\u00e6der.<\/p>\n<p>RIKKE FALKOW Tr\u00e6sko er lavet med vegetabilsk garvet l\u00e6der, uden syntetiske bel\u00e6gninger.<\/p>\n<p>Ved brug bliver l\u00e6deret bl\u00f8dere og med tiden vil skoene udvikle en smuk og unik patinering. Dette er et udtryk for l\u00e6derets kvalitet og de naturlige forarbejdningsprocesser, og det giver skoene karakter og personlighed.<\/p>","protected":false},"excerpt":{"rendered":"<p>Klassiske tr\u00e6sko med \u00e5ben t\u00e5 i lys kernel\u00e6der. RIKKE FALKOW Tr\u00e6sko er lavet med vegetabilsk garvet l\u00e6der, uden syntetiske bel\u00e6gninger. Ved brug bliver l\u00e6deret bl\u00f8dere og med tiden vil skoene udvikle en smuk og unik patinering. Dette er et udtryk for l\u00e6derets kvalitet og de naturlige forarbejdningsprocesser, og det giver skoene karakter og personlighed.<\/p>","protected":false},"featured_media":5983,"template":"","meta":{"_uag_custom_page_level_css":"","site-sidebar-layout":"default","site-content-layout":"default","ast-site-content-layout":"default","site-content-style":"default","site-sidebar-style":"default","ast-global-header-display":"","ast-banner-title-visibility":"","ast-main-header-display":"","ast-hfb-above-header-display":"","ast-hfb-below-header-display":"","ast-hfb-mobile-header-display":"","site-post-title":"","ast-breadcrumbs-content":"","ast-featured-img":"","footer-sml-layout":"","theme-transparent-header-meta":"default","adv-header-id-meta":"","stick-header-meta":"","header-above-stick-meta":"","header-main-stick-meta":"","header-below-stick-meta":"","astra-migrate-meta-layouts":"set","ast-page-background-enabled":"default","ast-page-background-meta":{"desktop":{"background-color":"","background-image":"","background-repeat":"repeat","background-position":"center center","background-size":"auto","background-attachment":"scroll","background-type":"","background-media":"","overlay-type":"","overlay-color":"","overlay-opacity":"","overlay-gradient":""},"tablet":{"background-color":"","background-image":"","background-repeat":"repeat","background-position":"center center","background-size":"auto","background-attachment":"scroll","background-type":"","background-media":"","overlay-type":"","overlay-color":"","overlay-opacity":"","overlay-gradient":""},"mobile":{"background-color":"","background-image":"","background-repeat":"repeat","background-position":"center center","background-size":"auto","background-attachment":"scroll","background-type":"","background-media":"","overlay-type":"","overlay-color":"","overlay-opacity":"","overlay-gradient":""}},"ast-content-background-meta":{"desktop":{"background-color":"var(--ast-global-color-5)","background-image":"","background-repeat":"repeat","background-position":"center center","background-size":"auto","background-attachment":"scroll","background-type":"","background-media":"","overlay-type":"","overlay-color":"","overlay-opacity":"","overlay-gradient":""},"tablet":{"background-color":"var(--ast-global-color-5)","background-image":"","background-repeat":"repeat","background-position":"center center","background-size":"auto","background-attachment":"scroll","background-type":"","background-media":"","overlay-type":"","overlay-color":"","overlay-opacity":"","overlay-gradient":""},"mobile":{"background-color":"var(--ast-global-color-5)","background-image":"","background-repeat":"repeat","background-position":"center center","background-size":"auto","background-attachment":"scroll","background-type":"","background-media":"","overlay-type":"","overlay-color":"","overlay-opacity":"","overlay-gradient":""}}},"product_brand":[],"product_cat":[39,50],"product_tag":[],"class_list":{"0":"post-5969","1":"product","2":"type-product","3":"status-publish","4":"has-post-thumbnail","6":"product_cat-rikke-falkow-clogs","7":"product_cat-shop-rikke-falkow","8":"desktop-align-left","9":"tablet-align-left","10":"mobile-align-left","12":"first","13":"instock","14":"taxable","15":"shipping-taxable","16":"purchasable","17":"product-type-variable"},"uagb_featured_image_src":{"full":["https:\/\/ultimo.dk\/wp-content\/uploads\/2025\/08\/RIKKE_FALKOW_20230929_009_lowres-1.jpeg",1500,1500,false],"thumbnail":["https:\/\/ultimo.dk\/wp-content\/uploads\/2025\/08\/RIKKE_FALKOW_20230929_009_lowres-1-150x150.jpeg",150,150,true],"medium":["https:\/\/ultimo.dk\/wp-content\/uploads\/2025\/08\/RIKKE_FALKOW_20230929_009_lowres-1-300x300.jpeg",300,300,true],"medium_large":["https:\/\/ultimo.dk\/wp-content\/uploads\/2025\/08\/RIKKE_FALKOW_20230929_009_lowres-1-768x768.jpeg",768,768,true],"large":["https:\/\/ultimo.dk\/wp-content\/uploads\/2025\/08\/RIKKE_FALKOW_20230929_009_lowres-1-1024x1024.jpeg",1024,1024,true],"1536x1536":["https:\/\/ultimo.dk\/wp-content\/uploads\/2025\/08\/RIKKE_FALKOW_20230929_009_lowres-1.jpeg",1500,1500,false],"2048x2048":["https:\/\/ultimo.dk\/wp-content\/uploads\/2025\/08\/RIKKE_FALKOW_20230929_009_lowres-1.jpeg",1500,1500,false],"trp-custom-language-flag":["https:\/\/ultimo.dk\/wp-content\/uploads\/2025\/08\/RIKKE_FALKOW_20230929_009_lowres-1-12x12.jpeg",12,12,true],"woocommerce_thumbnail":["https:\/\/ultimo.dk\/wp-content\/uploads\/2025\/08\/RIKKE_FALKOW_20230929_009_lowres-1-300x300.jpeg",300,300,true],"woocommerce_single":["https:\/\/ultimo.dk\/wp-content\/uploads\/2025\/08\/RIKKE_FALKOW_20230929_009_lowres-1-600x600.jpeg",600,600,true],"woocommerce_gallery_thumbnail":["https:\/\/ultimo.dk\/wp-content\/uploads\/2025\/08\/RIKKE_FALKOW_20230929_009_lowres-1-100x100.jpeg",100,100,true]},"uagb_author_info":{"display_name":"admin","author_link":"https:\/\/ultimo.dk\/en\/author\/"},"uagb_comment_info":0,"uagb_excerpt":"Klassiske tr\u00e6sko med \u00e5ben t\u00e5 i lys kernel\u00e6der. RIKKE FALKOW Tr\u00e6sko er lavet med vegetabilsk garvet l\u00e6der, uden syntetiske bel\u00e6gninger. Ved brug bliver l\u00e6deret bl\u00f8dere og med tiden vil skoene udvikle en smuk og unik patinering. Dette er et udtryk for l\u00e6derets kvalitet og de naturlige forarbejdningsprocesser, og det giver skoene karakter og personlighed.","jetpack_sharing_enabled":true,"_links":{"self":[{"href":"https:\/\/ultimo.dk\/en\/wp-json\/wp\/v2\/product\/5969","targetHints":{"allow":["GET"]}}],"collection":[{"href":"https:\/\/ultimo.dk\/en\/wp-json\/wp\/v2\/product"}],"about":[{"href":"https:\/\/ultimo.dk\/en\/wp-json\/wp\/v2\/types\/product"}],"wp:featuredmedia":[{"embeddable":true,"href":"https:\/\/ultimo.dk\/en\/wp-json\/wp\/v2\/media\/5983"}],"wp:attachment":[{"href":"https:\/\/ultimo.dk\/en\/wp-json\/wp\/v2\/media?parent=5969"}],"wp:term":[{"taxonomy":"product_brand","embeddable":true,"href":"https:\/\/ultimo.dk\/en\/wp-json\/wp\/v2\/product_brand?post=5969"},{"taxonomy":"product_cat","embeddable":true,"href":"https:\/\/ultimo.dk\/en\/wp-json\/wp\/v2\/product_cat?post=5969"},{"taxonomy":"product_tag","embeddable":true,"href":"https:\/\/ultimo.dk\/en\/wp-json\/wp\/v2\/product_tag?post=5969"}],"curies":[{"name":"wp","href":"https:\/\/api.w.org\/{rel}","templated":true}]}}