{"id":5942,"date":"2025-08-28T13:18:20","date_gmt":"2025-08-28T13:18:20","guid":{"rendered":"https:\/\/ultimo.dk\/?post_type=product&#038;p=5942"},"modified":"2025-08-28T13:18:21","modified_gmt":"2025-08-28T13:18:21","slug":"shaker-ostekurv","status":"publish","type":"product","link":"https:\/\/ultimo.dk\/en\/product\/shaker-ostekurv\/","title":{"rendered":"SHAKER Cheese Basket"},"content":{"rendered":"<p>Handmade SHAKER cheese basket in hexagonally woven split ash. Originally used with linen for cheese production, now ideal as a decorative bread basket. <\/p>\n<p>30 cm in diameter<\/p>","protected":false},"excerpt":{"rendered":"<p>H\u00e5ndlavet SHAKER Ostekurv i hexagonal fl\u00e6ttet spaltet ask. Oprindeligt brugt med linned til osteproduktion, nu ideel som dekorativ br\u00f8dkurv. 30 cm i diameter<\/p>","protected":false},"featured_media":5943,"template":"","meta":{"_uag_custom_page_level_css":"","site-sidebar-layout":"default","site-content-layout":"","ast-site-content-layout":"default","site-content-style":"default","site-sidebar-style":"default","ast-global-header-display":"","ast-banner-title-visibility":"","ast-main-header-display":"","ast-hfb-above-header-display":"","ast-hfb-below-header-display":"","ast-hfb-mobile-header-display":"","site-post-title":"","ast-breadcrumbs-content":"","ast-featured-img":"","footer-sml-layout":"","theme-transparent-header-meta":"default","adv-header-id-meta":"","stick-header-meta":"","header-above-stick-meta":"","header-main-stick-meta":"","header-below-stick-meta":"","astra-migrate-meta-layouts":"set","ast-page-background-enabled":"default","ast-page-background-meta":{"desktop":{"background-color":"","background-image":"","background-repeat":"repeat","background-position":"center center","background-size":"auto","background-attachment":"scroll","background-type":"","background-media":"","overlay-type":"","overlay-color":"","overlay-opacity":"","overlay-gradient":""},"tablet":{"background-color":"","background-image":"","background-repeat":"repeat","background-position":"center center","background-size":"auto","background-attachment":"scroll","background-type":"","background-media":"","overlay-type":"","overlay-color":"","overlay-opacity":"","overlay-gradient":""},"mobile":{"background-color":"","background-image":"","background-repeat":"repeat","background-position":"center center","background-size":"auto","background-attachment":"scroll","background-type":"","background-media":"","overlay-type":"","overlay-color":"","overlay-opacity":"","overlay-gradient":""}},"ast-content-background-meta":{"desktop":{"background-color":"var(--ast-global-color-5)","background-image":"","background-repeat":"repeat","background-position":"center center","background-size":"auto","background-attachment":"scroll","background-type":"","background-media":"","overlay-type":"","overlay-color":"","overlay-opacity":"","overlay-gradient":""},"tablet":{"background-color":"var(--ast-global-color-5)","background-image":"","background-repeat":"repeat","background-position":"center center","background-size":"auto","background-attachment":"scroll","background-type":"","background-media":"","overlay-type":"","overlay-color":"","overlay-opacity":"","overlay-gradient":""},"mobile":{"background-color":"var(--ast-global-color-5)","background-image":"","background-repeat":"repeat","background-position":"center center","background-size":"auto","background-attachment":"scroll","background-type":"","background-media":"","overlay-type":"","overlay-color":"","overlay-opacity":"","overlay-gradient":""}}},"product_brand":[],"product_cat":[61],"product_tag":[],"class_list":{"0":"post-5942","1":"product","2":"type-product","3":"status-publish","4":"has-post-thumbnail","6":"product_cat-shaker-by-rikke-falkow","7":"desktop-align-left","8":"tablet-align-left","9":"mobile-align-left","11":"first","12":"instock","13":"taxable","14":"shipping-taxable","15":"purchasable","16":"product-type-simple"},"uagb_featured_image_src":{"full":["https:\/\/ultimo.dk\/wp-content\/uploads\/2025\/08\/Cheese-basket.jpg",1000,1000,false],"thumbnail":["https:\/\/ultimo.dk\/wp-content\/uploads\/2025\/08\/Cheese-basket-150x150.jpg",150,150,true],"medium":["https:\/\/ultimo.dk\/wp-content\/uploads\/2025\/08\/Cheese-basket-300x300.jpg",300,300,true],"medium_large":["https:\/\/ultimo.dk\/wp-content\/uploads\/2025\/08\/Cheese-basket-768x768.jpg",768,768,true],"large":["https:\/\/ultimo.dk\/wp-content\/uploads\/2025\/08\/Cheese-basket.jpg",1000,1000,false],"1536x1536":["https:\/\/ultimo.dk\/wp-content\/uploads\/2025\/08\/Cheese-basket.jpg",1000,1000,false],"2048x2048":["https:\/\/ultimo.dk\/wp-content\/uploads\/2025\/08\/Cheese-basket.jpg",1000,1000,false],"trp-custom-language-flag":["https:\/\/ultimo.dk\/wp-content\/uploads\/2025\/08\/Cheese-basket-12x12.jpg",12,12,true],"woocommerce_thumbnail":["https:\/\/ultimo.dk\/wp-content\/uploads\/2025\/08\/Cheese-basket-300x300.jpg",300,300,true],"woocommerce_single":["https:\/\/ultimo.dk\/wp-content\/uploads\/2025\/08\/Cheese-basket-600x600.jpg",600,600,true],"woocommerce_gallery_thumbnail":["https:\/\/ultimo.dk\/wp-content\/uploads\/2025\/08\/Cheese-basket-100x100.jpg",100,100,true]},"uagb_author_info":{"display_name":"admin","author_link":"https:\/\/ultimo.dk\/en\/author\/"},"uagb_comment_info":0,"uagb_excerpt":"H\u00e5ndlavet SHAKER Ostekurv i hexagonal fl\u00e6ttet spaltet ask. Oprindeligt brugt med linned til osteproduktion, nu ideel som dekorativ br\u00f8dkurv. 30 cm i diameter","jetpack_sharing_enabled":true,"_links":{"self":[{"href":"https:\/\/ultimo.dk\/en\/wp-json\/wp\/v2\/product\/5942","targetHints":{"allow":["GET"]}}],"collection":[{"href":"https:\/\/ultimo.dk\/en\/wp-json\/wp\/v2\/product"}],"about":[{"href":"https:\/\/ultimo.dk\/en\/wp-json\/wp\/v2\/types\/product"}],"wp:featuredmedia":[{"embeddable":true,"href":"https:\/\/ultimo.dk\/en\/wp-json\/wp\/v2\/media\/5943"}],"wp:attachment":[{"href":"https:\/\/ultimo.dk\/en\/wp-json\/wp\/v2\/media?parent=5942"}],"wp:term":[{"taxonomy":"product_brand","embeddable":true,"href":"https:\/\/ultimo.dk\/en\/wp-json\/wp\/v2\/product_brand?post=5942"},{"taxonomy":"product_cat","embeddable":true,"href":"https:\/\/ultimo.dk\/en\/wp-json\/wp\/v2\/product_cat?post=5942"},{"taxonomy":"product_tag","embeddable":true,"href":"https:\/\/ultimo.dk\/en\/wp-json\/wp\/v2\/product_tag?post=5942"}],"curies":[{"name":"wp","href":"https:\/\/api.w.org\/{rel}","templated":true}]}}