{"id":5903,"date":"2025-08-25T19:49:44","date_gmt":"2025-08-25T19:49:44","guid":{"rendered":"https:\/\/ultimo.dk\/?post_type=product&#038;p=5903"},"modified":"2025-08-25T19:49:44","modified_gmt":"2025-08-25T19:49:44","slug":"shaker-oval-aeske-sort","status":"publish","type":"product","link":"https:\/\/ultimo.dk\/en\/product\/shaker-oval-aeske-sort\/","title":{"rendered":"SHAKER Oval Box Black"},"content":{"rendered":"<p>The oval Shaker boxes are the essence of classic craftsmanship and timeless design.<\/p>\n<p>The boxes have been handmade in the same way for the past 250 years, made from cherry wood, copper pins, and small wooden pegs. Externally treated with water-based black paint.<\/p>\n<p>Measures 22\/25\/30 cm<\/p>","protected":false},"excerpt":{"rendered":"<p>De ovale Shaker \u00e6sker er essensen af klassisk h\u00e5ndv\u00e6rk og tidl\u00f8st design. \u00c6skerne er h\u00e5ndlavede p\u00e5 samme m\u00e5de i de sidste 250 \u00e5r, fremstillet af kirseb\u00e6rtr\u00e6, kobber stifter og sm\u00e5 tr\u00e6dyvler. Udvendigt behandlet med vandbaseret sort maling. M\u00e5ler 22\/25\/30 cm<\/p>","protected":false},"featured_media":5904,"template":"","meta":{"_uag_custom_page_level_css":"","site-sidebar-layout":"default","site-content-layout":"","ast-site-content-layout":"default","site-content-style":"default","site-sidebar-style":"default","ast-global-header-display":"","ast-banner-title-visibility":"","ast-main-header-display":"","ast-hfb-above-header-display":"","ast-hfb-below-header-display":"","ast-hfb-mobile-header-display":"","site-post-title":"","ast-breadcrumbs-content":"","ast-featured-img":"","footer-sml-layout":"","theme-transparent-header-meta":"default","adv-header-id-meta":"","stick-header-meta":"","header-above-stick-meta":"","header-main-stick-meta":"","header-below-stick-meta":"","astra-migrate-meta-layouts":"set","ast-page-background-enabled":"default","ast-page-background-meta":{"desktop":{"background-color":"","background-image":"","background-repeat":"repeat","background-position":"center center","background-size":"auto","background-attachment":"scroll","background-type":"","background-media":"","overlay-type":"","overlay-color":"","overlay-opacity":"","overlay-gradient":""},"tablet":{"background-color":"","background-image":"","background-repeat":"repeat","background-position":"center center","background-size":"auto","background-attachment":"scroll","background-type":"","background-media":"","overlay-type":"","overlay-color":"","overlay-opacity":"","overlay-gradient":""},"mobile":{"background-color":"","background-image":"","background-repeat":"repeat","background-position":"center center","background-size":"auto","background-attachment":"scroll","background-type":"","background-media":"","overlay-type":"","overlay-color":"","overlay-opacity":"","overlay-gradient":""}},"ast-content-background-meta":{"desktop":{"background-color":"var(--ast-global-color-5)","background-image":"","background-repeat":"repeat","background-position":"center center","background-size":"auto","background-attachment":"scroll","background-type":"","background-media":"","overlay-type":"","overlay-color":"","overlay-opacity":"","overlay-gradient":""},"tablet":{"background-color":"var(--ast-global-color-5)","background-image":"","background-repeat":"repeat","background-position":"center center","background-size":"auto","background-attachment":"scroll","background-type":"","background-media":"","overlay-type":"","overlay-color":"","overlay-opacity":"","overlay-gradient":""},"mobile":{"background-color":"var(--ast-global-color-5)","background-image":"","background-repeat":"repeat","background-position":"center center","background-size":"auto","background-attachment":"scroll","background-type":"","background-media":"","overlay-type":"","overlay-color":"","overlay-opacity":"","overlay-gradient":""}}},"product_brand":[],"product_cat":[61],"product_tag":[],"class_list":{"0":"post-5903","1":"product","2":"type-product","3":"status-publish","4":"has-post-thumbnail","6":"product_cat-shaker-by-rikke-falkow","7":"desktop-align-left","8":"tablet-align-left","9":"mobile-align-left","11":"first","12":"instock","13":"taxable","14":"shipping-taxable","15":"purchasable","16":"product-type-variable"},"uagb_featured_image_src":{"full":["https:\/\/ultimo.dk\/wp-content\/uploads\/2025\/08\/RIKKE_FALKOW_20240403_004_lowres-1.jpeg",1500,1404,false],"thumbnail":["https:\/\/ultimo.dk\/wp-content\/uploads\/2025\/08\/RIKKE_FALKOW_20240403_004_lowres-1-150x150.jpeg",150,150,true],"medium":["https:\/\/ultimo.dk\/wp-content\/uploads\/2025\/08\/RIKKE_FALKOW_20240403_004_lowres-1-300x281.jpeg",300,281,true],"medium_large":["https:\/\/ultimo.dk\/wp-content\/uploads\/2025\/08\/RIKKE_FALKOW_20240403_004_lowres-1-768x719.jpeg",768,719,true],"large":["https:\/\/ultimo.dk\/wp-content\/uploads\/2025\/08\/RIKKE_FALKOW_20240403_004_lowres-1-1024x958.jpeg",1024,958,true],"1536x1536":["https:\/\/ultimo.dk\/wp-content\/uploads\/2025\/08\/RIKKE_FALKOW_20240403_004_lowres-1.jpeg",1500,1404,false],"2048x2048":["https:\/\/ultimo.dk\/wp-content\/uploads\/2025\/08\/RIKKE_FALKOW_20240403_004_lowres-1.jpeg",1500,1404,false],"trp-custom-language-flag":["https:\/\/ultimo.dk\/wp-content\/uploads\/2025\/08\/RIKKE_FALKOW_20240403_004_lowres-1-13x12.jpeg",13,12,true],"woocommerce_thumbnail":["https:\/\/ultimo.dk\/wp-content\/uploads\/2025\/08\/RIKKE_FALKOW_20240403_004_lowres-1-300x300.jpeg",300,300,true],"woocommerce_single":["https:\/\/ultimo.dk\/wp-content\/uploads\/2025\/08\/RIKKE_FALKOW_20240403_004_lowres-1-600x562.jpeg",600,562,true],"woocommerce_gallery_thumbnail":["https:\/\/ultimo.dk\/wp-content\/uploads\/2025\/08\/RIKKE_FALKOW_20240403_004_lowres-1-100x100.jpeg",100,100,true]},"uagb_author_info":{"display_name":"admin","author_link":"https:\/\/ultimo.dk\/en\/author\/"},"uagb_comment_info":0,"uagb_excerpt":"De ovale Shaker \u00e6sker er essensen af klassisk h\u00e5ndv\u00e6rk og tidl\u00f8st design. \u00c6skerne er h\u00e5ndlavede p\u00e5 samme m\u00e5de i de sidste 250 \u00e5r, fremstillet af kirseb\u00e6rtr\u00e6, kobber stifter og sm\u00e5 tr\u00e6dyvler. Udvendigt behandlet med vandbaseret sort maling. M\u00e5ler 22\/25\/30 cm","jetpack_sharing_enabled":true,"_links":{"self":[{"href":"https:\/\/ultimo.dk\/en\/wp-json\/wp\/v2\/product\/5903","targetHints":{"allow":["GET"]}}],"collection":[{"href":"https:\/\/ultimo.dk\/en\/wp-json\/wp\/v2\/product"}],"about":[{"href":"https:\/\/ultimo.dk\/en\/wp-json\/wp\/v2\/types\/product"}],"wp:featuredmedia":[{"embeddable":true,"href":"https:\/\/ultimo.dk\/en\/wp-json\/wp\/v2\/media\/5904"}],"wp:attachment":[{"href":"https:\/\/ultimo.dk\/en\/wp-json\/wp\/v2\/media?parent=5903"}],"wp:term":[{"taxonomy":"product_brand","embeddable":true,"href":"https:\/\/ultimo.dk\/en\/wp-json\/wp\/v2\/product_brand?post=5903"},{"taxonomy":"product_cat","embeddable":true,"href":"https:\/\/ultimo.dk\/en\/wp-json\/wp\/v2\/product_cat?post=5903"},{"taxonomy":"product_tag","embeddable":true,"href":"https:\/\/ultimo.dk\/en\/wp-json\/wp\/v2\/product_tag?post=5903"}],"curies":[{"name":"wp","href":"https:\/\/api.w.org\/{rel}","templated":true}]}}