{"id":5901,"date":"2025-08-25T19:40:34","date_gmt":"2025-08-25T19:40:34","guid":{"rendered":"https:\/\/ultimo.dk\/?post_type=product&#038;p=5901"},"modified":"2025-11-16T13:38:38","modified_gmt":"2025-11-16T13:38:38","slug":"shaker-to-delt-bakke","status":"publish","type":"product","link":"https:\/\/ultimo.dk\/en\/product\/shaker-to-delt-bakke\/","title":{"rendered":"SHAKER Two-sided Carrier"},"content":{"rendered":"<p>A beautiful and practical tray for the office, hallway, or elsewhere. Handcrafted in cherry wood.<\/p>\n<p>Measures 33 cm<\/p>","protected":false},"excerpt":{"rendered":"<p>En smuk og praktisk bakke til kontoret, entreen eller andet. H\u00e5ndlavet i kirseb\u00e6rtr\u00e6. M\u00e5ler 33 cm<\/p>","protected":false},"featured_media":5902,"template":"","meta":{"_uag_custom_page_level_css":"","site-sidebar-layout":"default","site-content-layout":"","ast-site-content-layout":"default","site-content-style":"default","site-sidebar-style":"default","ast-global-header-display":"","ast-banner-title-visibility":"","ast-main-header-display":"","ast-hfb-above-header-display":"","ast-hfb-below-header-display":"","ast-hfb-mobile-header-display":"","site-post-title":"","ast-breadcrumbs-content":"","ast-featured-img":"","footer-sml-layout":"","theme-transparent-header-meta":"default","adv-header-id-meta":"","stick-header-meta":"","header-above-stick-meta":"","header-main-stick-meta":"","header-below-stick-meta":"","astra-migrate-meta-layouts":"set","ast-page-background-enabled":"default","ast-page-background-meta":{"desktop":{"background-color":"","background-image":"","background-repeat":"repeat","background-position":"center center","background-size":"auto","background-attachment":"scroll","background-type":"","background-media":"","overlay-type":"","overlay-color":"","overlay-opacity":"","overlay-gradient":""},"tablet":{"background-color":"","background-image":"","background-repeat":"repeat","background-position":"center center","background-size":"auto","background-attachment":"scroll","background-type":"","background-media":"","overlay-type":"","overlay-color":"","overlay-opacity":"","overlay-gradient":""},"mobile":{"background-color":"","background-image":"","background-repeat":"repeat","background-position":"center center","background-size":"auto","background-attachment":"scroll","background-type":"","background-media":"","overlay-type":"","overlay-color":"","overlay-opacity":"","overlay-gradient":""}},"ast-content-background-meta":{"desktop":{"background-color":"var(--ast-global-color-5)","background-image":"","background-repeat":"repeat","background-position":"center center","background-size":"auto","background-attachment":"scroll","background-type":"","background-media":"","overlay-type":"","overlay-color":"","overlay-opacity":"","overlay-gradient":""},"tablet":{"background-color":"var(--ast-global-color-5)","background-image":"","background-repeat":"repeat","background-position":"center center","background-size":"auto","background-attachment":"scroll","background-type":"","background-media":"","overlay-type":"","overlay-color":"","overlay-opacity":"","overlay-gradient":""},"mobile":{"background-color":"var(--ast-global-color-5)","background-image":"","background-repeat":"repeat","background-position":"center center","background-size":"auto","background-attachment":"scroll","background-type":"","background-media":"","overlay-type":"","overlay-color":"","overlay-opacity":"","overlay-gradient":""}}},"product_brand":[],"product_cat":[61],"product_tag":[],"class_list":{"0":"post-5901","1":"product","2":"type-product","3":"status-publish","4":"has-post-thumbnail","6":"product_cat-shaker-by-rikke-falkow","7":"desktop-align-left","8":"tablet-align-left","9":"mobile-align-left","11":"first","12":"instock","13":"taxable","14":"shipping-taxable","15":"purchasable","16":"product-type-simple"},"uagb_featured_image_src":{"full":["https:\/\/ultimo.dk\/wp-content\/uploads\/2025\/08\/Frame-3.jpg",1800,1800,false],"thumbnail":["https:\/\/ultimo.dk\/wp-content\/uploads\/2025\/08\/Frame-3-150x150.jpg",150,150,true],"medium":["https:\/\/ultimo.dk\/wp-content\/uploads\/2025\/08\/Frame-3-300x300.jpg",300,300,true],"medium_large":["https:\/\/ultimo.dk\/wp-content\/uploads\/2025\/08\/Frame-3-768x768.jpg",768,768,true],"large":["https:\/\/ultimo.dk\/wp-content\/uploads\/2025\/08\/Frame-3-1024x1024.jpg",1024,1024,true],"1536x1536":["https:\/\/ultimo.dk\/wp-content\/uploads\/2025\/08\/Frame-3-1536x1536.jpg",1536,1536,true],"2048x2048":["https:\/\/ultimo.dk\/wp-content\/uploads\/2025\/08\/Frame-3.jpg",1800,1800,false],"trp-custom-language-flag":["https:\/\/ultimo.dk\/wp-content\/uploads\/2025\/08\/Frame-3-12x12.jpg",12,12,true],"woocommerce_thumbnail":["https:\/\/ultimo.dk\/wp-content\/uploads\/2025\/08\/Frame-3-300x300.jpg",300,300,true],"woocommerce_single":["https:\/\/ultimo.dk\/wp-content\/uploads\/2025\/08\/Frame-3-600x600.jpg",600,600,true],"woocommerce_gallery_thumbnail":["https:\/\/ultimo.dk\/wp-content\/uploads\/2025\/08\/Frame-3-100x100.jpg",100,100,true]},"uagb_author_info":{"display_name":"admin","author_link":"https:\/\/ultimo.dk\/en\/author\/"},"uagb_comment_info":0,"uagb_excerpt":"En smuk og praktisk bakke til kontoret, entreen eller andet. H\u00e5ndlavet i kirseb\u00e6rtr\u00e6. M\u00e5ler 33 cm","jetpack_sharing_enabled":true,"_links":{"self":[{"href":"https:\/\/ultimo.dk\/en\/wp-json\/wp\/v2\/product\/5901","targetHints":{"allow":["GET"]}}],"collection":[{"href":"https:\/\/ultimo.dk\/en\/wp-json\/wp\/v2\/product"}],"about":[{"href":"https:\/\/ultimo.dk\/en\/wp-json\/wp\/v2\/types\/product"}],"wp:featuredmedia":[{"embeddable":true,"href":"https:\/\/ultimo.dk\/en\/wp-json\/wp\/v2\/media\/5902"}],"wp:attachment":[{"href":"https:\/\/ultimo.dk\/en\/wp-json\/wp\/v2\/media?parent=5901"}],"wp:term":[{"taxonomy":"product_brand","embeddable":true,"href":"https:\/\/ultimo.dk\/en\/wp-json\/wp\/v2\/product_brand?post=5901"},{"taxonomy":"product_cat","embeddable":true,"href":"https:\/\/ultimo.dk\/en\/wp-json\/wp\/v2\/product_cat?post=5901"},{"taxonomy":"product_tag","embeddable":true,"href":"https:\/\/ultimo.dk\/en\/wp-json\/wp\/v2\/product_tag?post=5901"}],"curies":[{"name":"wp","href":"https:\/\/api.w.org\/{rel}","templated":true}]}}