{"id":5454,"date":"2024-08-02T15:06:26","date_gmt":"2024-08-02T15:06:26","guid":{"rendered":"https:\/\/ultimo.dk\/?post_type=product&#038;p=5454"},"modified":"2025-08-25T17:35:32","modified_gmt":"2025-08-25T17:35:32","slug":"rikke-falkow-belt-brown","status":"publish","type":"product","link":"https:\/\/ultimo.dk\/en\/product\/rikke-falkow-belt-brown\/","title":{"rendered":"RIKKE FALKOW Belt Brown"},"content":{"rendered":"<p>RIKKE FALKOW Belts are handcrafted in Denmark from high quality vegetable tanned leather. Collar botton in matte nickel. The belts are available en black and natural. The leather will become softer, and the natural color will darken slightly.<\/p>\n<p>The simple and minimalistic design makes the belts timeless and very versatile.<\/p>","protected":false},"excerpt":{"rendered":"<p>RIKKE FALKOW B\u00e6lter er h\u00e5ndlavede i vegetabilsk garvet l\u00e6der af h\u00f8jeste kvalitet. Gev\u00e6rknap i matforniklet massiv messing. B\u00e6lterne f\u00e5s i sort og naturfarvet kernel\u00e6der. L\u00e6deret bliver bl\u00f8dere ved brug og den naturlige farve bliver en smule m\u00f8rkere og patineres smukt. Det enkle og minimalistiske design g\u00f8r b\u00e6lterne tidl\u00f8se og meget anvendelige.<\/p>","protected":false},"featured_media":5465,"template":"","meta":{"_uag_custom_page_level_css":"","site-sidebar-layout":"default","site-content-layout":"default","ast-site-content-layout":"default","site-content-style":"default","site-sidebar-style":"default","ast-global-header-display":"","ast-banner-title-visibility":"","ast-main-header-display":"","ast-hfb-above-header-display":"","ast-hfb-below-header-display":"","ast-hfb-mobile-header-display":"","site-post-title":"","ast-breadcrumbs-content":"","ast-featured-img":"","footer-sml-layout":"","theme-transparent-header-meta":"default","adv-header-id-meta":"","stick-header-meta":"","header-above-stick-meta":"","header-main-stick-meta":"","header-below-stick-meta":"","astra-migrate-meta-layouts":"set","ast-page-background-enabled":"default","ast-page-background-meta":{"desktop":{"background-color":"","background-image":"","background-repeat":"repeat","background-position":"center center","background-size":"auto","background-attachment":"scroll","background-type":"","background-media":"","overlay-type":"","overlay-color":"","overlay-opacity":"","overlay-gradient":""},"tablet":{"background-color":"","background-image":"","background-repeat":"repeat","background-position":"center center","background-size":"auto","background-attachment":"scroll","background-type":"","background-media":"","overlay-type":"","overlay-color":"","overlay-opacity":"","overlay-gradient":""},"mobile":{"background-color":"","background-image":"","background-repeat":"repeat","background-position":"center center","background-size":"auto","background-attachment":"scroll","background-type":"","background-media":"","overlay-type":"","overlay-color":"","overlay-opacity":"","overlay-gradient":""}},"ast-content-background-meta":{"desktop":{"background-color":"var(--ast-global-color-5)","background-image":"","background-repeat":"repeat","background-position":"center center","background-size":"auto","background-attachment":"scroll","background-type":"","background-media":"","overlay-type":"","overlay-color":"","overlay-opacity":"","overlay-gradient":""},"tablet":{"background-color":"var(--ast-global-color-5)","background-image":"","background-repeat":"repeat","background-position":"center center","background-size":"auto","background-attachment":"scroll","background-type":"","background-media":"","overlay-type":"","overlay-color":"","overlay-opacity":"","overlay-gradient":""},"mobile":{"background-color":"var(--ast-global-color-5)","background-image":"","background-repeat":"repeat","background-position":"center center","background-size":"auto","background-attachment":"scroll","background-type":"","background-media":"","overlay-type":"","overlay-color":"","overlay-opacity":"","overlay-gradient":""}}},"product_brand":[],"product_cat":[42,50],"product_tag":[],"class_list":{"0":"post-5454","1":"product","2":"type-product","3":"status-publish","4":"has-post-thumbnail","6":"product_cat-rikke-falkow-belts","7":"product_cat-shop-rikke-falkow","8":"desktop-align-left","9":"tablet-align-left","10":"mobile-align-left","12":"first","13":"instock","14":"taxable","15":"shipping-taxable","16":"purchasable","17":"product-type-variable"},"uagb_featured_image_src":{"full":["https:\/\/ultimo.dk\/wp-content\/uploads\/2024\/08\/RIKKE_FALKOW_20231214_007_lowres.jpeg",1500,1000,false],"thumbnail":["https:\/\/ultimo.dk\/wp-content\/uploads\/2024\/08\/RIKKE_FALKOW_20231214_007_lowres-150x150.jpeg",150,150,true],"medium":["https:\/\/ultimo.dk\/wp-content\/uploads\/2024\/08\/RIKKE_FALKOW_20231214_007_lowres-300x200.jpeg",300,200,true],"medium_large":["https:\/\/ultimo.dk\/wp-content\/uploads\/2024\/08\/RIKKE_FALKOW_20231214_007_lowres-768x512.jpeg",768,512,true],"large":["https:\/\/ultimo.dk\/wp-content\/uploads\/2024\/08\/RIKKE_FALKOW_20231214_007_lowres-1024x683.jpeg",1024,683,true],"1536x1536":["https:\/\/ultimo.dk\/wp-content\/uploads\/2024\/08\/RIKKE_FALKOW_20231214_007_lowres.jpeg",1500,1000,false],"2048x2048":["https:\/\/ultimo.dk\/wp-content\/uploads\/2024\/08\/RIKKE_FALKOW_20231214_007_lowres.jpeg",1500,1000,false],"trp-custom-language-flag":["https:\/\/ultimo.dk\/wp-content\/uploads\/2024\/08\/RIKKE_FALKOW_20231214_007_lowres-18x12.jpeg",18,12,true],"woocommerce_thumbnail":["https:\/\/ultimo.dk\/wp-content\/uploads\/2024\/08\/RIKKE_FALKOW_20231214_007_lowres-300x300.jpeg",300,300,true],"woocommerce_single":["https:\/\/ultimo.dk\/wp-content\/uploads\/2024\/08\/RIKKE_FALKOW_20231214_007_lowres-600x400.jpeg",600,400,true],"woocommerce_gallery_thumbnail":["https:\/\/ultimo.dk\/wp-content\/uploads\/2024\/08\/RIKKE_FALKOW_20231214_007_lowres-100x100.jpeg",100,100,true]},"uagb_author_info":{"display_name":"admin","author_link":"https:\/\/ultimo.dk\/en\/author\/"},"uagb_comment_info":0,"uagb_excerpt":"RIKKE FALKOW B\u00e6lter er h\u00e5ndlavede i vegetabilsk garvet l\u00e6der af h\u00f8jeste kvalitet. Gev\u00e6rknap i matforniklet massiv messing. B\u00e6lterne f\u00e5s i sort og naturfarvet kernel\u00e6der. L\u00e6deret bliver bl\u00f8dere ved brug og den naturlige farve bliver en smule m\u00f8rkere og patineres smukt. Det enkle og minimalistiske design g\u00f8r b\u00e6lterne tidl\u00f8se og meget anvendelige.","jetpack_sharing_enabled":true,"_links":{"self":[{"href":"https:\/\/ultimo.dk\/en\/wp-json\/wp\/v2\/product\/5454","targetHints":{"allow":["GET"]}}],"collection":[{"href":"https:\/\/ultimo.dk\/en\/wp-json\/wp\/v2\/product"}],"about":[{"href":"https:\/\/ultimo.dk\/en\/wp-json\/wp\/v2\/types\/product"}],"wp:featuredmedia":[{"embeddable":true,"href":"https:\/\/ultimo.dk\/en\/wp-json\/wp\/v2\/media\/5465"}],"wp:attachment":[{"href":"https:\/\/ultimo.dk\/en\/wp-json\/wp\/v2\/media?parent=5454"}],"wp:term":[{"taxonomy":"product_brand","embeddable":true,"href":"https:\/\/ultimo.dk\/en\/wp-json\/wp\/v2\/product_brand?post=5454"},{"taxonomy":"product_cat","embeddable":true,"href":"https:\/\/ultimo.dk\/en\/wp-json\/wp\/v2\/product_cat?post=5454"},{"taxonomy":"product_tag","embeddable":true,"href":"https:\/\/ultimo.dk\/en\/wp-json\/wp\/v2\/product_tag?post=5454"}],"curies":[{"name":"wp","href":"https:\/\/api.w.org\/{rel}","templated":true}]}}