{"id":5451,"date":"2024-08-02T14:30:57","date_gmt":"2024-08-02T14:30:57","guid":{"rendered":"https:\/\/ultimo.dk\/?post_type=product&#038;p=5451"},"modified":"2025-08-22T15:45:13","modified_gmt":"2025-08-22T15:45:13","slug":"rikke-falkow-phone-bag-black","status":"publish","type":"product","link":"https:\/\/ultimo.dk\/en\/product\/rikke-falkow-phone-bag-black\/","title":{"rendered":"RIKKE FALKOW Phone Bag Black"},"content":{"rendered":"<p>A small bag in an elegant and timeless design for everyday use.<\/p>\n<p>Handcrafted in Toscana, Italy, from exquisite vegetable- tanned leather in Vacchetta quality. Over time it will soften and develop a beautiful patina and unique marks, giving the bag a truly distinctive personality.<\/p>\n<p>Also available in Nature<\/p>\n<p>Dimensions: 13cm x 18cm x 1cm<\/p>","protected":false},"excerpt":{"rendered":"<p>Elegant, tidsl\u00f8s og praktisk lille taske i naturfarvet vegetabilsk garvet Vacchetta-l\u00e6der. H\u00e5ndlavet i Toscana, Italien. Med tiden vil tasken blive bl\u00f8dere og udvikle en smuk og unik patina. F\u00e5s ogs\u00e5 i Natur. St\u00f8rrelse: 13cm x 18cm x 1cm<\/p>","protected":false},"featured_media":5452,"template":"","meta":{"_uag_custom_page_level_css":"","site-sidebar-layout":"default","site-content-layout":"default","ast-site-content-layout":"default","site-content-style":"default","site-sidebar-style":"default","ast-global-header-display":"","ast-banner-title-visibility":"","ast-main-header-display":"","ast-hfb-above-header-display":"","ast-hfb-below-header-display":"","ast-hfb-mobile-header-display":"","site-post-title":"","ast-breadcrumbs-content":"","ast-featured-img":"","footer-sml-layout":"","theme-transparent-header-meta":"default","adv-header-id-meta":"","stick-header-meta":"","header-above-stick-meta":"","header-main-stick-meta":"","header-below-stick-meta":"","astra-migrate-meta-layouts":"set","ast-page-background-enabled":"default","ast-page-background-meta":{"desktop":{"background-color":"","background-image":"","background-repeat":"repeat","background-position":"center center","background-size":"auto","background-attachment":"scroll","background-type":"","background-media":"","overlay-type":"","overlay-color":"","overlay-opacity":"","overlay-gradient":""},"tablet":{"background-color":"","background-image":"","background-repeat":"repeat","background-position":"center center","background-size":"auto","background-attachment":"scroll","background-type":"","background-media":"","overlay-type":"","overlay-color":"","overlay-opacity":"","overlay-gradient":""},"mobile":{"background-color":"","background-image":"","background-repeat":"repeat","background-position":"center center","background-size":"auto","background-attachment":"scroll","background-type":"","background-media":"","overlay-type":"","overlay-color":"","overlay-opacity":"","overlay-gradient":""}},"ast-content-background-meta":{"desktop":{"background-color":"var(--ast-global-color-5)","background-image":"","background-repeat":"repeat","background-position":"center center","background-size":"auto","background-attachment":"scroll","background-type":"","background-media":"","overlay-type":"","overlay-color":"","overlay-opacity":"","overlay-gradient":""},"tablet":{"background-color":"var(--ast-global-color-5)","background-image":"","background-repeat":"repeat","background-position":"center center","background-size":"auto","background-attachment":"scroll","background-type":"","background-media":"","overlay-type":"","overlay-color":"","overlay-opacity":"","overlay-gradient":""},"mobile":{"background-color":"var(--ast-global-color-5)","background-image":"","background-repeat":"repeat","background-position":"center center","background-size":"auto","background-attachment":"scroll","background-type":"","background-media":"","overlay-type":"","overlay-color":"","overlay-opacity":"","overlay-gradient":""}}},"product_brand":[],"product_cat":[32,50],"product_tag":[],"class_list":{"0":"post-5451","1":"product","2":"type-product","3":"status-publish","4":"has-post-thumbnail","6":"product_cat-rikke-falkow-bags","7":"product_cat-shop-rikke-falkow","8":"desktop-align-left","9":"tablet-align-left","10":"mobile-align-left","12":"first","13":"instock","14":"taxable","15":"shipping-taxable","16":"purchasable","17":"product-type-simple"},"uagb_featured_image_src":{"full":["https:\/\/ultimo.dk\/wp-content\/uploads\/2024\/08\/RIKKE_FALKOW_20230711_007_lowres.jpeg",1500,1500,false],"thumbnail":["https:\/\/ultimo.dk\/wp-content\/uploads\/2024\/08\/RIKKE_FALKOW_20230711_007_lowres-150x150.jpeg",150,150,true],"medium":["https:\/\/ultimo.dk\/wp-content\/uploads\/2024\/08\/RIKKE_FALKOW_20230711_007_lowres-300x300.jpeg",300,300,true],"medium_large":["https:\/\/ultimo.dk\/wp-content\/uploads\/2024\/08\/RIKKE_FALKOW_20230711_007_lowres-768x768.jpeg",768,768,true],"large":["https:\/\/ultimo.dk\/wp-content\/uploads\/2024\/08\/RIKKE_FALKOW_20230711_007_lowres-1024x1024.jpeg",1024,1024,true],"1536x1536":["https:\/\/ultimo.dk\/wp-content\/uploads\/2024\/08\/RIKKE_FALKOW_20230711_007_lowres.jpeg",1500,1500,false],"2048x2048":["https:\/\/ultimo.dk\/wp-content\/uploads\/2024\/08\/RIKKE_FALKOW_20230711_007_lowres.jpeg",1500,1500,false],"trp-custom-language-flag":["https:\/\/ultimo.dk\/wp-content\/uploads\/2024\/08\/RIKKE_FALKOW_20230711_007_lowres-12x12.jpeg",12,12,true],"woocommerce_thumbnail":["https:\/\/ultimo.dk\/wp-content\/uploads\/2024\/08\/RIKKE_FALKOW_20230711_007_lowres-300x300.jpeg",300,300,true],"woocommerce_single":["https:\/\/ultimo.dk\/wp-content\/uploads\/2024\/08\/RIKKE_FALKOW_20230711_007_lowres-600x600.jpeg",600,600,true],"woocommerce_gallery_thumbnail":["https:\/\/ultimo.dk\/wp-content\/uploads\/2024\/08\/RIKKE_FALKOW_20230711_007_lowres-100x100.jpeg",100,100,true]},"uagb_author_info":{"display_name":"admin","author_link":"https:\/\/ultimo.dk\/en\/author\/"},"uagb_comment_info":0,"uagb_excerpt":"Elegant, tidsl\u00f8s og praktisk lille taske i naturfarvet vegetabilsk garvet Vacchetta-l\u00e6der. H\u00e5ndlavet i Toscana, Italien. Med tiden vil tasken blive bl\u00f8dere og udvikle en smuk og unik patina. F\u00e5s ogs\u00e5 i Natur. St\u00f8rrelse: 13cm x 18cm x 1cm","jetpack_sharing_enabled":true,"_links":{"self":[{"href":"https:\/\/ultimo.dk\/en\/wp-json\/wp\/v2\/product\/5451","targetHints":{"allow":["GET"]}}],"collection":[{"href":"https:\/\/ultimo.dk\/en\/wp-json\/wp\/v2\/product"}],"about":[{"href":"https:\/\/ultimo.dk\/en\/wp-json\/wp\/v2\/types\/product"}],"wp:featuredmedia":[{"embeddable":true,"href":"https:\/\/ultimo.dk\/en\/wp-json\/wp\/v2\/media\/5452"}],"wp:attachment":[{"href":"https:\/\/ultimo.dk\/en\/wp-json\/wp\/v2\/media?parent=5451"}],"wp:term":[{"taxonomy":"product_brand","embeddable":true,"href":"https:\/\/ultimo.dk\/en\/wp-json\/wp\/v2\/product_brand?post=5451"},{"taxonomy":"product_cat","embeddable":true,"href":"https:\/\/ultimo.dk\/en\/wp-json\/wp\/v2\/product_cat?post=5451"},{"taxonomy":"product_tag","embeddable":true,"href":"https:\/\/ultimo.dk\/en\/wp-json\/wp\/v2\/product_tag?post=5451"}],"curies":[{"name":"wp","href":"https:\/\/api.w.org\/{rel}","templated":true}]}}