{"id":5434,"date":"2024-08-02T14:00:25","date_gmt":"2024-08-02T14:00:25","guid":{"rendered":"https:\/\/ultimo.dk\/?post_type=product&#038;p=5434"},"modified":"2025-08-25T17:15:03","modified_gmt":"2025-08-25T17:15:03","slug":"shaker-serveringsbakke-serving-tray","status":"publish","type":"product","link":"https:\/\/ultimo.dk\/en\/product\/shaker-serveringsbakke-serving-tray\/","title":{"rendered":"SHAKER Serving Tray"},"content":{"rendered":"<p>The SHAKER serving trays are made in the same shape as the classic oval SHAKER boxes. The trays are handmade in cherry wood, with edges secured using copper pins. They are treated with water-based varnish to ensure long-lasting durability.<\/p>\n<p>The trays measure 40\/46\/56 cm<\/p>","protected":false},"excerpt":{"rendered":"<p>SHAKER serveringsbakkerne er lavet efter samme form, som de klassiske ovale SHAKER \u00e6sker. Bakkerne er h\u00e5ndlavede i kirseb\u00e6rtr\u00e6 og kanterne er f\u00e6stnet med kopper stifter. De er behandlet med vandbaseret lak for at sikre lang holdbarhed. Bakkerne m\u00e5ler 40\/46\/56 cm.<\/p>","protected":false},"featured_media":3526,"template":"","meta":{"_uag_custom_page_level_css":"","site-sidebar-layout":"default","site-content-layout":"default","ast-site-content-layout":"default","site-content-style":"default","site-sidebar-style":"default","ast-global-header-display":"","ast-banner-title-visibility":"","ast-main-header-display":"","ast-hfb-above-header-display":"","ast-hfb-below-header-display":"","ast-hfb-mobile-header-display":"","site-post-title":"","ast-breadcrumbs-content":"","ast-featured-img":"","footer-sml-layout":"","theme-transparent-header-meta":"default","adv-header-id-meta":"","stick-header-meta":"","header-above-stick-meta":"","header-main-stick-meta":"","header-below-stick-meta":"","astra-migrate-meta-layouts":"set","ast-page-background-enabled":"default","ast-page-background-meta":{"desktop":{"background-color":"","background-image":"","background-repeat":"repeat","background-position":"center center","background-size":"auto","background-attachment":"scroll","background-type":"","background-media":"","overlay-type":"","overlay-color":"","overlay-opacity":"","overlay-gradient":""},"tablet":{"background-color":"","background-image":"","background-repeat":"repeat","background-position":"center center","background-size":"auto","background-attachment":"scroll","background-type":"","background-media":"","overlay-type":"","overlay-color":"","overlay-opacity":"","overlay-gradient":""},"mobile":{"background-color":"","background-image":"","background-repeat":"repeat","background-position":"center center","background-size":"auto","background-attachment":"scroll","background-type":"","background-media":"","overlay-type":"","overlay-color":"","overlay-opacity":"","overlay-gradient":""}},"ast-content-background-meta":{"desktop":{"background-color":"var(--ast-global-color-5)","background-image":"","background-repeat":"repeat","background-position":"center center","background-size":"auto","background-attachment":"scroll","background-type":"","background-media":"","overlay-type":"","overlay-color":"","overlay-opacity":"","overlay-gradient":""},"tablet":{"background-color":"var(--ast-global-color-5)","background-image":"","background-repeat":"repeat","background-position":"center center","background-size":"auto","background-attachment":"scroll","background-type":"","background-media":"","overlay-type":"","overlay-color":"","overlay-opacity":"","overlay-gradient":""},"mobile":{"background-color":"var(--ast-global-color-5)","background-image":"","background-repeat":"repeat","background-position":"center center","background-size":"auto","background-attachment":"scroll","background-type":"","background-media":"","overlay-type":"","overlay-color":"","overlay-opacity":"","overlay-gradient":""}}},"product_brand":[],"product_cat":[61],"product_tag":[],"class_list":{"0":"post-5434","1":"product","2":"type-product","3":"status-publish","4":"has-post-thumbnail","6":"product_cat-shaker-by-rikke-falkow","7":"desktop-align-left","8":"tablet-align-left","9":"mobile-align-left","11":"first","12":"instock","13":"taxable","14":"shipping-taxable","15":"purchasable","16":"product-type-variable"},"uagb_featured_image_src":{"full":["https:\/\/ultimo.dk\/wp-content\/uploads\/2022\/04\/148994D.0.jpg",1200,1200,false],"thumbnail":["https:\/\/ultimo.dk\/wp-content\/uploads\/2022\/04\/148994D.0-150x150.jpg",150,150,true],"medium":["https:\/\/ultimo.dk\/wp-content\/uploads\/2022\/04\/148994D.0-300x300.jpg",300,300,true],"medium_large":["https:\/\/ultimo.dk\/wp-content\/uploads\/2022\/04\/148994D.0-768x768.jpg",768,768,true],"large":["https:\/\/ultimo.dk\/wp-content\/uploads\/2022\/04\/148994D.0-1024x1024.jpg",1024,1024,true],"1536x1536":["https:\/\/ultimo.dk\/wp-content\/uploads\/2022\/04\/148994D.0.jpg",1200,1200,false],"2048x2048":["https:\/\/ultimo.dk\/wp-content\/uploads\/2022\/04\/148994D.0.jpg",1200,1200,false],"trp-custom-language-flag":["https:\/\/ultimo.dk\/wp-content\/uploads\/2022\/04\/148994D.0.jpg",12,12,false],"woocommerce_thumbnail":["https:\/\/ultimo.dk\/wp-content\/uploads\/2022\/04\/148994D.0-300x300.jpg",300,300,true],"woocommerce_single":["https:\/\/ultimo.dk\/wp-content\/uploads\/2022\/04\/148994D.0-600x600.jpg",600,600,true],"woocommerce_gallery_thumbnail":["https:\/\/ultimo.dk\/wp-content\/uploads\/2022\/04\/148994D.0-100x100.jpg",100,100,true]},"uagb_author_info":{"display_name":"admin","author_link":"https:\/\/ultimo.dk\/en\/author\/"},"uagb_comment_info":0,"uagb_excerpt":"SHAKER serveringsbakkerne er lavet efter samme form, som de klassiske ovale SHAKER \u00e6sker. Bakkerne er h\u00e5ndlavede i kirseb\u00e6rtr\u00e6 og kanterne er f\u00e6stnet med kopper stifter. De er behandlet med vandbaseret lak for at sikre lang holdbarhed. Bakkerne m\u00e5ler 40\/46\/56 cm.","jetpack_sharing_enabled":true,"_links":{"self":[{"href":"https:\/\/ultimo.dk\/en\/wp-json\/wp\/v2\/product\/5434","targetHints":{"allow":["GET"]}}],"collection":[{"href":"https:\/\/ultimo.dk\/en\/wp-json\/wp\/v2\/product"}],"about":[{"href":"https:\/\/ultimo.dk\/en\/wp-json\/wp\/v2\/types\/product"}],"wp:featuredmedia":[{"embeddable":true,"href":"https:\/\/ultimo.dk\/en\/wp-json\/wp\/v2\/media\/3526"}],"wp:attachment":[{"href":"https:\/\/ultimo.dk\/en\/wp-json\/wp\/v2\/media?parent=5434"}],"wp:term":[{"taxonomy":"product_brand","embeddable":true,"href":"https:\/\/ultimo.dk\/en\/wp-json\/wp\/v2\/product_brand?post=5434"},{"taxonomy":"product_cat","embeddable":true,"href":"https:\/\/ultimo.dk\/en\/wp-json\/wp\/v2\/product_cat?post=5434"},{"taxonomy":"product_tag","embeddable":true,"href":"https:\/\/ultimo.dk\/en\/wp-json\/wp\/v2\/product_tag?post=5434"}],"curies":[{"name":"wp","href":"https:\/\/api.w.org\/{rel}","templated":true}]}}