{"id":5423,"date":"2024-08-02T13:44:22","date_gmt":"2024-08-02T13:44:22","guid":{"rendered":"https:\/\/ultimo.dk\/?post_type=product&#038;p=5423"},"modified":"2025-11-16T13:34:16","modified_gmt":"2025-11-16T13:34:16","slug":"shaker-oval-aeske-oval-box","status":"publish","type":"product","link":"https:\/\/ultimo.dk\/en\/product\/shaker-oval-aeske-oval-box\/","title":{"rendered":"SHAKER Oval Box"},"content":{"rendered":"<p>The oval Shaker boxes are the essence of classic craftsmanship and timeless design.<\/p>\n<p>The boxes have been handcrafted in the same way for the past 250 years, made from cherry wood, copper tacks, and small wooden pegs. Finished on the outside with a water-based varnish.<\/p>\n<p>Measures 15\/18\/22\/25\/27\/30\/32<\/p>","protected":false},"excerpt":{"rendered":"<p>De ovale Shaker \u00e6sker er essensen af klassisk h\u00e5ndv\u00e6rk og tidl\u00f8st design. \u00c6skerne er h\u00e5ndlavede p\u00e5 samme m\u00e5de i de sidste 250 \u00e5r, fremstillet af kirseb\u00e6rtr\u00e6, kobber stifter og sm\u00e5 tr\u00e6dyvler. Udvendigt behandlet med vandbaseret lak. M\u00e5ler 15\/18\/22\/25\/27\/30\/32 cm<\/p>","protected":false},"featured_media":1110,"template":"","meta":{"_uag_custom_page_level_css":"","site-sidebar-layout":"default","site-content-layout":"default","ast-site-content-layout":"default","site-content-style":"default","site-sidebar-style":"default","ast-global-header-display":"","ast-banner-title-visibility":"","ast-main-header-display":"","ast-hfb-above-header-display":"","ast-hfb-below-header-display":"","ast-hfb-mobile-header-display":"","site-post-title":"","ast-breadcrumbs-content":"","ast-featured-img":"","footer-sml-layout":"","theme-transparent-header-meta":"default","adv-header-id-meta":"","stick-header-meta":"","header-above-stick-meta":"","header-main-stick-meta":"","header-below-stick-meta":"","astra-migrate-meta-layouts":"set","ast-page-background-enabled":"default","ast-page-background-meta":{"desktop":{"background-color":"","background-image":"","background-repeat":"repeat","background-position":"center center","background-size":"auto","background-attachment":"scroll","background-type":"","background-media":"","overlay-type":"","overlay-color":"","overlay-opacity":"","overlay-gradient":""},"tablet":{"background-color":"","background-image":"","background-repeat":"repeat","background-position":"center center","background-size":"auto","background-attachment":"scroll","background-type":"","background-media":"","overlay-type":"","overlay-color":"","overlay-opacity":"","overlay-gradient":""},"mobile":{"background-color":"","background-image":"","background-repeat":"repeat","background-position":"center center","background-size":"auto","background-attachment":"scroll","background-type":"","background-media":"","overlay-type":"","overlay-color":"","overlay-opacity":"","overlay-gradient":""}},"ast-content-background-meta":{"desktop":{"background-color":"var(--ast-global-color-5)","background-image":"","background-repeat":"repeat","background-position":"center center","background-size":"auto","background-attachment":"scroll","background-type":"","background-media":"","overlay-type":"","overlay-color":"","overlay-opacity":"","overlay-gradient":""},"tablet":{"background-color":"var(--ast-global-color-5)","background-image":"","background-repeat":"repeat","background-position":"center center","background-size":"auto","background-attachment":"scroll","background-type":"","background-media":"","overlay-type":"","overlay-color":"","overlay-opacity":"","overlay-gradient":""},"mobile":{"background-color":"var(--ast-global-color-5)","background-image":"","background-repeat":"repeat","background-position":"center center","background-size":"auto","background-attachment":"scroll","background-type":"","background-media":"","overlay-type":"","overlay-color":"","overlay-opacity":"","overlay-gradient":""}}},"product_brand":[],"product_cat":[61],"product_tag":[],"class_list":{"0":"post-5423","1":"product","2":"type-product","3":"status-publish","4":"has-post-thumbnail","6":"product_cat-shaker-by-rikke-falkow","7":"desktop-align-left","8":"tablet-align-left","9":"mobile-align-left","11":"first","12":"instock","13":"taxable","14":"shipping-taxable","15":"purchasable","16":"product-type-variable"},"uagb_featured_image_src":{"full":["https:\/\/ultimo.dk\/wp-content\/uploads\/2022\/03\/BR-Boxes-all-sizes.jpeg",342,480,false],"thumbnail":["https:\/\/ultimo.dk\/wp-content\/uploads\/2022\/03\/BR-Boxes-all-sizes-150x150.jpeg",150,150,true],"medium":["https:\/\/ultimo.dk\/wp-content\/uploads\/2022\/03\/BR-Boxes-all-sizes-214x300.jpeg",214,300,true],"medium_large":["https:\/\/ultimo.dk\/wp-content\/uploads\/2022\/03\/BR-Boxes-all-sizes.jpeg",342,480,false],"large":["https:\/\/ultimo.dk\/wp-content\/uploads\/2022\/03\/BR-Boxes-all-sizes.jpeg",342,480,false],"1536x1536":["https:\/\/ultimo.dk\/wp-content\/uploads\/2022\/03\/BR-Boxes-all-sizes.jpeg",342,480,false],"2048x2048":["https:\/\/ultimo.dk\/wp-content\/uploads\/2022\/03\/BR-Boxes-all-sizes.jpeg",342,480,false],"trp-custom-language-flag":["https:\/\/ultimo.dk\/wp-content\/uploads\/2022\/03\/BR-Boxes-all-sizes.jpeg",9,12,false],"woocommerce_thumbnail":["https:\/\/ultimo.dk\/wp-content\/uploads\/2022\/03\/BR-Boxes-all-sizes-300x300.jpeg",300,300,true],"woocommerce_single":["https:\/\/ultimo.dk\/wp-content\/uploads\/2022\/03\/BR-Boxes-all-sizes.jpeg",342,480,false],"woocommerce_gallery_thumbnail":["https:\/\/ultimo.dk\/wp-content\/uploads\/2022\/03\/BR-Boxes-all-sizes-100x100.jpeg",100,100,true]},"uagb_author_info":{"display_name":"admin","author_link":"https:\/\/ultimo.dk\/en\/author\/"},"uagb_comment_info":0,"uagb_excerpt":"De ovale Shaker \u00e6sker er essensen af klassisk h\u00e5ndv\u00e6rk og tidl\u00f8st design. \u00c6skerne er h\u00e5ndlavede p\u00e5 samme m\u00e5de i de sidste 250 \u00e5r, fremstillet af kirseb\u00e6rtr\u00e6, kobber stifter og sm\u00e5 tr\u00e6dyvler. Udvendigt behandlet med vandbaseret lak. M\u00e5ler 15\/18\/22\/25\/27\/30\/32 cm","jetpack_sharing_enabled":true,"_links":{"self":[{"href":"https:\/\/ultimo.dk\/en\/wp-json\/wp\/v2\/product\/5423","targetHints":{"allow":["GET"]}}],"collection":[{"href":"https:\/\/ultimo.dk\/en\/wp-json\/wp\/v2\/product"}],"about":[{"href":"https:\/\/ultimo.dk\/en\/wp-json\/wp\/v2\/types\/product"}],"wp:featuredmedia":[{"embeddable":true,"href":"https:\/\/ultimo.dk\/en\/wp-json\/wp\/v2\/media\/1110"}],"wp:attachment":[{"href":"https:\/\/ultimo.dk\/en\/wp-json\/wp\/v2\/media?parent=5423"}],"wp:term":[{"taxonomy":"product_brand","embeddable":true,"href":"https:\/\/ultimo.dk\/en\/wp-json\/wp\/v2\/product_brand?post=5423"},{"taxonomy":"product_cat","embeddable":true,"href":"https:\/\/ultimo.dk\/en\/wp-json\/wp\/v2\/product_cat?post=5423"},{"taxonomy":"product_tag","embeddable":true,"href":"https:\/\/ultimo.dk\/en\/wp-json\/wp\/v2\/product_tag?post=5423"}],"curies":[{"name":"wp","href":"https:\/\/api.w.org\/{rel}","templated":true}]}}