{"id":3525,"date":"2022-05-31T10:43:31","date_gmt":"2022-05-31T10:43:31","guid":{"rendered":"https:\/\/ultimo.dk\/?post_type=product&#038;p=3525"},"modified":"2025-08-25T18:09:18","modified_gmt":"2025-08-25T18:09:18","slug":"shaker-strikkeaeske-33-cm-knitters-boxes-33-cm","status":"publish","type":"product","link":"https:\/\/ultimo.dk\/en\/product\/shaker-strikkeaeske-33-cm-knitters-boxes-33-cm\/","title":{"rendered":"SHAKER Knitters Box 32 cm"},"content":{"rendered":"<p>Perfect box with handle and lid for storing handicrafts or anything else. Available in two sizes. This is the large one, measuring 32 cm.<\/p>","protected":false},"excerpt":{"rendered":"<p>Perfect box with handle and lid for storing handicrafts or anything else. Available in two sizes. This is the large one, measuring 32 cm.<\/p>","protected":false},"featured_media":5218,"template":"","meta":{"_uag_custom_page_level_css":"","site-sidebar-layout":"default","site-content-layout":"default","ast-site-content-layout":"default","site-content-style":"default","site-sidebar-style":"default","ast-global-header-display":"","ast-banner-title-visibility":"","ast-main-header-display":"","ast-hfb-above-header-display":"","ast-hfb-below-header-display":"","ast-hfb-mobile-header-display":"","site-post-title":"","ast-breadcrumbs-content":"","ast-featured-img":"","footer-sml-layout":"","theme-transparent-header-meta":"default","adv-header-id-meta":"","stick-header-meta":"","header-above-stick-meta":"","header-main-stick-meta":"","header-below-stick-meta":"","astra-migrate-meta-layouts":"set","ast-page-background-enabled":"default","ast-page-background-meta":{"desktop":{"background-color":"","background-image":"","background-repeat":"repeat","background-position":"center center","background-size":"auto","background-attachment":"scroll","background-type":"","background-media":"","overlay-type":"","overlay-color":"","overlay-opacity":"","overlay-gradient":""},"tablet":{"background-color":"","background-image":"","background-repeat":"repeat","background-position":"center center","background-size":"auto","background-attachment":"scroll","background-type":"","background-media":"","overlay-type":"","overlay-color":"","overlay-opacity":"","overlay-gradient":""},"mobile":{"background-color":"","background-image":"","background-repeat":"repeat","background-position":"center center","background-size":"auto","background-attachment":"scroll","background-type":"","background-media":"","overlay-type":"","overlay-color":"","overlay-opacity":"","overlay-gradient":""}},"ast-content-background-meta":{"desktop":{"background-color":"var(--ast-global-color-5)","background-image":"","background-repeat":"repeat","background-position":"center center","background-size":"auto","background-attachment":"scroll","background-type":"","background-media":"","overlay-type":"","overlay-color":"","overlay-opacity":"","overlay-gradient":""},"tablet":{"background-color":"var(--ast-global-color-5)","background-image":"","background-repeat":"repeat","background-position":"center center","background-size":"auto","background-attachment":"scroll","background-type":"","background-media":"","overlay-type":"","overlay-color":"","overlay-opacity":"","overlay-gradient":""},"mobile":{"background-color":"var(--ast-global-color-5)","background-image":"","background-repeat":"repeat","background-position":"center center","background-size":"auto","background-attachment":"scroll","background-type":"","background-media":"","overlay-type":"","overlay-color":"","overlay-opacity":"","overlay-gradient":""}}},"product_brand":[],"product_cat":[61],"product_tag":[],"class_list":{"0":"post-3525","1":"product","2":"type-product","3":"status-publish","4":"has-post-thumbnail","6":"product_cat-shaker-by-rikke-falkow","7":"desktop-align-left","8":"tablet-align-left","9":"mobile-align-left","11":"first","12":"instock","13":"taxable","14":"shipping-taxable","15":"purchasable","16":"product-type-simple"},"uagb_featured_image_src":{"full":["https:\/\/ultimo.dk\/wp-content\/uploads\/2022\/05\/RIKKE_FALKOW_20230929_007_lowres.jpeg",1500,1500,false],"thumbnail":["https:\/\/ultimo.dk\/wp-content\/uploads\/2022\/05\/RIKKE_FALKOW_20230929_007_lowres-150x150.jpeg",150,150,true],"medium":["https:\/\/ultimo.dk\/wp-content\/uploads\/2022\/05\/RIKKE_FALKOW_20230929_007_lowres-300x300.jpeg",300,300,true],"medium_large":["https:\/\/ultimo.dk\/wp-content\/uploads\/2022\/05\/RIKKE_FALKOW_20230929_007_lowres-768x768.jpeg",768,768,true],"large":["https:\/\/ultimo.dk\/wp-content\/uploads\/2022\/05\/RIKKE_FALKOW_20230929_007_lowres-1024x1024.jpeg",1024,1024,true],"1536x1536":["https:\/\/ultimo.dk\/wp-content\/uploads\/2022\/05\/RIKKE_FALKOW_20230929_007_lowres.jpeg",1500,1500,false],"2048x2048":["https:\/\/ultimo.dk\/wp-content\/uploads\/2022\/05\/RIKKE_FALKOW_20230929_007_lowres.jpeg",1500,1500,false],"trp-custom-language-flag":["https:\/\/ultimo.dk\/wp-content\/uploads\/2022\/05\/RIKKE_FALKOW_20230929_007_lowres-12x12.jpeg",12,12,true],"woocommerce_thumbnail":["https:\/\/ultimo.dk\/wp-content\/uploads\/2022\/05\/RIKKE_FALKOW_20230929_007_lowres-300x300.jpeg",300,300,true],"woocommerce_single":["https:\/\/ultimo.dk\/wp-content\/uploads\/2022\/05\/RIKKE_FALKOW_20230929_007_lowres-600x600.jpeg",600,600,true],"woocommerce_gallery_thumbnail":["https:\/\/ultimo.dk\/wp-content\/uploads\/2022\/05\/RIKKE_FALKOW_20230929_007_lowres-100x100.jpeg",100,100,true]},"uagb_author_info":{"display_name":"admin","author_link":"https:\/\/ultimo.dk\/en\/author\/"},"uagb_comment_info":0,"uagb_excerpt":"Perfekt \u00e6ske med h\u00e5ndtag og l\u00e5g, til opbevaring af h\u00e5ndarbejde eller alt muligt andet. Findes i to st\u00f8rrelser. Dette er den store, der m\u00e5ler 32 cm.","jetpack_sharing_enabled":true,"_links":{"self":[{"href":"https:\/\/ultimo.dk\/en\/wp-json\/wp\/v2\/product\/3525","targetHints":{"allow":["GET"]}}],"collection":[{"href":"https:\/\/ultimo.dk\/en\/wp-json\/wp\/v2\/product"}],"about":[{"href":"https:\/\/ultimo.dk\/en\/wp-json\/wp\/v2\/types\/product"}],"wp:featuredmedia":[{"embeddable":true,"href":"https:\/\/ultimo.dk\/en\/wp-json\/wp\/v2\/media\/5218"}],"wp:attachment":[{"href":"https:\/\/ultimo.dk\/en\/wp-json\/wp\/v2\/media?parent=3525"}],"wp:term":[{"taxonomy":"product_brand","embeddable":true,"href":"https:\/\/ultimo.dk\/en\/wp-json\/wp\/v2\/product_brand?post=3525"},{"taxonomy":"product_cat","embeddable":true,"href":"https:\/\/ultimo.dk\/en\/wp-json\/wp\/v2\/product_cat?post=3525"},{"taxonomy":"product_tag","embeddable":true,"href":"https:\/\/ultimo.dk\/en\/wp-json\/wp\/v2\/product_tag?post=3525"}],"curies":[{"name":"wp","href":"https:\/\/api.w.org\/{rel}","templated":true}]}}