{"id":2962,"date":"2022-05-20T10:11:04","date_gmt":"2022-05-20T10:11:04","guid":{"rendered":"https:\/\/ultimo.dk\/?post_type=product&#038;p=2962"},"modified":"2025-11-16T13:36:08","modified_gmt":"2025-11-16T13:36:08","slug":"rikke-falkow-bag-black-large","status":"publish","type":"product","link":"https:\/\/ultimo.dk\/en\/product\/rikke-falkow-bag-black-large\/","title":{"rendered":"RIKKE FALKOW Bag Black Large"},"content":{"rendered":"<p>An elegant and timeless everyday bag in a natural color with a generous center compartment and 2 spacious zipper pockets.<\/p>\n<p>Handcrafted in Toscana, Italy, from exquisite vegetable- tanned leather in Vacchetta quality. Over time it darkens slightly and develops a beautiful patina and unique marks, giving your bag a truly distinctive personality.<\/p>\n<p>Also available in Nature<\/p>\n<p>Dimensions: 40cm x 30cm x 12cm<\/p>","protected":false},"excerpt":{"rendered":"<p>En elegant og tidsl\u00f8s hverdagstaske med et stort rum og to rummelige lynl\u00e5slommer. H\u00e5ndlavet i naturfarvet vegetabilsk garvet Vacchetta-l\u00e6der. Med tiden vil tasken blive m\u00f8rkere og bl\u00f8dere og udvikle en smuk og unik patina. F\u00e5s ogs\u00e5 i Natur. St\u00f8rrelse: 40cm x 30cm x 12cm<\/p>","protected":false},"featured_media":700,"template":"","meta":{"_uag_custom_page_level_css":"","site-sidebar-layout":"default","site-content-layout":"default","ast-site-content-layout":"default","site-content-style":"default","site-sidebar-style":"default","ast-global-header-display":"","ast-banner-title-visibility":"","ast-main-header-display":"","ast-hfb-above-header-display":"","ast-hfb-below-header-display":"","ast-hfb-mobile-header-display":"","site-post-title":"","ast-breadcrumbs-content":"","ast-featured-img":"","footer-sml-layout":"","theme-transparent-header-meta":"default","adv-header-id-meta":"","stick-header-meta":"","header-above-stick-meta":"","header-main-stick-meta":"","header-below-stick-meta":"","astra-migrate-meta-layouts":"set","ast-page-background-enabled":"default","ast-page-background-meta":{"desktop":{"background-color":"","background-image":"","background-repeat":"repeat","background-position":"center center","background-size":"auto","background-attachment":"scroll","background-type":"","background-media":"","overlay-type":"","overlay-color":"","overlay-opacity":"","overlay-gradient":""},"tablet":{"background-color":"","background-image":"","background-repeat":"repeat","background-position":"center center","background-size":"auto","background-attachment":"scroll","background-type":"","background-media":"","overlay-type":"","overlay-color":"","overlay-opacity":"","overlay-gradient":""},"mobile":{"background-color":"","background-image":"","background-repeat":"repeat","background-position":"center center","background-size":"auto","background-attachment":"scroll","background-type":"","background-media":"","overlay-type":"","overlay-color":"","overlay-opacity":"","overlay-gradient":""}},"ast-content-background-meta":{"desktop":{"background-color":"var(--ast-global-color-5)","background-image":"","background-repeat":"repeat","background-position":"center center","background-size":"auto","background-attachment":"scroll","background-type":"","background-media":"","overlay-type":"","overlay-color":"","overlay-opacity":"","overlay-gradient":""},"tablet":{"background-color":"var(--ast-global-color-5)","background-image":"","background-repeat":"repeat","background-position":"center center","background-size":"auto","background-attachment":"scroll","background-type":"","background-media":"","overlay-type":"","overlay-color":"","overlay-opacity":"","overlay-gradient":""},"mobile":{"background-color":"var(--ast-global-color-5)","background-image":"","background-repeat":"repeat","background-position":"center center","background-size":"auto","background-attachment":"scroll","background-type":"","background-media":"","overlay-type":"","overlay-color":"","overlay-opacity":"","overlay-gradient":""}}},"product_brand":[],"product_cat":[32,50],"product_tag":[],"class_list":{"0":"post-2962","1":"product","2":"type-product","3":"status-publish","4":"has-post-thumbnail","6":"product_cat-rikke-falkow-bags","7":"product_cat-shop-rikke-falkow","8":"desktop-align-left","9":"tablet-align-left","10":"mobile-align-left","12":"first","13":"instock","14":"taxable","15":"shipping-taxable","16":"purchasable","17":"product-type-simple"},"uagb_featured_image_src":{"full":["https:\/\/ultimo.dk\/wp-content\/uploads\/2022\/01\/R_FALKOW_20210702_002-scaled.jpg",2560,1751,false],"thumbnail":["https:\/\/ultimo.dk\/wp-content\/uploads\/2022\/01\/R_FALKOW_20210702_002-150x150.jpg",150,150,true],"medium":["https:\/\/ultimo.dk\/wp-content\/uploads\/2022\/01\/R_FALKOW_20210702_002-300x205.jpg",300,205,true],"medium_large":["https:\/\/ultimo.dk\/wp-content\/uploads\/2022\/01\/R_FALKOW_20210702_002-768x525.jpg",768,525,true],"large":["https:\/\/ultimo.dk\/wp-content\/uploads\/2022\/01\/R_FALKOW_20210702_002-1024x700.jpg",1024,700,true],"1536x1536":["https:\/\/ultimo.dk\/wp-content\/uploads\/2022\/01\/R_FALKOW_20210702_002-1536x1051.jpg",1536,1051,true],"2048x2048":["https:\/\/ultimo.dk\/wp-content\/uploads\/2022\/01\/R_FALKOW_20210702_002-2048x1401.jpg",2048,1401,true],"trp-custom-language-flag":["https:\/\/ultimo.dk\/wp-content\/uploads\/2022\/01\/R_FALKOW_20210702_002-scaled.jpg",18,12,false],"woocommerce_thumbnail":["https:\/\/ultimo.dk\/wp-content\/uploads\/2022\/01\/R_FALKOW_20210702_002-scaled-300x300.jpg",300,300,true],"woocommerce_single":["https:\/\/ultimo.dk\/wp-content\/uploads\/2022\/01\/R_FALKOW_20210702_002-scaled-600x410.jpg",600,410,true],"woocommerce_gallery_thumbnail":["https:\/\/ultimo.dk\/wp-content\/uploads\/2022\/01\/R_FALKOW_20210702_002-scaled-100x100.jpg",100,100,true]},"uagb_author_info":{"display_name":"admin","author_link":"https:\/\/ultimo.dk\/en\/author\/"},"uagb_comment_info":0,"uagb_excerpt":"En elegant og tidsl\u00f8s hverdagstaske med et stort rum og to rummelige lynl\u00e5slommer. H\u00e5ndlavet i naturfarvet vegetabilsk garvet Vacchetta-l\u00e6der. Med tiden vil tasken blive m\u00f8rkere og bl\u00f8dere og udvikle en smuk og unik patina. F\u00e5s ogs\u00e5 i Natur. St\u00f8rrelse: 40cm x 30cm x 12cm","jetpack_sharing_enabled":true,"_links":{"self":[{"href":"https:\/\/ultimo.dk\/en\/wp-json\/wp\/v2\/product\/2962","targetHints":{"allow":["GET"]}}],"collection":[{"href":"https:\/\/ultimo.dk\/en\/wp-json\/wp\/v2\/product"}],"about":[{"href":"https:\/\/ultimo.dk\/en\/wp-json\/wp\/v2\/types\/product"}],"wp:featuredmedia":[{"embeddable":true,"href":"https:\/\/ultimo.dk\/en\/wp-json\/wp\/v2\/media\/700"}],"wp:attachment":[{"href":"https:\/\/ultimo.dk\/en\/wp-json\/wp\/v2\/media?parent=2962"}],"wp:term":[{"taxonomy":"product_brand","embeddable":true,"href":"https:\/\/ultimo.dk\/en\/wp-json\/wp\/v2\/product_brand?post=2962"},{"taxonomy":"product_cat","embeddable":true,"href":"https:\/\/ultimo.dk\/en\/wp-json\/wp\/v2\/product_cat?post=2962"},{"taxonomy":"product_tag","embeddable":true,"href":"https:\/\/ultimo.dk\/en\/wp-json\/wp\/v2\/product_tag?post=2962"}],"curies":[{"name":"wp","href":"https:\/\/api.w.org\/{rel}","templated":true}]}}