{"id":2961,"date":"2022-05-20T10:10:46","date_gmt":"2022-05-20T10:10:46","guid":{"rendered":"https:\/\/ultimo.dk\/?post_type=product&#038;p=2961"},"modified":"2025-08-25T18:13:40","modified_gmt":"2025-08-25T18:13:40","slug":"rikke-falkow-shoulder-bag-nature","status":"publish","type":"product","link":"https:\/\/ultimo.dk\/en\/product\/rikke-falkow-shoulder-bag-nature\/","title":{"rendered":"RIKKE FALKOW Shoulder Bag Nature"},"content":{"rendered":"<p>A small bag in an elegant and timeless design for everyday use.<\/p>\n<p>Handcrafted in Toscana, Italy, from exquisite vegetable- tanned leather in Vacchetta quality. Over time it will darken and soften and develop a beautiful patina and unique marks, giving the bag a truly distinctive personality.<\/p>\n<p>Also available in Black.<\/p>\n<p>Dimensions: 25cm x 20cm x 7cm<\/p>","protected":false},"excerpt":{"rendered":"<p>Elegant, tidsl\u00f8s og praktisk lille taske i vegetabilsk garvet Vacchetta-l\u00e6der. H\u00e5ndlavet i Toscana, Italien. Med tiden vil tasken blive m\u00f8rkere og bl\u00f8dere og udvikle en smuk og unik patina. F\u00e5s ogs\u00e5 i Sort. St\u00f8rrelse: 25cm x 20cm x 7cm<\/p>","protected":false},"featured_media":710,"template":"","meta":{"_uag_custom_page_level_css":"","site-sidebar-layout":"default","site-content-layout":"default","ast-site-content-layout":"default","site-content-style":"default","site-sidebar-style":"default","ast-global-header-display":"","ast-banner-title-visibility":"","ast-main-header-display":"","ast-hfb-above-header-display":"","ast-hfb-below-header-display":"","ast-hfb-mobile-header-display":"","site-post-title":"","ast-breadcrumbs-content":"","ast-featured-img":"","footer-sml-layout":"","theme-transparent-header-meta":"default","adv-header-id-meta":"","stick-header-meta":"","header-above-stick-meta":"","header-main-stick-meta":"","header-below-stick-meta":"","astra-migrate-meta-layouts":"set","ast-page-background-enabled":"default","ast-page-background-meta":{"desktop":{"background-color":"","background-image":"","background-repeat":"repeat","background-position":"center center","background-size":"auto","background-attachment":"scroll","background-type":"","background-media":"","overlay-type":"","overlay-color":"","overlay-opacity":"","overlay-gradient":""},"tablet":{"background-color":"","background-image":"","background-repeat":"repeat","background-position":"center center","background-size":"auto","background-attachment":"scroll","background-type":"","background-media":"","overlay-type":"","overlay-color":"","overlay-opacity":"","overlay-gradient":""},"mobile":{"background-color":"","background-image":"","background-repeat":"repeat","background-position":"center center","background-size":"auto","background-attachment":"scroll","background-type":"","background-media":"","overlay-type":"","overlay-color":"","overlay-opacity":"","overlay-gradient":""}},"ast-content-background-meta":{"desktop":{"background-color":"var(--ast-global-color-5)","background-image":"","background-repeat":"repeat","background-position":"center center","background-size":"auto","background-attachment":"scroll","background-type":"","background-media":"","overlay-type":"","overlay-color":"","overlay-opacity":"","overlay-gradient":""},"tablet":{"background-color":"var(--ast-global-color-5)","background-image":"","background-repeat":"repeat","background-position":"center center","background-size":"auto","background-attachment":"scroll","background-type":"","background-media":"","overlay-type":"","overlay-color":"","overlay-opacity":"","overlay-gradient":""},"mobile":{"background-color":"var(--ast-global-color-5)","background-image":"","background-repeat":"repeat","background-position":"center center","background-size":"auto","background-attachment":"scroll","background-type":"","background-media":"","overlay-type":"","overlay-color":"","overlay-opacity":"","overlay-gradient":""}}},"product_brand":[],"product_cat":[32,50],"product_tag":[],"class_list":{"0":"post-2961","1":"product","2":"type-product","3":"status-publish","4":"has-post-thumbnail","6":"product_cat-rikke-falkow-bags","7":"product_cat-shop-rikke-falkow","8":"desktop-align-left","9":"tablet-align-left","10":"mobile-align-left","12":"first","13":"instock","14":"sale","15":"taxable","16":"shipping-taxable","17":"purchasable","18":"product-type-simple"},"uagb_featured_image_src":{"full":["https:\/\/ultimo.dk\/wp-content\/uploads\/2022\/01\/RIKKEFALKOW_20211109_002-scaled.jpg",2560,1834,false],"thumbnail":["https:\/\/ultimo.dk\/wp-content\/uploads\/2022\/01\/RIKKEFALKOW_20211109_002-150x150.jpg",150,150,true],"medium":["https:\/\/ultimo.dk\/wp-content\/uploads\/2022\/01\/RIKKEFALKOW_20211109_002-300x215.jpg",300,215,true],"medium_large":["https:\/\/ultimo.dk\/wp-content\/uploads\/2022\/01\/RIKKEFALKOW_20211109_002-768x550.jpg",768,550,true],"large":["https:\/\/ultimo.dk\/wp-content\/uploads\/2022\/01\/RIKKEFALKOW_20211109_002-1024x734.jpg",1024,734,true],"1536x1536":["https:\/\/ultimo.dk\/wp-content\/uploads\/2022\/01\/RIKKEFALKOW_20211109_002-1536x1101.jpg",1536,1101,true],"2048x2048":["https:\/\/ultimo.dk\/wp-content\/uploads\/2022\/01\/RIKKEFALKOW_20211109_002-2048x1467.jpg",2048,1467,true],"trp-custom-language-flag":["https:\/\/ultimo.dk\/wp-content\/uploads\/2022\/01\/RIKKEFALKOW_20211109_002-scaled.jpg",18,12,false],"woocommerce_thumbnail":["https:\/\/ultimo.dk\/wp-content\/uploads\/2022\/01\/RIKKEFALKOW_20211109_002-scaled-300x300.jpg",300,300,true],"woocommerce_single":["https:\/\/ultimo.dk\/wp-content\/uploads\/2022\/01\/RIKKEFALKOW_20211109_002-scaled-600x430.jpg",600,430,true],"woocommerce_gallery_thumbnail":["https:\/\/ultimo.dk\/wp-content\/uploads\/2022\/01\/RIKKEFALKOW_20211109_002-scaled-100x100.jpg",100,100,true]},"uagb_author_info":{"display_name":"admin","author_link":"https:\/\/ultimo.dk\/en\/author\/"},"uagb_comment_info":0,"uagb_excerpt":"Elegant, tidsl\u00f8s og praktisk lille taske i vegetabilsk garvet Vacchetta-l\u00e6der. H\u00e5ndlavet i Toscana, Italien. Med tiden vil tasken blive m\u00f8rkere og bl\u00f8dere og udvikle en smuk og unik patina. F\u00e5s ogs\u00e5 i Sort. St\u00f8rrelse: 25cm x 20cm x 7cm","jetpack_sharing_enabled":true,"_links":{"self":[{"href":"https:\/\/ultimo.dk\/en\/wp-json\/wp\/v2\/product\/2961","targetHints":{"allow":["GET"]}}],"collection":[{"href":"https:\/\/ultimo.dk\/en\/wp-json\/wp\/v2\/product"}],"about":[{"href":"https:\/\/ultimo.dk\/en\/wp-json\/wp\/v2\/types\/product"}],"wp:featuredmedia":[{"embeddable":true,"href":"https:\/\/ultimo.dk\/en\/wp-json\/wp\/v2\/media\/710"}],"wp:attachment":[{"href":"https:\/\/ultimo.dk\/en\/wp-json\/wp\/v2\/media?parent=2961"}],"wp:term":[{"taxonomy":"product_brand","embeddable":true,"href":"https:\/\/ultimo.dk\/en\/wp-json\/wp\/v2\/product_brand?post=2961"},{"taxonomy":"product_cat","embeddable":true,"href":"https:\/\/ultimo.dk\/en\/wp-json\/wp\/v2\/product_cat?post=2961"},{"taxonomy":"product_tag","embeddable":true,"href":"https:\/\/ultimo.dk\/en\/wp-json\/wp\/v2\/product_tag?post=2961"}],"curies":[{"name":"wp","href":"https:\/\/api.w.org\/{rel}","templated":true}]}}