{"id":2074,"date":"2022-04-03T20:18:10","date_gmt":"2022-04-03T20:18:10","guid":{"rendered":"http:\/\/redesign-ultimo.local\/?post_type=product&#038;p=2074"},"modified":"2025-12-01T19:23:20","modified_gmt":"2025-12-01T19:23:20","slug":"shaker-hogscraper-candlesticks","status":"publish","type":"product","link":"https:\/\/ultimo.dk\/en\/product\/shaker-hogscraper-candlesticks\/","title":{"rendered":"SHAKER Bronze Candlestick"},"content":{"rendered":"<p>Beautiful and simple candlestick in solid bronze.<\/p>\n<p>Looks beautiful both in pairs and alone<\/p>\n<p>Height 17.5 cm<\/p>","protected":false},"excerpt":{"rendered":"<p>Smuk og enkel lysestage i massiv bronze. St\u00e5r smukt b\u00e5de parvis og alene H\u00f8jde 17,5 cm<\/p>","protected":false},"featured_media":1114,"template":"","meta":{"_uag_custom_page_level_css":"","site-sidebar-layout":"default","site-content-layout":"default","ast-site-content-layout":"default","site-content-style":"default","site-sidebar-style":"default","ast-global-header-display":"","ast-banner-title-visibility":"","ast-main-header-display":"","ast-hfb-above-header-display":"","ast-hfb-below-header-display":"","ast-hfb-mobile-header-display":"","site-post-title":"","ast-breadcrumbs-content":"","ast-featured-img":"","footer-sml-layout":"","theme-transparent-header-meta":"default","adv-header-id-meta":"","stick-header-meta":"","header-above-stick-meta":"","header-main-stick-meta":"","header-below-stick-meta":"","astra-migrate-meta-layouts":"set","ast-page-background-enabled":"default","ast-page-background-meta":{"desktop":{"background-color":"","background-image":"","background-repeat":"repeat","background-position":"center center","background-size":"auto","background-attachment":"scroll","background-type":"","background-media":"","overlay-type":"","overlay-color":"","overlay-opacity":"","overlay-gradient":""},"tablet":{"background-color":"","background-image":"","background-repeat":"repeat","background-position":"center center","background-size":"auto","background-attachment":"scroll","background-type":"","background-media":"","overlay-type":"","overlay-color":"","overlay-opacity":"","overlay-gradient":""},"mobile":{"background-color":"","background-image":"","background-repeat":"repeat","background-position":"center center","background-size":"auto","background-attachment":"scroll","background-type":"","background-media":"","overlay-type":"","overlay-color":"","overlay-opacity":"","overlay-gradient":""}},"ast-content-background-meta":{"desktop":{"background-color":"var(--ast-global-color-5)","background-image":"","background-repeat":"repeat","background-position":"center center","background-size":"auto","background-attachment":"scroll","background-type":"","background-media":"","overlay-type":"","overlay-color":"","overlay-opacity":"","overlay-gradient":""},"tablet":{"background-color":"var(--ast-global-color-5)","background-image":"","background-repeat":"repeat","background-position":"center center","background-size":"auto","background-attachment":"scroll","background-type":"","background-media":"","overlay-type":"","overlay-color":"","overlay-opacity":"","overlay-gradient":""},"mobile":{"background-color":"var(--ast-global-color-5)","background-image":"","background-repeat":"repeat","background-position":"center center","background-size":"auto","background-attachment":"scroll","background-type":"","background-media":"","overlay-type":"","overlay-color":"","overlay-opacity":"","overlay-gradient":""}}},"product_brand":[],"product_cat":[61],"product_tag":[],"class_list":{"0":"post-2074","1":"product","2":"type-product","3":"status-publish","4":"has-post-thumbnail","6":"product_cat-shaker-by-rikke-falkow","7":"desktop-align-left","8":"tablet-align-left","9":"mobile-align-left","11":"first","12":"instock","13":"taxable","14":"shipping-taxable","15":"purchasable","16":"product-type-variable"},"uagb_featured_image_src":{"full":["https:\/\/ultimo.dk\/wp-content\/uploads\/2022\/03\/Candlesticks-basket.jpg",1241,1401,false],"thumbnail":["https:\/\/ultimo.dk\/wp-content\/uploads\/2022\/03\/Candlesticks-basket-150x150.jpg",150,150,true],"medium":["https:\/\/ultimo.dk\/wp-content\/uploads\/2022\/03\/Candlesticks-basket-266x300.jpg",266,300,true],"medium_large":["https:\/\/ultimo.dk\/wp-content\/uploads\/2022\/03\/Candlesticks-basket-768x867.jpg",768,867,true],"large":["https:\/\/ultimo.dk\/wp-content\/uploads\/2022\/03\/Candlesticks-basket-907x1024.jpg",907,1024,true],"1536x1536":["https:\/\/ultimo.dk\/wp-content\/uploads\/2022\/03\/Candlesticks-basket.jpg",1241,1401,false],"2048x2048":["https:\/\/ultimo.dk\/wp-content\/uploads\/2022\/03\/Candlesticks-basket.jpg",1241,1401,false],"trp-custom-language-flag":["https:\/\/ultimo.dk\/wp-content\/uploads\/2022\/03\/Candlesticks-basket.jpg",11,12,false],"woocommerce_thumbnail":["https:\/\/ultimo.dk\/wp-content\/uploads\/2022\/03\/Candlesticks-basket-300x300.jpg",300,300,true],"woocommerce_single":["https:\/\/ultimo.dk\/wp-content\/uploads\/2022\/03\/Candlesticks-basket-600x677.jpg",600,677,true],"woocommerce_gallery_thumbnail":["https:\/\/ultimo.dk\/wp-content\/uploads\/2022\/03\/Candlesticks-basket-100x100.jpg",100,100,true]},"uagb_author_info":{"display_name":"admin","author_link":"https:\/\/ultimo.dk\/en\/author\/"},"uagb_comment_info":0,"uagb_excerpt":"Smuk og enkel lysestage i massiv bronze. St\u00e5r smukt b\u00e5de parvis og alene H\u00f8jde 17,5 cm","jetpack_sharing_enabled":true,"_links":{"self":[{"href":"https:\/\/ultimo.dk\/en\/wp-json\/wp\/v2\/product\/2074","targetHints":{"allow":["GET"]}}],"collection":[{"href":"https:\/\/ultimo.dk\/en\/wp-json\/wp\/v2\/product"}],"about":[{"href":"https:\/\/ultimo.dk\/en\/wp-json\/wp\/v2\/types\/product"}],"wp:featuredmedia":[{"embeddable":true,"href":"https:\/\/ultimo.dk\/en\/wp-json\/wp\/v2\/media\/1114"}],"wp:attachment":[{"href":"https:\/\/ultimo.dk\/en\/wp-json\/wp\/v2\/media?parent=2074"}],"wp:term":[{"taxonomy":"product_brand","embeddable":true,"href":"https:\/\/ultimo.dk\/en\/wp-json\/wp\/v2\/product_brand?post=2074"},{"taxonomy":"product_cat","embeddable":true,"href":"https:\/\/ultimo.dk\/en\/wp-json\/wp\/v2\/product_cat?post=2074"},{"taxonomy":"product_tag","embeddable":true,"href":"https:\/\/ultimo.dk\/en\/wp-json\/wp\/v2\/product_tag?post=2074"}],"curies":[{"name":"wp","href":"https:\/\/api.w.org\/{rel}","templated":true}]}}