{"id":2046,"date":"2022-04-03T16:41:22","date_gmt":"2022-04-03T16:41:22","guid":{"rendered":"http:\/\/redesign-ultimo.local\/?post_type=product&#038;p=2046"},"modified":"2025-08-25T19:07:32","modified_gmt":"2025-08-25T19:07:32","slug":"rikke-falkow-shawl","status":"publish","type":"product","link":"https:\/\/ultimo.dk\/en\/product\/rikke-falkow-shawl\/","title":{"rendered":"RIKKE FALKOW Shawl"},"content":{"rendered":"<p>Varmt og bl\u00f8dt sjal i ren alpakauld.<\/p>\n<p>RIKKE FALKOW T\u00f8rkl\u00e6der er designet i Danmark og h\u00e5ndv\u00e6vet i Bolivia af den dygtige v\u00e6ver Don Apericia.<\/p>\n<p>Alpakaulden har et smukt fald og en silkeagtig bl\u00f8dhed. Det er varmere end lammeuld og indeholder ikke lanolin, hvilket g\u00f8r det allergivenligt.<\/p>\n<p>M\u00e5ler 45 cm x 170 cm<\/p>","protected":false},"excerpt":{"rendered":"<p>Varmt og bl\u00f8dt sjal i ren alpakauld. RIKKE FALKOW T\u00f8rkl\u00e6der er designet i Danmark og h\u00e5ndv\u00e6vet i Bolivia af den dygtige v\u00e6ver Don Apericia. Alpakaulden har et smukt fald og en silkeagtig bl\u00f8dhed. Det er varmere end lammeuld og indeholder ikke lanolin, hvilket g\u00f8r det allergivenligt. M\u00e5ler 45 cm x 170 cm<\/p>","protected":false},"featured_media":3673,"template":"","meta":{"_uag_custom_page_level_css":"","site-sidebar-layout":"default","site-content-layout":"default","ast-site-content-layout":"default","site-content-style":"default","site-sidebar-style":"default","ast-global-header-display":"","ast-banner-title-visibility":"","ast-main-header-display":"","ast-hfb-above-header-display":"","ast-hfb-below-header-display":"","ast-hfb-mobile-header-display":"","site-post-title":"","ast-breadcrumbs-content":"","ast-featured-img":"","footer-sml-layout":"","theme-transparent-header-meta":"default","adv-header-id-meta":"","stick-header-meta":"","header-above-stick-meta":"","header-main-stick-meta":"","header-below-stick-meta":"","astra-migrate-meta-layouts":"set","ast-page-background-enabled":"default","ast-page-background-meta":{"desktop":{"background-color":"","background-image":"","background-repeat":"repeat","background-position":"center center","background-size":"auto","background-attachment":"scroll","background-type":"","background-media":"","overlay-type":"","overlay-color":"","overlay-opacity":"","overlay-gradient":""},"tablet":{"background-color":"","background-image":"","background-repeat":"repeat","background-position":"center center","background-size":"auto","background-attachment":"scroll","background-type":"","background-media":"","overlay-type":"","overlay-color":"","overlay-opacity":"","overlay-gradient":""},"mobile":{"background-color":"","background-image":"","background-repeat":"repeat","background-position":"center center","background-size":"auto","background-attachment":"scroll","background-type":"","background-media":"","overlay-type":"","overlay-color":"","overlay-opacity":"","overlay-gradient":""}},"ast-content-background-meta":{"desktop":{"background-color":"var(--ast-global-color-5)","background-image":"","background-repeat":"repeat","background-position":"center center","background-size":"auto","background-attachment":"scroll","background-type":"","background-media":"","overlay-type":"","overlay-color":"","overlay-opacity":"","overlay-gradient":""},"tablet":{"background-color":"var(--ast-global-color-5)","background-image":"","background-repeat":"repeat","background-position":"center center","background-size":"auto","background-attachment":"scroll","background-type":"","background-media":"","overlay-type":"","overlay-color":"","overlay-opacity":"","overlay-gradient":""},"mobile":{"background-color":"var(--ast-global-color-5)","background-image":"","background-repeat":"repeat","background-position":"center center","background-size":"auto","background-attachment":"scroll","background-type":"","background-media":"","overlay-type":"","overlay-color":"","overlay-opacity":"","overlay-gradient":""}}},"product_brand":[],"product_cat":[40,50],"product_tag":[],"class_list":{"0":"post-2046","1":"product","2":"type-product","3":"status-publish","4":"has-post-thumbnail","6":"product_cat-rikke-falkow-scarves","7":"product_cat-shop-rikke-falkow","8":"desktop-align-left","9":"tablet-align-left","10":"mobile-align-left","12":"first","13":"instock","14":"sale","15":"taxable","16":"shipping-taxable","17":"purchasable","18":"product-type-variable"},"uagb_featured_image_src":{"full":["https:\/\/ultimo.dk\/wp-content\/uploads\/2022\/06\/Skaermbillede-2022-04-08-231744.png",353,425,false],"thumbnail":["https:\/\/ultimo.dk\/wp-content\/uploads\/2022\/06\/Skaermbillede-2022-04-08-231744-150x150.png",150,150,true],"medium":["https:\/\/ultimo.dk\/wp-content\/uploads\/2022\/06\/Skaermbillede-2022-04-08-231744-249x300.png",249,300,true],"medium_large":["https:\/\/ultimo.dk\/wp-content\/uploads\/2022\/06\/Skaermbillede-2022-04-08-231744.png",353,425,false],"large":["https:\/\/ultimo.dk\/wp-content\/uploads\/2022\/06\/Skaermbillede-2022-04-08-231744.png",353,425,false],"1536x1536":["https:\/\/ultimo.dk\/wp-content\/uploads\/2022\/06\/Skaermbillede-2022-04-08-231744.png",353,425,false],"2048x2048":["https:\/\/ultimo.dk\/wp-content\/uploads\/2022\/06\/Skaermbillede-2022-04-08-231744.png",353,425,false],"trp-custom-language-flag":["https:\/\/ultimo.dk\/wp-content\/uploads\/2022\/06\/Skaermbillede-2022-04-08-231744.png",10,12,false],"woocommerce_thumbnail":["https:\/\/ultimo.dk\/wp-content\/uploads\/2022\/06\/Skaermbillede-2022-04-08-231744-300x300.png",300,300,true],"woocommerce_single":["https:\/\/ultimo.dk\/wp-content\/uploads\/2022\/06\/Skaermbillede-2022-04-08-231744.png",353,425,false],"woocommerce_gallery_thumbnail":["https:\/\/ultimo.dk\/wp-content\/uploads\/2022\/06\/Skaermbillede-2022-04-08-231744-100x100.png",100,100,true]},"uagb_author_info":{"display_name":"admin","author_link":"https:\/\/ultimo.dk\/en\/author\/"},"uagb_comment_info":0,"uagb_excerpt":"Varmt og bl\u00f8dt sjal i ren alpakauld. RIKKE FALKOW T\u00f8rkl\u00e6der er designet i Danmark og h\u00e5ndv\u00e6vet i Bolivia af den dygtige v\u00e6ver Don Apericia. Alpakaulden har et smukt fald og en silkeagtig bl\u00f8dhed. Det er varmere end lammeuld og indeholder ikke lanolin, hvilket g\u00f8r det allergivenligt. M\u00e5ler 45 cm x 170 cm","jetpack_sharing_enabled":true,"_links":{"self":[{"href":"https:\/\/ultimo.dk\/en\/wp-json\/wp\/v2\/product\/2046","targetHints":{"allow":["GET"]}}],"collection":[{"href":"https:\/\/ultimo.dk\/en\/wp-json\/wp\/v2\/product"}],"about":[{"href":"https:\/\/ultimo.dk\/en\/wp-json\/wp\/v2\/types\/product"}],"wp:featuredmedia":[{"embeddable":true,"href":"https:\/\/ultimo.dk\/en\/wp-json\/wp\/v2\/media\/3673"}],"wp:attachment":[{"href":"https:\/\/ultimo.dk\/en\/wp-json\/wp\/v2\/media?parent=2046"}],"wp:term":[{"taxonomy":"product_brand","embeddable":true,"href":"https:\/\/ultimo.dk\/en\/wp-json\/wp\/v2\/product_brand?post=2046"},{"taxonomy":"product_cat","embeddable":true,"href":"https:\/\/ultimo.dk\/en\/wp-json\/wp\/v2\/product_cat?post=2046"},{"taxonomy":"product_tag","embeddable":true,"href":"https:\/\/ultimo.dk\/en\/wp-json\/wp\/v2\/product_tag?post=2046"}],"curies":[{"name":"wp","href":"https:\/\/api.w.org\/{rel}","templated":true}]}}