{"id":2036,"date":"2022-04-03T16:19:29","date_gmt":"2022-04-03T16:19:29","guid":{"rendered":"http:\/\/redesign-ultimo.local\/?post_type=product&#038;p=2036"},"modified":"2025-08-25T20:22:09","modified_gmt":"2025-08-25T20:22:09","slug":"rikke-falkow-classic-sweater","status":"publish","type":"product","link":"https:\/\/ultimo.dk\/en\/product\/rikke-falkow-classic-sweater\/","title":{"rendered":"RIKKE FALKOW Classic Sweater"},"content":{"rendered":"<p>Classic sweater in pure undyed Swedish Gotland wool.<\/p>\n<p>Available in gray, dark gray, dark brown, and white.<\/p>","protected":false},"excerpt":{"rendered":"<p>Klassisk sweater i ren ufarvet svensk gotlandsuld. F\u00e5s i gr\u00e5, m\u00f8rkegr\u00e5, m\u00f8rkebrun og hvid<\/p>","protected":false},"featured_media":4476,"template":"","meta":{"_uag_custom_page_level_css":"","site-sidebar-layout":"default","site-content-layout":"default","ast-site-content-layout":"default","site-content-style":"default","site-sidebar-style":"default","ast-global-header-display":"","ast-banner-title-visibility":"","ast-main-header-display":"","ast-hfb-above-header-display":"","ast-hfb-below-header-display":"","ast-hfb-mobile-header-display":"","site-post-title":"","ast-breadcrumbs-content":"","ast-featured-img":"","footer-sml-layout":"","theme-transparent-header-meta":"default","adv-header-id-meta":"","stick-header-meta":"","header-above-stick-meta":"","header-main-stick-meta":"","header-below-stick-meta":"","astra-migrate-meta-layouts":"set","ast-page-background-enabled":"default","ast-page-background-meta":{"desktop":{"background-color":"","background-image":"","background-repeat":"repeat","background-position":"center center","background-size":"auto","background-attachment":"scroll","background-type":"","background-media":"","overlay-type":"","overlay-color":"","overlay-opacity":"","overlay-gradient":""},"tablet":{"background-color":"","background-image":"","background-repeat":"repeat","background-position":"center center","background-size":"auto","background-attachment":"scroll","background-type":"","background-media":"","overlay-type":"","overlay-color":"","overlay-opacity":"","overlay-gradient":""},"mobile":{"background-color":"","background-image":"","background-repeat":"repeat","background-position":"center center","background-size":"auto","background-attachment":"scroll","background-type":"","background-media":"","overlay-type":"","overlay-color":"","overlay-opacity":"","overlay-gradient":""}},"ast-content-background-meta":{"desktop":{"background-color":"var(--ast-global-color-5)","background-image":"","background-repeat":"repeat","background-position":"center center","background-size":"auto","background-attachment":"scroll","background-type":"","background-media":"","overlay-type":"","overlay-color":"","overlay-opacity":"","overlay-gradient":""},"tablet":{"background-color":"var(--ast-global-color-5)","background-image":"","background-repeat":"repeat","background-position":"center center","background-size":"auto","background-attachment":"scroll","background-type":"","background-media":"","overlay-type":"","overlay-color":"","overlay-opacity":"","overlay-gradient":""},"mobile":{"background-color":"var(--ast-global-color-5)","background-image":"","background-repeat":"repeat","background-position":"center center","background-size":"auto","background-attachment":"scroll","background-type":"","background-media":"","overlay-type":"","overlay-color":"","overlay-opacity":"","overlay-gradient":""}}},"product_brand":[],"product_cat":[41,50],"product_tag":[],"class_list":{"0":"post-2036","1":"product","2":"type-product","3":"status-publish","4":"has-post-thumbnail","6":"product_cat-rikke-falkow-knits","7":"product_cat-shop-rikke-falkow","8":"desktop-align-left","9":"tablet-align-left","10":"mobile-align-left","12":"first","13":"instock","14":"taxable","15":"shipping-taxable","16":"purchasable","17":"product-type-variable"},"uagb_featured_image_src":{"full":["https:\/\/ultimo.dk\/wp-content\/uploads\/2022\/04\/cscgW0Ds.jpeg",512,512,false],"thumbnail":["https:\/\/ultimo.dk\/wp-content\/uploads\/2022\/04\/cscgW0Ds-150x150.jpeg",150,150,true],"medium":["https:\/\/ultimo.dk\/wp-content\/uploads\/2022\/04\/cscgW0Ds-300x300.jpeg",300,300,true],"medium_large":["https:\/\/ultimo.dk\/wp-content\/uploads\/2022\/04\/cscgW0Ds.jpeg",512,512,false],"large":["https:\/\/ultimo.dk\/wp-content\/uploads\/2022\/04\/cscgW0Ds.jpeg",512,512,false],"1536x1536":["https:\/\/ultimo.dk\/wp-content\/uploads\/2022\/04\/cscgW0Ds.jpeg",512,512,false],"2048x2048":["https:\/\/ultimo.dk\/wp-content\/uploads\/2022\/04\/cscgW0Ds.jpeg",512,512,false],"trp-custom-language-flag":["https:\/\/ultimo.dk\/wp-content\/uploads\/2022\/04\/cscgW0Ds-12x12.jpeg",12,12,true],"woocommerce_thumbnail":["https:\/\/ultimo.dk\/wp-content\/uploads\/2022\/04\/cscgW0Ds-300x300.jpeg",300,300,true],"woocommerce_single":["https:\/\/ultimo.dk\/wp-content\/uploads\/2022\/04\/cscgW0Ds.jpeg",512,512,false],"woocommerce_gallery_thumbnail":["https:\/\/ultimo.dk\/wp-content\/uploads\/2022\/04\/cscgW0Ds-100x100.jpeg",100,100,true]},"uagb_author_info":{"display_name":"admin","author_link":"https:\/\/ultimo.dk\/en\/author\/"},"uagb_comment_info":0,"uagb_excerpt":"Klassisk sweater i ren ufarvet svensk gotlandsuld. F\u00e5s i gr\u00e5, m\u00f8rkegr\u00e5, m\u00f8rkebrun og hvid","jetpack_sharing_enabled":true,"_links":{"self":[{"href":"https:\/\/ultimo.dk\/en\/wp-json\/wp\/v2\/product\/2036","targetHints":{"allow":["GET"]}}],"collection":[{"href":"https:\/\/ultimo.dk\/en\/wp-json\/wp\/v2\/product"}],"about":[{"href":"https:\/\/ultimo.dk\/en\/wp-json\/wp\/v2\/types\/product"}],"wp:featuredmedia":[{"embeddable":true,"href":"https:\/\/ultimo.dk\/en\/wp-json\/wp\/v2\/media\/4476"}],"wp:attachment":[{"href":"https:\/\/ultimo.dk\/en\/wp-json\/wp\/v2\/media?parent=2036"}],"wp:term":[{"taxonomy":"product_brand","embeddable":true,"href":"https:\/\/ultimo.dk\/en\/wp-json\/wp\/v2\/product_brand?post=2036"},{"taxonomy":"product_cat","embeddable":true,"href":"https:\/\/ultimo.dk\/en\/wp-json\/wp\/v2\/product_cat?post=2036"},{"taxonomy":"product_tag","embeddable":true,"href":"https:\/\/ultimo.dk\/en\/wp-json\/wp\/v2\/product_tag?post=2036"}],"curies":[{"name":"wp","href":"https:\/\/api.w.org\/{rel}","templated":true}]}}