{"id":991,"date":"2022-03-08T13:04:12","date_gmt":"2022-03-08T13:04:12","guid":{"rendered":"http:\/\/redesign-ultimo.local\/?page_id=991"},"modified":"2025-08-28T13:37:39","modified_gmt":"2025-08-28T13:37:39","slug":"shaker","status":"publish","type":"page","link":"https:\/\/ultimo.dk\/en\/shaker\/","title":{"rendered":"SHAKER"},"content":{"rendered":"<div data-elementor-type=\"wp-page\" data-elementor-id=\"991\" class=\"elementor elementor-991\">\n\t\t\t\t\t\t<section class=\"has_eae_slider elementor-section elementor-top-section elementor-element elementor-element-72389da elementor-section-boxed elementor-section-height-default elementor-section-height-default\" data-eae-slider=\"9988\" data-id=\"72389da\" data-element_type=\"section\" data-e-type=\"section\">\n\t\t\t\t\t\t<div class=\"elementor-container elementor-column-gap-default\">\n\t\t\t\t\t<div class=\"has_eae_slider elementor-column elementor-col-100 elementor-top-column elementor-element elementor-element-743a4b0\" data-eae-slider=\"74557\" data-id=\"743a4b0\" data-element_type=\"column\" data-e-type=\"column\">\n\t\t\t<div class=\"elementor-widget-wrap elementor-element-populated\">\n\t\t\t\t\t\t<div class=\"elementor-element elementor-element-3164f73 elementor-widget elementor-widget-spacer\" data-id=\"3164f73\" data-element_type=\"widget\" data-e-type=\"widget\" data-widget_type=\"spacer.default\">\n\t\t\t\t<div class=\"elementor-widget-container\">\n\t\t\t\t\t\t\t<div class=\"elementor-spacer\">\n\t\t\t<div class=\"elementor-spacer-inner\"><\/div>\n\t\t<\/div>\n\t\t\t\t\t\t<\/div>\n\t\t\t\t<\/div>\n\t\t\t\t\t<\/div>\n\t\t<\/div>\n\t\t\t\t\t<\/div>\n\t\t<\/section>\n\t\t\t\t<section class=\"has_eae_slider elementor-section elementor-top-section elementor-element elementor-element-b8bcf13 elementor-section-boxed elementor-section-height-default elementor-section-height-default\" data-eae-slider=\"9714\" data-id=\"b8bcf13\" data-element_type=\"section\" data-e-type=\"section\">\n\t\t\t\t\t\t<div class=\"elementor-container elementor-column-gap-default\">\n\t\t\t\t\t<div class=\"has_eae_slider elementor-column elementor-col-50 elementor-top-column elementor-element elementor-element-abd8886\" data-eae-slider=\"79343\" data-id=\"abd8886\" data-element_type=\"column\" data-e-type=\"column\">\n\t\t\t<div class=\"elementor-widget-wrap elementor-element-populated\">\n\t\t\t\t\t\t<div class=\"elementor-element elementor-element-cd88f89 elementor-widget elementor-widget-heading\" data-id=\"cd88f89\" data-element_type=\"widget\" data-e-type=\"widget\" data-widget_type=\"heading.default\">\n\t\t\t\t<div class=\"elementor-widget-container\">\n\t\t\t\t\t<h4 class=\"elementor-heading-title elementor-size-default\">SHAKER<\/h4>\t\t\t\t<\/div>\n\t\t\t\t<\/div>\n\t\t\t\t\t<\/div>\n\t\t<\/div>\n\t\t\t\t<div class=\"has_eae_slider elementor-column elementor-col-50 elementor-top-column elementor-element elementor-element-3a804fd\" data-eae-slider=\"61089\" data-id=\"3a804fd\" data-element_type=\"column\" data-e-type=\"column\">\n\t\t\t<div class=\"elementor-widget-wrap\">\n\t\t\t\t\t\t\t<\/div>\n\t\t<\/div>\n\t\t\t\t\t<\/div>\n\t\t<\/section>\n\t\t\t\t<section class=\"has_eae_slider elementor-section elementor-top-section elementor-element elementor-element-fe58b50 elementor-section-boxed elementor-section-height-default elementor-section-height-default\" data-eae-slider=\"50659\" data-id=\"fe58b50\" data-element_type=\"section\" data-e-type=\"section\">\n\t\t\t\t\t\t<div class=\"elementor-container elementor-column-gap-default\">\n\t\t\t\t\t<div class=\"has_eae_slider elementor-column elementor-col-100 elementor-top-column elementor-element elementor-element-aef2cd1\" data-eae-slider=\"15347\" data-id=\"aef2cd1\" data-element_type=\"column\" data-e-type=\"column\">\n\t\t\t<div class=\"elementor-widget-wrap elementor-element-populated\">\n\t\t\t\t\t\t<div class=\"elementor-element elementor-element-f209a11 elementor-widget elementor-widget-text-editor\" data-id=\"f209a11\" data-element_type=\"widget\" data-e-type=\"widget\" data-widget_type=\"text-editor.default\">\n\t\t\t\t<div class=\"elementor-widget-container\">\n\t\t\t\t\t\t\t\t\t<div style=\"font-size: 15px; color: var(--ast-global-color-3);\"><p>SHAKER by RIKKE FALKOW is the essence of classic craftsmanship and timeless design. The Shakers\u2019 craftsmanship expresses the original ideals of purity, order, and durability, and the more than 250-year-old design continues to remain relevant.<\/p><p><span style=\"font-size: 15px; color: var(--ast-global-color-3);\">The Shakers were an American religious sect founded in the 18th century by the Englishwoman Ann Lee. They are known for their unique way of life, based on equality and community, for the quality and simplicity of their craftsmanship, and for their worship through dancing. Today, Shaker communities exist as museums, and their unique furniture and craftsmanship have been preserved. The Shakers focused on purity and simplicity in all aspects of life and had, among other things, thorough cleaning routines in the home. They lived by strict routines, which, among other things, dictated that things should be put away immediately. Their craftsmanship supported the need for order and cleanliness. Today, Shaker furniture and accessories are still produced according to the original drawings and traditional methods. The more than 250-year-old Shaker design remains just as relevant today\u2014clean lines and simple design are timeless.<\/span><\/p><div style=\"text-align: center; margin-top: 15px;\"><a style=\"color: #00464e; font-size: 20px; font-weight: bold;\" href=\"https:\/\/ultimo.dk\/en\/shaker_catalogue\/\" target=\"_blank\" rel=\"noopener noreferrer\"><br \/>Click here for catalogue<br \/><\/a><\/div><\/div>\t\t\t\t\t\t\t\t<\/div>\n\t\t\t\t<\/div>\n\t\t\t\t\t<\/div>\n\t\t<\/div>\n\t\t\t\t\t<\/div>\n\t\t<\/section>\n\t\t\t\t<section class=\"has_eae_slider elementor-section elementor-top-section elementor-element elementor-element-6b44ea5 elementor-section-boxed elementor-section-height-default elementor-section-height-default\" data-eae-slider=\"49343\" data-id=\"6b44ea5\" data-element_type=\"section\" data-e-type=\"section\">\n\t\t\t\t\t\t<div class=\"elementor-container elementor-column-gap-default\">\n\t\t\t\t\t<div class=\"has_eae_slider elementor-column elementor-col-100 elementor-top-column elementor-element elementor-element-0dcf963\" data-eae-slider=\"74270\" data-id=\"0dcf963\" data-element_type=\"column\" data-e-type=\"column\">\n\t\t\t<div class=\"elementor-widget-wrap elementor-element-populated\">\n\t\t\t\t\t\t<div class=\"elementor-element elementor-element-eb9d394 elementor-widget elementor-widget-spacer\" data-id=\"eb9d394\" data-element_type=\"widget\" data-e-type=\"widget\" data-widget_type=\"spacer.default\">\n\t\t\t\t<div class=\"elementor-widget-container\">\n\t\t\t\t\t\t\t<div class=\"elementor-spacer\">\n\t\t\t<div class=\"elementor-spacer-inner\"><\/div>\n\t\t<\/div>\n\t\t\t\t\t\t<\/div>\n\t\t\t\t<\/div>\n\t\t\t\t\t<\/div>\n\t\t<\/div>\n\t\t\t\t\t<\/div>\n\t\t<\/section>\n\t\t\t\t<section class=\"has_eae_slider elementor-section elementor-top-section elementor-element elementor-element-8ed58ad elementor-section-boxed elementor-section-height-default elementor-section-height-default\" data-eae-slider=\"4164\" data-id=\"8ed58ad\" data-element_type=\"section\" data-e-type=\"section\">\n\t\t\t\t\t\t<div class=\"elementor-container elementor-column-gap-default\">\n\t\t\t\t\t<div class=\"has_eae_slider elementor-column elementor-col-50 elementor-top-column elementor-element elementor-element-67a3227\" data-eae-slider=\"98561\" data-id=\"67a3227\" data-element_type=\"column\" data-e-type=\"column\">\n\t\t\t<div class=\"elementor-widget-wrap elementor-element-populated\">\n\t\t\t\t\t\t<div class=\"elementor-element elementor-element-30bc3cd elementor-widget elementor-widget-image\" data-id=\"30bc3cd\" data-element_type=\"widget\" data-e-type=\"widget\" data-widget_type=\"image.default\">\n\t\t\t\t<div class=\"elementor-widget-container\">\n\t\t\t\t\t\t\t\t\t\t\t\t\t\t\t\t<a href=\"https:\/\/ultimo.dk\/en\/product\/shaker-jewlry-box\/\">\n\t\t\t\t\t\t\t<img fetchpriority=\"high\" decoding=\"async\" width=\"768\" height=\"768\" src=\"https:\/\/ultimo.dk\/wp-content\/uploads\/2023\/12\/RIKKE_FALKOW_20230929_008_lowres-1-768x768.jpeg\" class=\"attachment-medium_large size-medium_large wp-image-5330\" alt=\"\" srcset=\"https:\/\/ultimo.dk\/wp-content\/uploads\/2023\/12\/RIKKE_FALKOW_20230929_008_lowres-1-768x768.jpeg 768w, https:\/\/ultimo.dk\/wp-content\/uploads\/2023\/12\/RIKKE_FALKOW_20230929_008_lowres-1-300x300.jpeg 300w, https:\/\/ultimo.dk\/wp-content\/uploads\/2023\/12\/RIKKE_FALKOW_20230929_008_lowres-1-1024x1024.jpeg 1024w, https:\/\/ultimo.dk\/wp-content\/uploads\/2023\/12\/RIKKE_FALKOW_20230929_008_lowres-1-150x150.jpeg 150w, https:\/\/ultimo.dk\/wp-content\/uploads\/2023\/12\/RIKKE_FALKOW_20230929_008_lowres-1-12x12.jpeg 12w, https:\/\/ultimo.dk\/wp-content\/uploads\/2023\/12\/RIKKE_FALKOW_20230929_008_lowres-1-600x600.jpeg 600w, https:\/\/ultimo.dk\/wp-content\/uploads\/2023\/12\/RIKKE_FALKOW_20230929_008_lowres-1-100x100.jpeg 100w, https:\/\/ultimo.dk\/wp-content\/uploads\/2023\/12\/RIKKE_FALKOW_20230929_008_lowres-1.jpeg 1500w\" sizes=\"(max-width: 768px) 100vw, 768px\" \/>\t\t\t\t\t\t\t\t<\/a>\n\t\t\t\t\t\t\t\t\t\t\t\t\t\t\t<\/div>\n\t\t\t\t<\/div>\n\t\t\t\t<div class=\"elementor-element elementor-element-b771446 elementor-widget elementor-widget-image\" data-id=\"b771446\" data-element_type=\"widget\" data-e-type=\"widget\" data-widget_type=\"image.default\">\n\t\t\t\t<div class=\"elementor-widget-container\">\n\t\t\t\t\t\t\t\t\t\t\t\t\t\t\t\t<a href=\"https:\/\/ultimo.dk\/en\/product\/shaker-strikkeaeske-33-cm-knitters-boxes-33-cm\/\">\n\t\t\t\t\t\t\t<img decoding=\"async\" width=\"768\" height=\"768\" src=\"https:\/\/ultimo.dk\/wp-content\/uploads\/2023\/12\/RIKKE_FALKOW_20230929_007_lowres-1-768x768.jpeg\" class=\"attachment-medium_large size-medium_large wp-image-5331\" alt=\"\" srcset=\"https:\/\/ultimo.dk\/wp-content\/uploads\/2023\/12\/RIKKE_FALKOW_20230929_007_lowres-1-768x768.jpeg 768w, https:\/\/ultimo.dk\/wp-content\/uploads\/2023\/12\/RIKKE_FALKOW_20230929_007_lowres-1-300x300.jpeg 300w, https:\/\/ultimo.dk\/wp-content\/uploads\/2023\/12\/RIKKE_FALKOW_20230929_007_lowres-1-1024x1024.jpeg 1024w, https:\/\/ultimo.dk\/wp-content\/uploads\/2023\/12\/RIKKE_FALKOW_20230929_007_lowres-1-150x150.jpeg 150w, https:\/\/ultimo.dk\/wp-content\/uploads\/2023\/12\/RIKKE_FALKOW_20230929_007_lowres-1-12x12.jpeg 12w, https:\/\/ultimo.dk\/wp-content\/uploads\/2023\/12\/RIKKE_FALKOW_20230929_007_lowres-1-600x600.jpeg 600w, https:\/\/ultimo.dk\/wp-content\/uploads\/2023\/12\/RIKKE_FALKOW_20230929_007_lowres-1-100x100.jpeg 100w, https:\/\/ultimo.dk\/wp-content\/uploads\/2023\/12\/RIKKE_FALKOW_20230929_007_lowres-1.jpeg 1500w\" sizes=\"(max-width: 768px) 100vw, 768px\" \/>\t\t\t\t\t\t\t\t<\/a>\n\t\t\t\t\t\t\t\t\t\t\t\t\t\t\t<\/div>\n\t\t\t\t<\/div>\n\t\t\t\t\t<\/div>\n\t\t<\/div>\n\t\t\t\t<div class=\"has_eae_slider elementor-column elementor-col-50 elementor-top-column elementor-element elementor-element-fa67052\" data-eae-slider=\"517\" data-id=\"fa67052\" data-element_type=\"column\" data-e-type=\"column\">\n\t\t\t<div class=\"elementor-widget-wrap elementor-element-populated\">\n\t\t\t\t\t\t<div class=\"elementor-element elementor-element-671c33e elementor-widget elementor-widget-image\" data-id=\"671c33e\" data-element_type=\"widget\" data-e-type=\"widget\" data-widget_type=\"image.default\">\n\t\t\t\t<div class=\"elementor-widget-container\">\n\t\t\t\t\t\t\t\t\t\t\t\t\t\t\t\t<a href=\"https:\/\/ultimo.dk\/en\/product-category\/shaker-by-rikke-falkow\/\">\n\t\t\t\t\t\t\t<img decoding=\"async\" width=\"768\" height=\"867\" src=\"https:\/\/ultimo.dk\/wp-content\/uploads\/2025\/08\/Frame-41-768x867.jpg\" class=\"attachment-medium_large size-medium_large wp-image-5930\" alt=\"\" srcset=\"https:\/\/ultimo.dk\/wp-content\/uploads\/2025\/08\/Frame-41-768x867.jpg 768w, https:\/\/ultimo.dk\/wp-content\/uploads\/2025\/08\/Frame-41-266x300.jpg 266w, https:\/\/ultimo.dk\/wp-content\/uploads\/2025\/08\/Frame-41-907x1024.jpg 907w, https:\/\/ultimo.dk\/wp-content\/uploads\/2025\/08\/Frame-41-1360x1536.jpg 1360w, https:\/\/ultimo.dk\/wp-content\/uploads\/2025\/08\/Frame-41-11x12.jpg 11w, https:\/\/ultimo.dk\/wp-content\/uploads\/2025\/08\/Frame-41-600x677.jpg 600w, https:\/\/ultimo.dk\/wp-content\/uploads\/2025\/08\/Frame-41.jpg 1417w\" sizes=\"(max-width: 768px) 100vw, 768px\" \/>\t\t\t\t\t\t\t\t<\/a>\n\t\t\t\t\t\t\t\t\t\t\t\t\t\t\t<\/div>\n\t\t\t\t<\/div>\n\t\t\t\t\t<\/div>\n\t\t<\/div>\n\t\t\t\t\t<\/div>\n\t\t<\/section>\n\t\t\t\t<section class=\"has_eae_slider elementor-section elementor-top-section elementor-element elementor-element-c47ff68 elementor-section-boxed elementor-section-height-default elementor-section-height-default\" data-eae-slider=\"94126\" data-id=\"c47ff68\" data-element_type=\"section\" data-e-type=\"section\">\n\t\t\t\t\t\t<div class=\"elementor-container elementor-column-gap-default\">\n\t\t\t\t\t<div class=\"has_eae_slider elementor-column elementor-col-50 elementor-top-column elementor-element elementor-element-0de896a\" data-eae-slider=\"57190\" data-id=\"0de896a\" data-element_type=\"column\" data-e-type=\"column\">\n\t\t\t<div class=\"elementor-widget-wrap elementor-element-populated\">\n\t\t\t\t\t\t<div class=\"elementor-element elementor-element-ab7d771 elementor-widget elementor-widget-image\" data-id=\"ab7d771\" data-element_type=\"widget\" data-e-type=\"widget\" data-widget_type=\"image.default\">\n\t\t\t\t<div class=\"elementor-widget-container\">\n\t\t\t\t\t\t\t\t\t\t\t\t\t\t\t\t<a href=\"https:\/\/ultimo.dk\/en\/product-category\/shaker-by-rikke-falkow\/\">\n\t\t\t\t\t\t\t<img loading=\"lazy\" decoding=\"async\" width=\"768\" height=\"849\" src=\"https:\/\/ultimo.dk\/wp-content\/uploads\/2025\/08\/Frame-40-1-768x849.jpg\" class=\"attachment-medium_large size-medium_large wp-image-5929\" alt=\"\" srcset=\"https:\/\/ultimo.dk\/wp-content\/uploads\/2025\/08\/Frame-40-1-768x849.jpg 768w, https:\/\/ultimo.dk\/wp-content\/uploads\/2025\/08\/Frame-40-1-271x300.jpg 271w, https:\/\/ultimo.dk\/wp-content\/uploads\/2025\/08\/Frame-40-1-926x1024.jpg 926w, https:\/\/ultimo.dk\/wp-content\/uploads\/2025\/08\/Frame-40-1-1389x1536.jpg 1389w, https:\/\/ultimo.dk\/wp-content\/uploads\/2025\/08\/Frame-40-1-11x12.jpg 11w, https:\/\/ultimo.dk\/wp-content\/uploads\/2025\/08\/Frame-40-1-600x663.jpg 600w, https:\/\/ultimo.dk\/wp-content\/uploads\/2025\/08\/Frame-40-1.jpg 1447w\" sizes=\"(max-width: 768px) 100vw, 768px\" \/>\t\t\t\t\t\t\t\t<\/a>\n\t\t\t\t\t\t\t\t\t\t\t\t\t\t\t<\/div>\n\t\t\t\t<\/div>\n\t\t\t\t\t<\/div>\n\t\t<\/div>\n\t\t\t\t<div class=\"has_eae_slider elementor-column elementor-col-50 elementor-top-column elementor-element elementor-element-ad24e53\" data-eae-slider=\"72119\" data-id=\"ad24e53\" data-element_type=\"column\" data-e-type=\"column\">\n\t\t\t<div class=\"elementor-widget-wrap elementor-element-populated\">\n\t\t\t\t\t\t<div class=\"elementor-element elementor-element-5122aef elementor-widget elementor-widget-image\" data-id=\"5122aef\" data-element_type=\"widget\" data-e-type=\"widget\" data-widget_type=\"image.default\">\n\t\t\t\t<div class=\"elementor-widget-container\">\n\t\t\t\t\t\t\t\t\t\t\t\t\t\t\t<img loading=\"lazy\" decoding=\"async\" width=\"768\" height=\"768\" src=\"https:\/\/ultimo.dk\/wp-content\/uploads\/2025\/08\/RIKKE_FALKOW_20231220_012_lowres-2-2-768x768.png\" class=\"attachment-medium_large size-medium_large wp-image-5935\" alt=\"\" srcset=\"https:\/\/ultimo.dk\/wp-content\/uploads\/2025\/08\/RIKKE_FALKOW_20231220_012_lowres-2-2-768x768.png 768w, https:\/\/ultimo.dk\/wp-content\/uploads\/2025\/08\/RIKKE_FALKOW_20231220_012_lowres-2-2-300x300.png 300w, https:\/\/ultimo.dk\/wp-content\/uploads\/2025\/08\/RIKKE_FALKOW_20231220_012_lowres-2-2-1024x1024.png 1024w, https:\/\/ultimo.dk\/wp-content\/uploads\/2025\/08\/RIKKE_FALKOW_20231220_012_lowres-2-2-150x150.png 150w, https:\/\/ultimo.dk\/wp-content\/uploads\/2025\/08\/RIKKE_FALKOW_20231220_012_lowres-2-2-12x12.png 12w, https:\/\/ultimo.dk\/wp-content\/uploads\/2025\/08\/RIKKE_FALKOW_20231220_012_lowres-2-2-600x600.png 600w, https:\/\/ultimo.dk\/wp-content\/uploads\/2025\/08\/RIKKE_FALKOW_20231220_012_lowres-2-2-100x100.png 100w, https:\/\/ultimo.dk\/wp-content\/uploads\/2025\/08\/RIKKE_FALKOW_20231220_012_lowres-2-2.png 1500w\" sizes=\"(max-width: 768px) 100vw, 768px\" \/>\t\t\t\t\t\t\t\t\t\t\t\t\t\t\t<\/div>\n\t\t\t\t<\/div>\n\t\t\t\t<div class=\"elementor-element elementor-element-acc7cba elementor-widget elementor-widget-image\" data-id=\"acc7cba\" data-element_type=\"widget\" data-e-type=\"widget\" data-widget_type=\"image.default\">\n\t\t\t\t<div class=\"elementor-widget-container\">\n\t\t\t\t\t\t\t\t\t\t\t\t\t\t\t\t<a href=\"https:\/\/ultimo.dk\/en\/product\/shaker-hogscraper-candlesticks\/\">\n\t\t\t\t\t\t\t<img loading=\"lazy\" decoding=\"async\" width=\"768\" height=\"867\" src=\"https:\/\/ultimo.dk\/wp-content\/uploads\/2022\/03\/Candlesticks-basket-768x867.jpg\" class=\"attachment-medium_large size-medium_large wp-image-1114\" alt=\"\" srcset=\"https:\/\/ultimo.dk\/wp-content\/uploads\/2022\/03\/Candlesticks-basket-768x867.jpg 768w, https:\/\/ultimo.dk\/wp-content\/uploads\/2022\/03\/Candlesticks-basket-266x300.jpg 266w, https:\/\/ultimo.dk\/wp-content\/uploads\/2022\/03\/Candlesticks-basket-907x1024.jpg 907w, https:\/\/ultimo.dk\/wp-content\/uploads\/2022\/03\/Candlesticks-basket-600x677.jpg 600w, https:\/\/ultimo.dk\/wp-content\/uploads\/2022\/03\/Candlesticks-basket.jpg 1241w\" sizes=\"(max-width: 768px) 100vw, 768px\" \/>\t\t\t\t\t\t\t\t<\/a>\n\t\t\t\t\t\t\t\t\t\t\t\t\t\t\t<\/div>\n\t\t\t\t<\/div>\n\t\t\t\t\t<\/div>\n\t\t<\/div>\n\t\t\t\t\t<\/div>\n\t\t<\/section>\n\t\t\t\t<\/div>","protected":false},"excerpt":{"rendered":"<p>SHAKER SHAKER by RIKKE FALKOW er essensen af klassisk h\u00e5ndv\u00e6rk og tidl\u00f8st design. Shakernes h\u00e5ndv\u00e6rk udtrykker de oprindelige idealer om renhed, orden og holdbarhed og det mere end 250 \u00e5r gamle design bliver ved med at v\u00e6re relevant. Shakerne var en amerikansk religi\u00f8s kult, der blev grundlagt i 1700-tallet af engl\u00e6nderen Ann-Lee. De er kendt [&hellip;]<\/p>\n","protected":false},"author":1,"featured_media":0,"parent":0,"menu_order":0,"comment_status":"closed","ping_status":"closed","template":"","meta":{"_uag_custom_page_level_css":"","site-sidebar-layout":"no-sidebar","site-content-layout":"page-builder","ast-site-content-layout":"default","site-content-style":"default","site-sidebar-style":"default","ast-global-header-display":"","ast-banner-title-visibility":"","ast-main-header-display":"","ast-hfb-above-header-display":"","ast-hfb-below-header-display":"","ast-hfb-mobile-header-display":"","site-post-title":"disabled","ast-breadcrumbs-content":"","ast-featured-img":"disabled","footer-sml-layout":"","theme-transparent-header-meta":"","adv-header-id-meta":"","stick-header-meta":"","header-above-stick-meta":"","header-main-stick-meta":"","header-below-stick-meta":"","astra-migrate-meta-layouts":"default","ast-page-background-enabled":"default","ast-page-background-meta":{"desktop":{"background-color":"","background-image":"","background-repeat":"repeat","background-position":"center center","background-size":"auto","background-attachment":"scroll","background-type":"","background-media":"","overlay-type":"","overlay-color":"","overlay-opacity":"","overlay-gradient":""},"tablet":{"background-color":"","background-image":"","background-repeat":"repeat","background-position":"center center","background-size":"auto","background-attachment":"scroll","background-type":"","background-media":"","overlay-type":"","overlay-color":"","overlay-opacity":"","overlay-gradient":""},"mobile":{"background-color":"","background-image":"","background-repeat":"repeat","background-position":"center center","background-size":"auto","background-attachment":"scroll","background-type":"","background-media":"","overlay-type":"","overlay-color":"","overlay-opacity":"","overlay-gradient":""}},"ast-content-background-meta":{"desktop":{"background-color":"var(--ast-global-color-5)","background-image":"","background-repeat":"repeat","background-position":"center center","background-size":"auto","background-attachment":"scroll","background-type":"","background-media":"","overlay-type":"","overlay-color":"","overlay-opacity":"","overlay-gradient":""},"tablet":{"background-color":"var(--ast-global-color-5)","background-image":"","background-repeat":"repeat","background-position":"center center","background-size":"auto","background-attachment":"scroll","background-type":"","background-media":"","overlay-type":"","overlay-color":"","overlay-opacity":"","overlay-gradient":""},"mobile":{"background-color":"var(--ast-global-color-5)","background-image":"","background-repeat":"repeat","background-position":"center center","background-size":"auto","background-attachment":"scroll","background-type":"","background-media":"","overlay-type":"","overlay-color":"","overlay-opacity":"","overlay-gradient":""}},"footnotes":""},"class_list":["post-991","page","type-page","status-publish","hentry"],"uagb_featured_image_src":{"full":false,"thumbnail":false,"medium":false,"medium_large":false,"large":false,"1536x1536":false,"2048x2048":false,"trp-custom-language-flag":false,"woocommerce_thumbnail":false,"woocommerce_single":false,"woocommerce_gallery_thumbnail":false},"uagb_author_info":{"display_name":"admin","author_link":"https:\/\/ultimo.dk\/en\/author\/admin\/"},"uagb_comment_info":0,"uagb_excerpt":"SHAKER SHAKER by RIKKE FALKOW er essensen af klassisk h\u00e5ndv\u00e6rk og tidl\u00f8st design. Shakernes h\u00e5ndv\u00e6rk udtrykker de oprindelige idealer om renhed, orden og holdbarhed og det mere end 250 \u00e5r gamle design bliver ved med at v\u00e6re relevant. Shakerne var en amerikansk religi\u00f8s kult, der blev grundlagt i 1700-tallet af engl\u00e6nderen Ann-Lee. De er kendt&hellip;","jetpack_sharing_enabled":true,"_links":{"self":[{"href":"https:\/\/ultimo.dk\/en\/wp-json\/wp\/v2\/pages\/991","targetHints":{"allow":["GET"]}}],"collection":[{"href":"https:\/\/ultimo.dk\/en\/wp-json\/wp\/v2\/pages"}],"about":[{"href":"https:\/\/ultimo.dk\/en\/wp-json\/wp\/v2\/types\/page"}],"author":[{"embeddable":true,"href":"https:\/\/ultimo.dk\/en\/wp-json\/wp\/v2\/users\/1"}],"replies":[{"embeddable":true,"href":"https:\/\/ultimo.dk\/en\/wp-json\/wp\/v2\/comments?post=991"}],"version-history":[{"count":243,"href":"https:\/\/ultimo.dk\/en\/wp-json\/wp\/v2\/pages\/991\/revisions"}],"predecessor-version":[{"id":5968,"href":"https:\/\/ultimo.dk\/en\/wp-json\/wp\/v2\/pages\/991\/revisions\/5968"}],"wp:attachment":[{"href":"https:\/\/ultimo.dk\/en\/wp-json\/wp\/v2\/media?parent=991"}],"curies":[{"name":"wp","href":"https:\/\/api.w.org\/{rel}","templated":true}]}}