{"id":5028,"date":"2023-08-31T10:45:01","date_gmt":"2023-08-31T10:45:01","guid":{"rendered":"https:\/\/ultimo.dk\/?page_id=5028"},"modified":"2025-08-21T11:33:05","modified_gmt":"2025-08-21T11:33:05","slug":"om","status":"publish","type":"page","link":"https:\/\/ultimo.dk\/en\/om\/","title":{"rendered":"Om"},"content":{"rendered":"<div data-elementor-type=\"wp-page\" data-elementor-id=\"5028\" class=\"elementor elementor-5028\">\n\t\t\t\t\t\t<section class=\"has_eae_slider elementor-section elementor-top-section elementor-element elementor-element-f09dac2 elementor-section-boxed elementor-section-height-default elementor-section-height-default\" data-eae-slider=\"17298\" data-id=\"f09dac2\" data-element_type=\"section\" data-e-type=\"section\">\n\t\t\t\t\t\t<div class=\"elementor-container elementor-column-gap-default\">\n\t\t\t\t\t<div class=\"has_eae_slider elementor-column elementor-col-100 elementor-top-column elementor-element elementor-element-f5bff28\" data-eae-slider=\"54538\" data-id=\"f5bff28\" data-element_type=\"column\" data-e-type=\"column\">\n\t\t\t<div class=\"elementor-widget-wrap elementor-element-populated\">\n\t\t\t\t\t\t<div class=\"elementor-element elementor-element-f1d50b2 elementor-widget elementor-widget-spacer\" data-id=\"f1d50b2\" data-element_type=\"widget\" data-e-type=\"widget\" data-widget_type=\"spacer.default\">\n\t\t\t\t<div class=\"elementor-widget-container\">\n\t\t\t\t\t\t\t<div class=\"elementor-spacer\">\n\t\t\t<div class=\"elementor-spacer-inner\"><\/div>\n\t\t<\/div>\n\t\t\t\t\t\t<\/div>\n\t\t\t\t<\/div>\n\t\t\t\t\t<\/div>\n\t\t<\/div>\n\t\t\t\t\t<\/div>\n\t\t<\/section>\n\t\t\t\t<section class=\"has_eae_slider elementor-section elementor-top-section elementor-element elementor-element-343a32e elementor-section-boxed elementor-section-height-default elementor-section-height-default\" data-eae-slider=\"24197\" data-id=\"343a32e\" data-element_type=\"section\" data-e-type=\"section\">\n\t\t\t\t\t\t<div class=\"elementor-container elementor-column-gap-default\">\n\t\t\t\t\t<div class=\"has_eae_slider elementor-column elementor-col-50 elementor-top-column elementor-element elementor-element-53b0a8e\" data-eae-slider=\"34279\" data-id=\"53b0a8e\" data-element_type=\"column\" data-e-type=\"column\">\n\t\t\t<div class=\"elementor-widget-wrap elementor-element-populated\">\n\t\t\t\t\t\t<div class=\"elementor-element elementor-element-dbe3174 elementor-widget elementor-widget-heading\" data-id=\"dbe3174\" data-element_type=\"widget\" data-e-type=\"widget\" data-widget_type=\"heading.default\">\n\t\t\t\t<div class=\"elementor-widget-container\">\n\t\t\t\t\t<h2 class=\"elementor-heading-title elementor-size-default\">Om<\/h2>\t\t\t\t<\/div>\n\t\t\t\t<\/div>\n\t\t\t\t<div class=\"elementor-element elementor-element-125a489 elementor-widget elementor-widget-text-editor\" data-id=\"125a489\" data-element_type=\"widget\" data-e-type=\"widget\" data-widget_type=\"text-editor.default\">\n\t\t\t\t<div class=\"elementor-widget-container\">\n\t\t\t\t\t\t\t\t\t<div style=\"font-size: 15px; font-style: normal; font-weight: 400; color: var(--ast-global-color-3);\">\n  <p>\n    RIKKE FALKOW is a Danish architect and designer with a degree from the Royal Danish Academy. In 1995 Rikke Falkow founded ULTIMO Design to import and wholesale original American Shaker products. Since then, Ultimo Design has evolved in line with the Shaker philosophy and values of purity, durability and decency, and each new product added to the collection have been designed and developed with these ideals in mind. Today ULTIMO Design offers two separate collections: ULTIMO and RIKKE FALKOW.\n  <\/p>\n  <p>\n    <a href=\"http:\/\/ultimo.dk\/en\/rikke-falkow\/\">The RIKKE FALKOW collection<\/a> best\u00e5r af et eksklusivt udvalg af produkter i allerh\u00f8jeste kvalitet. Udgangspunktet for kollektionen er et enkelt og tidl\u00f8st design, rene og holdbare naturmaterialer og klassisk h\u00e5ndv\u00e6rk. Alle produkter er h\u00e5ndlavede af naturmaterialer, der patineres smukt og unikt. Det enkle og tidl\u00f8se design lader materialernes kvaliteter komme til udtryk og giver produkter, der kun bliver bedre med tiden.\n  <\/p>\n<\/div>\t\t\t\t\t\t\t\t<\/div>\n\t\t\t\t<\/div>\n\t\t\t\t\t<\/div>\n\t\t<\/div>\n\t\t\t\t<div class=\"has_eae_slider elementor-column elementor-col-50 elementor-top-column elementor-element elementor-element-87d74f1\" data-eae-slider=\"11065\" data-id=\"87d74f1\" data-element_type=\"column\" data-e-type=\"column\">\n\t\t\t<div class=\"elementor-widget-wrap elementor-element-populated\">\n\t\t\t\t\t\t<div class=\"elementor-element elementor-element-988fab8 elementor-widget elementor-widget-image\" data-id=\"988fab8\" data-element_type=\"widget\" data-e-type=\"widget\" data-widget_type=\"image.default\">\n\t\t\t\t<div class=\"elementor-widget-container\">\n\t\t\t\t\t\t\t\t\t\t\t\t\t\t\t<img fetchpriority=\"high\" decoding=\"async\" width=\"353\" height=\"425\" src=\"https:\/\/ultimo.dk\/wp-content\/uploads\/2022\/06\/Skaermbillede-2022-04-08-231744.png\" class=\"attachment-large size-large wp-image-3673\" alt=\"\" srcset=\"https:\/\/ultimo.dk\/wp-content\/uploads\/2022\/06\/Skaermbillede-2022-04-08-231744.png 353w, https:\/\/ultimo.dk\/wp-content\/uploads\/2022\/06\/Skaermbillede-2022-04-08-231744-249x300.png 249w\" sizes=\"(max-width: 353px) 100vw, 353px\" \/>\t\t\t\t\t\t\t\t\t\t\t\t\t\t\t<\/div>\n\t\t\t\t<\/div>\n\t\t\t\t\t<\/div>\n\t\t<\/div>\n\t\t\t\t\t<\/div>\n\t\t<\/section>\n\t\t\t\t<\/div>","protected":false},"excerpt":{"rendered":"<p>Om RIKKE FALKOW er en dansk arkitekt og designer bosat i R\u00f8rvig og kvinden bag ULTIMO Design. ULTIMO Design begyndte som import og engrossalg af originale amerikanske SHAKER produkter i 1995. I dag tilbyder ULTIMO Design to kollektioner inspireret af Shakernes livsfilosofi og v\u00e6rdier om enkelthed, anst\u00e6ndighed og holdbarhed. RIKKE FALKOW kollektionen best\u00e5r af et [&hellip;]<\/p>\n","protected":false},"author":1,"featured_media":0,"parent":0,"menu_order":0,"comment_status":"closed","ping_status":"closed","template":"","meta":{"_uag_custom_page_level_css":"","site-sidebar-layout":"no-sidebar","site-content-layout":"page-builder","ast-site-content-layout":"default","site-content-style":"default","site-sidebar-style":"default","ast-global-header-display":"","ast-banner-title-visibility":"","ast-main-header-display":"","ast-hfb-above-header-display":"","ast-hfb-below-header-display":"","ast-hfb-mobile-header-display":"","site-post-title":"disabled","ast-breadcrumbs-content":"","ast-featured-img":"disabled","footer-sml-layout":"","theme-transparent-header-meta":"","adv-header-id-meta":"","stick-header-meta":"","header-above-stick-meta":"","header-main-stick-meta":"","header-below-stick-meta":"","astra-migrate-meta-layouts":"default","ast-page-background-enabled":"default","ast-page-background-meta":{"desktop":{"background-color":"","background-image":"","background-repeat":"repeat","background-position":"center center","background-size":"auto","background-attachment":"scroll","background-type":"","background-media":"","overlay-type":"","overlay-color":"","overlay-opacity":"","overlay-gradient":""},"tablet":{"background-color":"","background-image":"","background-repeat":"repeat","background-position":"center center","background-size":"auto","background-attachment":"scroll","background-type":"","background-media":"","overlay-type":"","overlay-color":"","overlay-opacity":"","overlay-gradient":""},"mobile":{"background-color":"","background-image":"","background-repeat":"repeat","background-position":"center center","background-size":"auto","background-attachment":"scroll","background-type":"","background-media":"","overlay-type":"","overlay-color":"","overlay-opacity":"","overlay-gradient":""}},"ast-content-background-meta":{"desktop":{"background-color":"var(--ast-global-color-5)","background-image":"","background-repeat":"repeat","background-position":"center center","background-size":"auto","background-attachment":"scroll","background-type":"","background-media":"","overlay-type":"","overlay-color":"","overlay-opacity":"","overlay-gradient":""},"tablet":{"background-color":"var(--ast-global-color-5)","background-image":"","background-repeat":"repeat","background-position":"center center","background-size":"auto","background-attachment":"scroll","background-type":"","background-media":"","overlay-type":"","overlay-color":"","overlay-opacity":"","overlay-gradient":""},"mobile":{"background-color":"var(--ast-global-color-5)","background-image":"","background-repeat":"repeat","background-position":"center center","background-size":"auto","background-attachment":"scroll","background-type":"","background-media":"","overlay-type":"","overlay-color":"","overlay-opacity":"","overlay-gradient":""}},"footnotes":""},"class_list":["post-5028","page","type-page","status-publish","hentry"],"uagb_featured_image_src":{"full":false,"thumbnail":false,"medium":false,"medium_large":false,"large":false,"1536x1536":false,"2048x2048":false,"trp-custom-language-flag":false,"woocommerce_thumbnail":false,"woocommerce_single":false,"woocommerce_gallery_thumbnail":false},"uagb_author_info":{"display_name":"admin","author_link":"https:\/\/ultimo.dk\/en\/author\/admin\/"},"uagb_comment_info":0,"uagb_excerpt":"Om RIKKE FALKOW er en dansk arkitekt og designer bosat i R\u00f8rvig og kvinden bag ULTIMO Design. ULTIMO Design begyndte som import og engrossalg af originale amerikanske SHAKER produkter i 1995. I dag tilbyder ULTIMO Design to kollektioner inspireret af Shakernes livsfilosofi og v\u00e6rdier om enkelthed, anst\u00e6ndighed og holdbarhed. RIKKE FALKOW kollektionen best\u00e5r af et&hellip;","jetpack_sharing_enabled":true,"_links":{"self":[{"href":"https:\/\/ultimo.dk\/en\/wp-json\/wp\/v2\/pages\/5028","targetHints":{"allow":["GET"]}}],"collection":[{"href":"https:\/\/ultimo.dk\/en\/wp-json\/wp\/v2\/pages"}],"about":[{"href":"https:\/\/ultimo.dk\/en\/wp-json\/wp\/v2\/types\/page"}],"author":[{"embeddable":true,"href":"https:\/\/ultimo.dk\/en\/wp-json\/wp\/v2\/users\/1"}],"replies":[{"embeddable":true,"href":"https:\/\/ultimo.dk\/en\/wp-json\/wp\/v2\/comments?post=5028"}],"version-history":[{"count":17,"href":"https:\/\/ultimo.dk\/en\/wp-json\/wp\/v2\/pages\/5028\/revisions"}],"predecessor-version":[{"id":5723,"href":"https:\/\/ultimo.dk\/en\/wp-json\/wp\/v2\/pages\/5028\/revisions\/5723"}],"wp:attachment":[{"href":"https:\/\/ultimo.dk\/en\/wp-json\/wp\/v2\/media?parent=5028"}],"curies":[{"name":"wp","href":"https:\/\/api.w.org\/{rel}","templated":true}]}}