{"id":4047,"date":"2022-06-27T11:19:07","date_gmt":"2022-06-27T11:19:07","guid":{"rendered":"https:\/\/rikkefalkow.dk\/?page_id=4047"},"modified":"2025-08-21T11:42:51","modified_gmt":"2025-08-21T11:42:51","slug":"showroom","status":"publish","type":"page","link":"https:\/\/ultimo.dk\/en\/showroom\/","title":{"rendered":"showroom"},"content":{"rendered":"<div data-elementor-type=\"wp-page\" data-elementor-id=\"4047\" class=\"elementor elementor-4047\">\n\t\t\t\t\t\t<section class=\"has_eae_slider elementor-section elementor-top-section elementor-element elementor-element-165641a elementor-section-boxed elementor-section-height-default elementor-section-height-default\" data-eae-slider=\"39906\" data-id=\"165641a\" data-element_type=\"section\" data-e-type=\"section\">\n\t\t\t\t\t\t<div class=\"elementor-container elementor-column-gap-default\">\n\t\t\t\t\t<div class=\"has_eae_slider elementor-column elementor-col-100 elementor-top-column elementor-element elementor-element-ac24b49\" data-eae-slider=\"36786\" data-id=\"ac24b49\" data-element_type=\"column\" data-e-type=\"column\">\n\t\t\t<div class=\"elementor-widget-wrap elementor-element-populated\">\n\t\t\t\t\t\t<div class=\"elementor-element elementor-element-b3d5969 elementor-widget elementor-widget-spacer\" data-id=\"b3d5969\" data-element_type=\"widget\" data-e-type=\"widget\" data-widget_type=\"spacer.default\">\n\t\t\t\t<div class=\"elementor-widget-container\">\n\t\t\t\t\t\t\t<div class=\"elementor-spacer\">\n\t\t\t<div class=\"elementor-spacer-inner\"><\/div>\n\t\t<\/div>\n\t\t\t\t\t\t<\/div>\n\t\t\t\t<\/div>\n\t\t\t\t\t<\/div>\n\t\t<\/div>\n\t\t\t\t\t<\/div>\n\t\t<\/section>\n\t\t\t\t<section class=\"has_eae_slider elementor-section elementor-top-section elementor-element elementor-element-87b79c3 elementor-section-boxed elementor-section-height-default elementor-section-height-default\" data-eae-slider=\"22028\" data-id=\"87b79c3\" data-element_type=\"section\" data-e-type=\"section\">\n\t\t\t\t\t\t<div class=\"elementor-container elementor-column-gap-default\">\n\t\t\t\t\t<div class=\"has_eae_slider elementor-column elementor-col-50 elementor-top-column elementor-element elementor-element-7a13a59\" data-eae-slider=\"41248\" data-id=\"7a13a59\" data-element_type=\"column\" data-e-type=\"column\">\n\t\t\t<div class=\"elementor-widget-wrap elementor-element-populated\">\n\t\t\t\t\t\t<div class=\"elementor-element elementor-element-29ee385 elementor-widget elementor-widget-heading\" data-id=\"29ee385\" data-element_type=\"widget\" data-e-type=\"widget\" data-widget_type=\"heading.default\">\n\t\t\t\t<div class=\"elementor-widget-container\">\n\t\t\t\t\t<h2 class=\"elementor-heading-title elementor-size-default\">STORE AND SHOWROOM IN R\u00d8RVIG<\/h2>\t\t\t\t<\/div>\n\t\t\t\t<\/div>\n\t\t\t\t\t<\/div>\n\t\t<\/div>\n\t\t\t\t<div class=\"has_eae_slider elementor-column elementor-col-50 elementor-top-column elementor-element elementor-element-5e06ff5\" data-eae-slider=\"62166\" data-id=\"5e06ff5\" data-element_type=\"column\" data-e-type=\"column\">\n\t\t\t<div class=\"elementor-widget-wrap elementor-element-populated\">\n\t\t\t\t\t\t<div class=\"elementor-element elementor-element-4cc45b7 elementor-widget elementor-widget-spacer\" data-id=\"4cc45b7\" data-element_type=\"widget\" data-e-type=\"widget\" data-widget_type=\"spacer.default\">\n\t\t\t\t<div class=\"elementor-widget-container\">\n\t\t\t\t\t\t\t<div class=\"elementor-spacer\">\n\t\t\t<div class=\"elementor-spacer-inner\"><\/div>\n\t\t<\/div>\n\t\t\t\t\t\t<\/div>\n\t\t\t\t<\/div>\n\t\t\t\t\t<\/div>\n\t\t<\/div>\n\t\t\t\t\t<\/div>\n\t\t<\/section>\n\t\t\t\t<section class=\"has_eae_slider elementor-section elementor-top-section elementor-element elementor-element-42032ce elementor-section-boxed elementor-section-height-default elementor-section-height-default\" data-eae-slider=\"53833\" data-id=\"42032ce\" data-element_type=\"section\" data-e-type=\"section\">\n\t\t\t\t\t\t<div class=\"elementor-container elementor-column-gap-default\">\n\t\t\t\t\t<div class=\"has_eae_slider elementor-column elementor-col-50 elementor-top-column elementor-element elementor-element-30efaae\" data-eae-slider=\"7411\" data-id=\"30efaae\" data-element_type=\"column\" data-e-type=\"column\">\n\t\t\t<div class=\"elementor-widget-wrap elementor-element-populated\">\n\t\t\t\t\t\t<div class=\"elementor-element elementor-element-a6b35fa elementor-widget elementor-widget-text-editor\" data-id=\"a6b35fa\" data-element_type=\"widget\" data-e-type=\"widget\" data-widget_type=\"text-editor.default\">\n\t\t\t\t<div class=\"elementor-widget-container\">\n\t\t\t\t\t\t\t\t\t<div style=\"font-size: 15px; font-style: normal; font-weight: 400; color: var(--ast-global-color-3);\">\n  <p>\n    Visit me at the RIKKE FALKOW Store and Showroom in R\u00f8rvig. Here, I exhibit and sell my RIKKE FALKOW and SHAKER by RIKKE FALKOW collections, as well as a small exclusive selection of other products.\n  <\/p>\n  <p>\n    Toldbodvej 3<br>\n    4581 R\u00f8rvig<br>\n    Denmark\n  <\/p>\n<\/div>\n\t\t\t\t\t\t\t\t<\/div>\n\t\t\t\t<\/div>\n\t\t\t\t<div class=\"elementor-element elementor-element-f757dac elementor-widget elementor-widget-heading\" data-id=\"f757dac\" data-element_type=\"widget\" data-e-type=\"widget\" data-widget_type=\"heading.default\">\n\t\t\t\t<div class=\"elementor-widget-container\">\n\t\t\t\t\t<h5 class=\"elementor-heading-title elementor-size-default\">\u00c5BNINGSTIDER SOMMER 2025<\/h5>\t\t\t\t<\/div>\n\t\t\t\t<\/div>\n\t\t\t\t<div class=\"elementor-element elementor-element-a179fbe elementor-widget elementor-widget-text-editor\" data-id=\"a179fbe\" data-element_type=\"widget\" data-e-type=\"widget\" data-widget_type=\"text-editor.default\">\n\t\t\t\t<div class=\"elementor-widget-container\">\n\t\t\t\t\t\t\t\t\t<div style=\"font-size: 15px; font-style: normal; font-weight: 400; color: var(--ast-global-color-3);\">\n\n<p>\nL\u00f8rdag og s\u00f8ndag kl. 11 &#8211; 15\n<\/p>\n<p>\nAnd by request:<br>\nultimo@ultimo.dk<br>\n+45 40429002<\/span>\n<\/p>\n\n<\/div>\t\t\t\t\t\t\t\t<\/div>\n\t\t\t\t<\/div>\n\t\t\t\t\t<\/div>\n\t\t<\/div>\n\t\t\t\t<div class=\"has_eae_slider elementor-column elementor-col-50 elementor-top-column elementor-element elementor-element-0d8840b\" data-eae-slider=\"13201\" data-id=\"0d8840b\" data-element_type=\"column\" data-e-type=\"column\">\n\t\t\t<div class=\"elementor-widget-wrap elementor-element-populated\">\n\t\t\t\t\t\t<div class=\"elementor-element elementor-element-fab632a elementor-widget__width-initial elementor-widget elementor-widget-image\" data-id=\"fab632a\" data-element_type=\"widget\" data-e-type=\"widget\" data-widget_type=\"image.default\">\n\t\t\t\t<div class=\"elementor-widget-container\">\n\t\t\t\t\t\t\t\t\t\t\t\t\t\t\t<img fetchpriority=\"high\" decoding=\"async\" width=\"768\" height=\"1022\" src=\"https:\/\/ultimo.dk\/wp-content\/uploads\/2025\/08\/IMG_8523-768x1022.jpg\" class=\"attachment-medium_large size-medium_large wp-image-5726\" alt=\"\" srcset=\"https:\/\/ultimo.dk\/wp-content\/uploads\/2025\/08\/IMG_8523-768x1022.jpg 768w, https:\/\/ultimo.dk\/wp-content\/uploads\/2025\/08\/IMG_8523-225x300.jpg 225w, https:\/\/ultimo.dk\/wp-content\/uploads\/2025\/08\/IMG_8523-769x1024.jpg 769w, https:\/\/ultimo.dk\/wp-content\/uploads\/2025\/08\/IMG_8523-1154x1536.jpg 1154w, https:\/\/ultimo.dk\/wp-content\/uploads\/2025\/08\/IMG_8523-9x12.jpg 9w, https:\/\/ultimo.dk\/wp-content\/uploads\/2025\/08\/IMG_8523-600x799.jpg 600w, https:\/\/ultimo.dk\/wp-content\/uploads\/2025\/08\/IMG_8523.jpg 1290w\" sizes=\"(max-width: 768px) 100vw, 768px\" \/>\t\t\t\t\t\t\t\t\t\t\t\t\t\t\t<\/div>\n\t\t\t\t<\/div>\n\t\t\t\t\t<\/div>\n\t\t<\/div>\n\t\t\t\t\t<\/div>\n\t\t<\/section>\n\t\t\t\t<\/div>","protected":false},"excerpt":{"rendered":"<p>BUTIK OG SHOWROOM I R\u00d8RVIG Bes\u00f8g mig i RIKKE FALKOW Butik og Showroom i R\u00f8rvig. Her udstiller og s\u00e6lger jeg mine RIKKE FALKOW og SHAKER by RIKKE FALKOW kollektioner, samt et lille eksklusivt udvalg af andre produkter. Toldbodvej 3 4581 R\u00f8rvig Danmark \u00c5BNINGSTIDER SOMMER 2025 L\u00f8rdag og s\u00f8ndag kl. 11 &#8211; 15 Samt efter aftale: [&hellip;]<\/p>\n","protected":false},"author":1,"featured_media":0,"parent":0,"menu_order":0,"comment_status":"closed","ping_status":"closed","template":"","meta":{"_uag_custom_page_level_css":"","site-sidebar-layout":"no-sidebar","site-content-layout":"page-builder","ast-site-content-layout":"default","site-content-style":"default","site-sidebar-style":"default","ast-global-header-display":"","ast-banner-title-visibility":"","ast-main-header-display":"","ast-hfb-above-header-display":"","ast-hfb-below-header-display":"","ast-hfb-mobile-header-display":"","site-post-title":"disabled","ast-breadcrumbs-content":"","ast-featured-img":"disabled","footer-sml-layout":"","theme-transparent-header-meta":"","adv-header-id-meta":"","stick-header-meta":"","header-above-stick-meta":"","header-main-stick-meta":"","header-below-stick-meta":"","astra-migrate-meta-layouts":"default","ast-page-background-enabled":"default","ast-page-background-meta":{"desktop":{"background-color":"","background-image":"","background-repeat":"repeat","background-position":"center center","background-size":"auto","background-attachment":"scroll","background-type":"","background-media":"","overlay-type":"","overlay-color":"","overlay-opacity":"","overlay-gradient":""},"tablet":{"background-color":"","background-image":"","background-repeat":"repeat","background-position":"center center","background-size":"auto","background-attachment":"scroll","background-type":"","background-media":"","overlay-type":"","overlay-color":"","overlay-opacity":"","overlay-gradient":""},"mobile":{"background-color":"","background-image":"","background-repeat":"repeat","background-position":"center center","background-size":"auto","background-attachment":"scroll","background-type":"","background-media":"","overlay-type":"","overlay-color":"","overlay-opacity":"","overlay-gradient":""}},"ast-content-background-meta":{"desktop":{"background-color":"var(--ast-global-color-5)","background-image":"","background-repeat":"repeat","background-position":"center center","background-size":"auto","background-attachment":"scroll","background-type":"","background-media":"","overlay-type":"","overlay-color":"","overlay-opacity":"","overlay-gradient":""},"tablet":{"background-color":"var(--ast-global-color-5)","background-image":"","background-repeat":"repeat","background-position":"center center","background-size":"auto","background-attachment":"scroll","background-type":"","background-media":"","overlay-type":"","overlay-color":"","overlay-opacity":"","overlay-gradient":""},"mobile":{"background-color":"var(--ast-global-color-5)","background-image":"","background-repeat":"repeat","background-position":"center center","background-size":"auto","background-attachment":"scroll","background-type":"","background-media":"","overlay-type":"","overlay-color":"","overlay-opacity":"","overlay-gradient":""}},"footnotes":""},"class_list":["post-4047","page","type-page","status-publish","hentry"],"uagb_featured_image_src":{"full":false,"thumbnail":false,"medium":false,"medium_large":false,"large":false,"1536x1536":false,"2048x2048":false,"trp-custom-language-flag":false,"woocommerce_thumbnail":false,"woocommerce_single":false,"woocommerce_gallery_thumbnail":false},"uagb_author_info":{"display_name":"admin","author_link":"https:\/\/ultimo.dk\/en\/author\/admin\/"},"uagb_comment_info":0,"uagb_excerpt":"BUTIK OG SHOWROOM I R\u00d8RVIG Bes\u00f8g mig i RIKKE FALKOW Butik og Showroom i R\u00f8rvig. Her udstiller og s\u00e6lger jeg mine RIKKE FALKOW og SHAKER by RIKKE FALKOW kollektioner, samt et lille eksklusivt udvalg af andre produkter. Toldbodvej 3 4581 R\u00f8rvig Danmark \u00c5BNINGSTIDER SOMMER 2025 L\u00f8rdag og s\u00f8ndag kl. 11 &#8211; 15 Samt efter aftale:&hellip;","jetpack_sharing_enabled":true,"_links":{"self":[{"href":"https:\/\/ultimo.dk\/en\/wp-json\/wp\/v2\/pages\/4047","targetHints":{"allow":["GET"]}}],"collection":[{"href":"https:\/\/ultimo.dk\/en\/wp-json\/wp\/v2\/pages"}],"about":[{"href":"https:\/\/ultimo.dk\/en\/wp-json\/wp\/v2\/types\/page"}],"author":[{"embeddable":true,"href":"https:\/\/ultimo.dk\/en\/wp-json\/wp\/v2\/users\/1"}],"replies":[{"embeddable":true,"href":"https:\/\/ultimo.dk\/en\/wp-json\/wp\/v2\/comments?post=4047"}],"version-history":[{"count":50,"href":"https:\/\/ultimo.dk\/en\/wp-json\/wp\/v2\/pages\/4047\/revisions"}],"predecessor-version":[{"id":5729,"href":"https:\/\/ultimo.dk\/en\/wp-json\/wp\/v2\/pages\/4047\/revisions\/5729"}],"wp:attachment":[{"href":"https:\/\/ultimo.dk\/en\/wp-json\/wp\/v2\/media?parent=4047"}],"curies":[{"name":"wp","href":"https:\/\/api.w.org\/{rel}","templated":true}]}}